{"id":144104,"date":"2025-01-11T15:56:23","date_gmt":"2025-01-23T17:31:31","guid":{"rendered":"https:\/\/kingarms.ee\/product\/gaisa-sautenes-borders-n-06-bremzu-mucas-gaisa-sautene-45-mm-pilna-jauda\/"},"modified":"2025-08-02T14:46:04","modified_gmt":"2025-08-02T11:46:04","slug":"gaisa-sautenes-borders-n-06-bremzu-mucas-gaisa-sautene-45-mm-pilna-jauda","status":"publish","type":"product","link":"https:\/\/kingarms.ee\/lv\/product\/gaisa-sautenes-borders-n-06-bremzu-mucas-gaisa-sautene-45-mm-pilna-jauda\/","title":{"rendered":"Gaisa \u0161autenes borders N-06 brem\u017eu mucas gaisa \u0161autene 4,5 mm pilna jauda"},"content":{"rendered":"<p>Gaisa \u0161autenes borders N-06 brem\u017eu mucas gaisa \u0161autene 4,5 mm pilna jauda. Borner N-06 gaisa \u0161autene ir ori\u0123in\u0101la modifik\u0101cija no turku pneimatikas ra\u017eot\u0101ja, pavasara virzu\u013ca mode\u013ca ar salau\u017eo\u0161u mucu .177 (4,5 mm) kalibra. Produkts ir apr\u012bkots ar autom\u0101tisku dro\u0161in\u0101t\u0101ju, \u0161au\u0161anu veic ar svina lod\u0113m 4,5 mm kalibru. \u0160autenes muca ir izgatavota no t\u0113rauda, t\u0101pat k\u0101 citiem kritiskiem elementiem, un papildus tam ir anod\u0113ts p\u0101rkl\u0101jums, lai aizsarg\u0101tu pret korozijas procesiem. Muca un kr\u0101jumi ir izgatavoti no polim\u0113ra, kas nodro\u0161ina \u0161\u012b produkta iztur\u012bbu. Z\u012bmols: Borner. Gad\u012bjuma tips: \u0161autene. Darb\u012bba: l\u016bzums. Elektrostacija: pavasara virzulis. Kaliberis: .177 (4,5 mm). Maksim\u0101lais \u0101trums: 800 kadri sekund\u0113 (aptuveni 243 m\/s). Pielietojuma darb\u012bbas joma: Dovetail 11mm. Dro\u0161in\u0101t\u0101js: j\u0101. Muca: \u0161autene. Priek\u0161\u0113jais redze: ar Truglo optisko \u0161\u0137iedru. Aizmugur\u0113jais redz\u0113jums: regul\u0113jams ar Truglo \u0161\u0137iedru optiku. Ieteicams: sp\u0113l\u0113m\/izklaidei. Kr\u0101sa: melns, sint\u0113tisks materi\u0101ls. Kop\u0113jais garums: 45,25 collas (aptuveni 115 cm). Mucas garums: 17,7 collas (aptuveni 45 cm). Svars: 2,85 kg<\/p>\n","protected":false},"excerpt":{"rendered":"<p>Gaisa \u0161autenes borders N-06 brem\u017eu mucas gaisa \u0161autene 4,5 mm pilna jauda. Borner N-06 gaisa \u0161autene ir ori\u0123in\u0101la modifik\u0101cija no turku pneimatikas ra\u017eot\u0101ja, pavasara virzu\u013ca mode\u013ca ar salau\u017eo\u0161u mucu .177 (4,5 mm) kalibra. Produkts ir apr\u012bkots ar autom\u0101tisku dro\u0161in\u0101t\u0101ju, \u0161au\u0161anu veic ar svina lod\u0113m 4,5 mm kalibru. \u0160autenes muca ir izgatavota no t\u0113rauda, t\u0101pat k\u0101 citiem kritiskiem elementiem, un papildus tam ir anod\u0113ts p\u0101rkl\u0101jums, lai aizsarg\u0101tu pret korozijas procesiem. Muca un kr\u0101jumi ir izgatavoti no polim\u0113ra, kas nodro\u0161ina \u0161\u012b produkta iztur\u012bbu. Z\u012bmols: Borner. Gad\u012bjuma tips: \u0161autene. Darb\u012bba: l\u016bzums. Elektrostacija: pavasara virzulis. Kaliberis: .177 (4,5 mm). Maksim\u0101lais \u0101trums: 800 kadri sekund\u0113 (aptuveni 243 m\/s). Pielietojuma darb\u012bbas joma: Dovetail 11mm. Dro\u0161in\u0101t\u0101js: j\u0101. Muca: \u0161autene. Priek\u0161\u0113jais redze: ar Truglo optisko \u0161\u0137iedru. Aizmugur\u0113jais redz\u0113jums: regul\u0113jams ar Truglo \u0161\u0137iedru optiku. Ieteicams: sp\u0113l\u0113m\/izklaidei. Kr\u0101sa: melns, sint\u0113tisks materi\u0101ls. Kop\u0113jais garums: 45,25 collas (aptuveni 115 cm). Mucas garums: 17,7 collas (aptuveni 45 cm). Svars: 2,85 kg<\/p>\n","protected":false},"featured_media":144059,"template":"","meta":{"_acf_changed":false},"product_brand":[],"product_cat":[1004,1007],"product_tag":[],"class_list":{"0":"post-144104","1":"product","2":"type-product","3":"status-publish","4":"has-post-thumbnail","6":"product_cat-lidmasinas","7":"product_cat-snaipera-pistoles-lv","9":"first","10":"instock","11":"purchasable","12":"product-type-simple"},"acf":[],"_links":{"self":[{"href":"https:\/\/kingarms.ee\/lv\/wp-json\/wp\/v2\/product\/144104","targetHints":{"allow":["GET"]}}],"collection":[{"href":"https:\/\/kingarms.ee\/lv\/wp-json\/wp\/v2\/product"}],"about":[{"href":"https:\/\/kingarms.ee\/lv\/wp-json\/wp\/v2\/types\/product"}],"wp:featuredmedia":[{"embeddable":true,"href":"https:\/\/kingarms.ee\/lv\/wp-json\/wp\/v2\/media\/144059"}],"wp:attachment":[{"href":"https:\/\/kingarms.ee\/lv\/wp-json\/wp\/v2\/media?parent=144104"}],"wp:term":[{"taxonomy":"product_brand","embeddable":true,"href":"https:\/\/kingarms.ee\/lv\/wp-json\/wp\/v2\/product_brand?post=144104"},{"taxonomy":"product_cat","embeddable":true,"href":"https:\/\/kingarms.ee\/lv\/wp-json\/wp\/v2\/product_cat?post=144104"},{"taxonomy":"product_tag","embeddable":true,"href":"https:\/\/kingarms.ee\/lv\/wp-json\/wp\/v2\/product_tag?post=144104"}],"curies":[{"name":"wp","href":"https:\/\/api.w.org\/{rel}","templated":true}]}}