{"id":144115,"date":"2025-01-11T15:56:23","date_gmt":"2025-01-23T18:12:24","guid":{"rendered":"https:\/\/kingarms.ee\/product\/gaisa-sautenes-borders-n-02-bremzu-mucas-gaisa-sautene-45-mm-pilna-jauda\/"},"modified":"2025-08-02T14:46:51","modified_gmt":"2025-08-02T11:46:51","slug":"gaisa-sautenes-borders-n-02-bremzu-mucas-gaisa-sautene-45-mm-pilna-jauda","status":"publish","type":"product","link":"https:\/\/kingarms.ee\/lv\/product\/gaisa-sautenes-borders-n-02-bremzu-mucas-gaisa-sautene-45-mm-pilna-jauda\/","title":{"rendered":"Gaisa \u0161autenes borders n-02 brem\u017eu mucas gaisa \u0161autene 4,5 mm pilna jauda"},"content":{"rendered":"<p>Gaisa \u0161autenes borders N-02 brem\u017eu mucas gaisa \u0161autene 4,5 mm pilna jauda. Borner N-02 ir .177 (4,5 mm) kalibra salau\u017eama gaisa \u0161autene ar pastiprin\u0101tu t\u0113rauda atsperi. Mikrometrisko vad\u012bbas sist\u0113ma ir regul\u0113jama horizont\u0101li un vertik\u0101li. Sarkanais Truglo optisk\u0101s \u0161\u0137iedras t\u012bkli\u0146\u0161 \u013cauj viegl\u0101k m\u0113r\u0137\u0113t v\u0101j\u0101 apgaismojum\u0101. Z\u012bmols: Borner. Gad\u012bjuma tips: \u0161autene. Muca: \u0161autene. Maksim\u0101lais \u0101trums: 800 kadri sekund\u0113 (aptuveni 243 m\/s). Kaliberis: .177 (4,5 mm). Darb\u012bba: l\u016bzums. Elektrostacija: pavasara virzulis. Mun\u012bcija: galven\u0101s lodes. \u0160\u0101vienu skaits: 1. Darb\u012bbas joma Mount: 11mm Dovetail. Dro\u0161in\u0101t\u0101js: j\u0101. Kr\u0101sa: pel\u0113ks, sint\u0113tisks materi\u0101ls. Kop\u0113jais garums: 45,25 collas (aptuveni 115 cm). Mucas garums: 17,7 collas (aptuveni 45 cm). Svars: 2,70 kg.<\/p>\n","protected":false},"excerpt":{"rendered":"<p>Gaisa \u0161autenes borders N-02 brem\u017eu mucas gaisa \u0161autene 4,5 mm pilna jauda. Borner N-02 ir .177 (4,5 mm) kalibra salau\u017eama gaisa \u0161autene ar pastiprin\u0101tu t\u0113rauda atsperi. Mikrometrisko vad\u012bbas sist\u0113ma ir regul\u0113jama horizont\u0101li un vertik\u0101li. Sarkanais Truglo optisk\u0101s \u0161\u0137iedras t\u012bkli\u0146\u0161 \u013cauj viegl\u0101k m\u0113r\u0137\u0113t v\u0101j\u0101 apgaismojum\u0101. Z\u012bmols: Borner. Gad\u012bjuma tips: \u0161autene. Muca: \u0161autene. Maksim\u0101lais \u0101trums: 800 kadri sekund\u0113 (aptuveni 243 m\/s). Kaliberis: .177 (4,5 mm). Darb\u012bba: l\u016bzums. Elektrostacija: pavasara virzulis. Mun\u012bcija: galven\u0101s lodes. \u0160\u0101vienu skaits: 1. Darb\u012bbas joma Mount: 11mm Dovetail. Dro\u0161in\u0101t\u0101js: j\u0101. Kr\u0101sa: pel\u0113ks, sint\u0113tisks materi\u0101ls. Kop\u0113jais garums: 45,25 collas (aptuveni 115 cm). Mucas garums: 17,7 collas (aptuveni 45 cm). Svars: 2,70 kg.<\/p>\n","protected":false},"featured_media":144029,"template":"","meta":{"_acf_changed":false},"product_brand":[],"product_cat":[1004,1007],"product_tag":[],"class_list":{"0":"post-144115","1":"product","2":"type-product","3":"status-publish","4":"has-post-thumbnail","6":"product_cat-lidmasinas","7":"product_cat-snaipera-pistoles-lv","9":"first","10":"instock","11":"purchasable","12":"product-type-simple"},"acf":[],"_links":{"self":[{"href":"https:\/\/kingarms.ee\/lv\/wp-json\/wp\/v2\/product\/144115","targetHints":{"allow":["GET"]}}],"collection":[{"href":"https:\/\/kingarms.ee\/lv\/wp-json\/wp\/v2\/product"}],"about":[{"href":"https:\/\/kingarms.ee\/lv\/wp-json\/wp\/v2\/types\/product"}],"wp:featuredmedia":[{"embeddable":true,"href":"https:\/\/kingarms.ee\/lv\/wp-json\/wp\/v2\/media\/144029"}],"wp:attachment":[{"href":"https:\/\/kingarms.ee\/lv\/wp-json\/wp\/v2\/media?parent=144115"}],"wp:term":[{"taxonomy":"product_brand","embeddable":true,"href":"https:\/\/kingarms.ee\/lv\/wp-json\/wp\/v2\/product_brand?post=144115"},{"taxonomy":"product_cat","embeddable":true,"href":"https:\/\/kingarms.ee\/lv\/wp-json\/wp\/v2\/product_cat?post=144115"},{"taxonomy":"product_tag","embeddable":true,"href":"https:\/\/kingarms.ee\/lv\/wp-json\/wp\/v2\/product_tag?post=144115"}],"curies":[{"name":"wp","href":"https:\/\/api.w.org\/{rel}","templated":true}]}}