{"id":145602,"date":"2023-01-18T17:37:35","date_gmt":"2025-02-23T15:43:01","guid":{"rendered":"https:\/\/kingarms.ee\/product\/magnetiskas-kiveres-sliedes-stiprinajums-wpcodeself-sargengelis-saadaval-of-sissekeeratav-variant-guardian-angel\/"},"modified":"2025-02-23T18:43:01","modified_gmt":"2025-02-23T15:43:01","slug":"magnetiskas-kiveres-sliedes-stiprinajums-wpcodeself-sargengelis-saadaval-of-sissekeeratav-variant-guardian-angel","status":"publish","type":"product","link":"https:\/\/kingarms.ee\/lv\/product\/magnetiskas-kiveres-sliedes-stiprinajums-wpcodeself-sargengelis-saadaval-of-sissekeeratav-variant-guardian-angel\/","title":{"rendered":"Magn\u0113tisk\u0101s \u0137iveres sliedes stiprin\u0101jums &lt; wpcodeself &gt; (Sarge\u0146\u0123elis) [saadaval of sissekeeratav variant] (Guardian Angel)"},"content":{"rendered":"<p><img loading=\"lazy\" decoding=\"async\" class=\"alignnone size-full wp-image-73449\" src=\"https:\/\/kingarms.ee\/wp-content\/uploads\/2023\/01\/15885__52b2fc_b.jpg\" alt=\"\" width=\"1000\" height=\"1000\" srcset=\"https:\/\/kingarms.ee\/wp-content\/uploads\/2023\/01\/15885__52b2fc_b.jpg 1000w, https:\/\/kingarms.ee\/wp-content\/uploads\/2023\/01\/15885__52b2fc_b-300x300.jpg 300w, https:\/\/kingarms.ee\/wp-content\/uploads\/2023\/01\/15885__52b2fc_b-150x150.jpg 150w, https:\/\/kingarms.ee\/wp-content\/uploads\/2023\/01\/15885__52b2fc_b-768x768.jpg 768w, https:\/\/kingarms.ee\/wp-content\/uploads\/2023\/01\/15885__52b2fc_b-500x500.jpg 500w\" sizes=\"auto, (max-width: 1000px) 100vw, 1000px\" \/><\/p>\n","protected":false},"excerpt":{"rendered":"<p>Piln\u012bb\u0101 integr\u0113ts, ieb\u016bv\u0113ts neod\u012bma retzemju magn\u0113ts<br \/>\nMagn\u0113tiski piestiprin\u0101s pie jebkuras Guardian Angel ier\u012bces<br \/>\nVar piestiprin\u0101t pie jebkuras ier\u012bces ar 2 skr\u016bv\u0113m<br \/>\nIzstr\u0101d\u0101ts, lai der\u0113tu jebkuram milit\u0101ra stila \u0137iveres stiprin\u0101jumam<br \/>\nSavietojams gan ar Elite un Micro ier\u012bc\u0113m<\/p>\n","protected":false},"featured_media":132062,"template":"","meta":{"_acf_changed":false},"product_brand":[],"product_cat":[1019],"product_tag":[],"class_list":{"0":"post-145602","1":"product","2":"type-product","3":"status-publish","4":"has-post-thumbnail","6":"product_cat-policija-militaristi","8":"first","9":"instock","10":"taxable","11":"shipping-taxable","12":"purchasable","13":"product-type-simple"},"acf":[],"_links":{"self":[{"href":"https:\/\/kingarms.ee\/lv\/wp-json\/wp\/v2\/product\/145602","targetHints":{"allow":["GET"]}}],"collection":[{"href":"https:\/\/kingarms.ee\/lv\/wp-json\/wp\/v2\/product"}],"about":[{"href":"https:\/\/kingarms.ee\/lv\/wp-json\/wp\/v2\/types\/product"}],"wp:featuredmedia":[{"embeddable":true,"href":"https:\/\/kingarms.ee\/lv\/wp-json\/wp\/v2\/media\/132062"}],"wp:attachment":[{"href":"https:\/\/kingarms.ee\/lv\/wp-json\/wp\/v2\/media?parent=145602"}],"wp:term":[{"taxonomy":"product_brand","embeddable":true,"href":"https:\/\/kingarms.ee\/lv\/wp-json\/wp\/v2\/product_brand?post=145602"},{"taxonomy":"product_cat","embeddable":true,"href":"https:\/\/kingarms.ee\/lv\/wp-json\/wp\/v2\/product_cat?post=145602"},{"taxonomy":"product_tag","embeddable":true,"href":"https:\/\/kingarms.ee\/lv\/wp-json\/wp\/v2\/product_tag?post=145602"}],"curies":[{"name":"wp","href":"https:\/\/api.w.org\/{rel}","templated":true}]}}