{"id":145646,"date":"2025-02-22T20:49:06","date_gmt":"2025-02-22T17:49:06","guid":{"rendered":"https:\/\/kingarms.ee\/product\/ruike-p801-sb-2\/"},"modified":"2025-08-02T12:27:26","modified_gmt":"2025-08-02T09:27:26","slug":"ruike-p801-sb-2","status":"publish","type":"product","link":"https:\/\/kingarms.ee\/lv\/product\/ruike-p801-sb-2\/","title":{"rendered":"RUIKE P801-SB"},"content":{"rendered":"","protected":false},"excerpt":{"rendered":"<p>P801 ir vispopul\u0101r\u0101kais un vislab\u0101k p\u0101rdotais Ruike nazis. Piln\u012bb\u0101 izgatavots no ner\u016bs\u0113jo\u0161\u0101 t\u0113rauda, tas ir vienk\u0101r\u0161s, Viegls, elegants un kompakts nazis, kuru nevar saska\u0146ot p\u0113c cenas un kvalit\u0101tes. Ruike P801 ir daudz elementu, kas rakstur\u012bgi d\u0101rg\u0101kiem na\u017eiem: \u0101rk\u0101rt\u012bgi asais asmens, kas izgatavots no zviedru Sandvik 14c28n t\u0113rauda, asmens kriog\u0113n\u0101 apstr\u0101de, iepriek\u0161 iee\u013c\u013coti atbalsta lod\u012b\u0161u gult\u0146i un 420 ner\u016bs\u0113jo\u0161\u0101 t\u0113rauda rokturi. Pieejams div\u0101s virsmas apstr\u0101d\u0113s: akmens mazg\u0101\u0161ana (P801-SF) un Meln\u0101 akmens mazg\u0101\u0161ana (P801-SB).<\/p>\n","protected":false},"featured_media":145261,"template":"","meta":{"_acf_changed":false},"product_brand":[],"product_cat":[991],"product_tag":[],"class_list":{"0":"post-145646","1":"product","2":"type-product","3":"status-publish","4":"has-post-thumbnail","6":"product_cat-nazi","8":"first","9":"instock","10":"purchasable","11":"product-type-simple"},"acf":[],"_links":{"self":[{"href":"https:\/\/kingarms.ee\/lv\/wp-json\/wp\/v2\/product\/145646","targetHints":{"allow":["GET"]}}],"collection":[{"href":"https:\/\/kingarms.ee\/lv\/wp-json\/wp\/v2\/product"}],"about":[{"href":"https:\/\/kingarms.ee\/lv\/wp-json\/wp\/v2\/types\/product"}],"wp:featuredmedia":[{"embeddable":true,"href":"https:\/\/kingarms.ee\/lv\/wp-json\/wp\/v2\/media\/145261"}],"wp:attachment":[{"href":"https:\/\/kingarms.ee\/lv\/wp-json\/wp\/v2\/media?parent=145646"}],"wp:term":[{"taxonomy":"product_brand","embeddable":true,"href":"https:\/\/kingarms.ee\/lv\/wp-json\/wp\/v2\/product_brand?post=145646"},{"taxonomy":"product_cat","embeddable":true,"href":"https:\/\/kingarms.ee\/lv\/wp-json\/wp\/v2\/product_cat?post=145646"},{"taxonomy":"product_tag","embeddable":true,"href":"https:\/\/kingarms.ee\/lv\/wp-json\/wp\/v2\/product_tag?post=145646"}],"curies":[{"name":"wp","href":"https:\/\/api.w.org\/{rel}","templated":true}]}}