{"id":145656,"date":"2025-02-22T20:49:06","date_gmt":"2025-02-22T17:49:06","guid":{"rendered":"https:\/\/kingarms.ee\/product\/ruike-p875-sz\/"},"modified":"2025-08-02T12:28:58","modified_gmt":"2025-08-02T09:28:58","slug":"ruike-p875-sz","status":"publish","type":"product","link":"https:\/\/kingarms.ee\/lv\/product\/ruike-p875-sz\/","title":{"rendered":"RUIKE P875-SZ"},"content":{"rendered":"","protected":false},"excerpt":{"rendered":"<p>Ruike P875-SZ ir stil\u012bgs pilna izm\u0113ra kabatas nazis ar klasisku izskatu, kas sl\u0113pj m\u016bsdien\u012bgus m\u016bsdienu risin\u0101jumus. P875 asmens ir plats un sp\u0113c\u012bgs un piem\u0113rots grie\u0161anai, caurdur\u0161anai un viegl\u0101kai grie\u0161anai. Asmens materi\u0101ls ir zviedru Sandvik 14c28n na\u017ea t\u0113rauds un tiek novietots uz augstas kvalit\u0101tes iepriek\u0161 iee\u013c\u013cotiem lod\u012b\u0161u gult\u0146iem. Roktura materi\u0101ls ir 420 ner\u016bs\u0113jo\u0161ais t\u0113rauds, kas priek\u0161pus\u0113 ir apvienots ar reljefu virsmas apstr\u0101di un oglek\u013ca \u0161\u0137iedru. Roktura aizmugur\u0113 Ruike atrod papildu Beta Plus asme\u0146u blo\u0137\u0113\u0161anas sist\u0113mu ar kabatas saspraudi.<\/p>\n","protected":false},"featured_media":145273,"template":"","meta":{"_acf_changed":false},"product_brand":[],"product_cat":[991],"product_tag":[],"class_list":{"0":"post-145656","1":"product","2":"type-product","3":"status-publish","4":"has-post-thumbnail","6":"product_cat-nazi","8":"first","9":"instock","10":"purchasable","11":"product-type-simple"},"acf":[],"_links":{"self":[{"href":"https:\/\/kingarms.ee\/lv\/wp-json\/wp\/v2\/product\/145656","targetHints":{"allow":["GET"]}}],"collection":[{"href":"https:\/\/kingarms.ee\/lv\/wp-json\/wp\/v2\/product"}],"about":[{"href":"https:\/\/kingarms.ee\/lv\/wp-json\/wp\/v2\/types\/product"}],"wp:featuredmedia":[{"embeddable":true,"href":"https:\/\/kingarms.ee\/lv\/wp-json\/wp\/v2\/media\/145273"}],"wp:attachment":[{"href":"https:\/\/kingarms.ee\/lv\/wp-json\/wp\/v2\/media?parent=145656"}],"wp:term":[{"taxonomy":"product_brand","embeddable":true,"href":"https:\/\/kingarms.ee\/lv\/wp-json\/wp\/v2\/product_brand?post=145656"},{"taxonomy":"product_cat","embeddable":true,"href":"https:\/\/kingarms.ee\/lv\/wp-json\/wp\/v2\/product_cat?post=145656"},{"taxonomy":"product_tag","embeddable":true,"href":"https:\/\/kingarms.ee\/lv\/wp-json\/wp\/v2\/product_tag?post=145656"}],"curies":[{"name":"wp","href":"https:\/\/api.w.org\/{rel}","templated":true}]}}