{"id":145671,"date":"2025-02-22T20:48:46","date_gmt":"2025-02-22T17:48:46","guid":{"rendered":"https:\/\/kingarms.ee\/product\/fenix-wf11e-atex\/"},"modified":"2025-08-02T19:37:11","modified_gmt":"2025-08-02T16:37:11","slug":"fenix-wf11e-atex","status":"publish","type":"product","link":"https:\/\/kingarms.ee\/lv\/product\/fenix-wf11e-atex\/","title":{"rendered":"FENIX WF11E ATEX"},"content":{"rendered":"","protected":false},"excerpt":{"rendered":"<p>FENIX WF11E ATEX<\/p>\n<p>Fenix WF11E ir iztur\u012bga profesion\u0101la speci\u0101la gaisma izmanto\u0161anai da\u017e\u0101d\u0101s spr\u0101dzienb\u012bstam\u0101s vid\u0113s (v.a pazemes raktuv\u0113s). T\u0101 ir iek\u0161\u0113ji dro\u0161a dizaina lampa ar IECEx, ATEX un SGS sertifik\u0101tiem. WF11E ir piem\u0113rots dro\u0161ai lieto\u0161anai 0., 1. un 2. zon\u0101, kur spr\u0101dzienb\u012bstamu g\u0101zu mais\u012bjums pieder IIA, IIB un IIC klasei, un situ\u0101cij\u0101s, kad dego\u0161u un spr\u0101dzienb\u012bstamu gaisto\u0161u da\u013ci\u0146u (putek\u013cu) koncentr\u0101cija atbilst 20., 21. un 22. zonas nosac\u012bjumiem (Degvielas un \u0137\u012bmisk\u0101 r\u016bpniec\u012bba, tekstilr\u016bpniec\u012bba, gl\u0101b\u0161anas dienesti, metalur\u0123ijas r\u016bpn\u012bcas, elektrostacijas, pap\u012bra un celulozes r\u016bpn\u012bcas utt.).<\/p>\n<p>Fenix wf11e ir sal\u012bdzino\u0161i kompakts luktur\u012btis (garums 167,5 mm, Maksim\u0101lais galvas diametrs 49 mm), kas k\u0101 ener\u0123ijas avotus izmanto tr\u012bs AA izm\u0113ra baterijas. Lampas maksim\u0101lais gaismas sp\u0113ks ir 200 l\u016bmeni, un gaismas pl\u016bsmas diapazons ir 185 metri. Kopum\u0101 ir pieejamas tr\u012bs gaismas intensit\u0101tes: maks.200lm darb\u012bbas laiks l\u012bdz 10h, maks.100lm darb\u012bbas laiks l\u012bdz 29h30min, maks.30lm darb\u012bbas laiks l\u012bdz 70h. uz luktura nav \u012bpa\u0161u mirgojo\u0161u re\u017e\u012bmu. Gaismas avots ir Cree XP-G2 NW LED elements ar neitr\u0101lu baltu gaismu. Neitr\u0101la balta gaisma lab\u0101k izce\u013c nov\u0113rot\u0101 objekta deta\u013cas, pastiprina tr\u012bsdimensiju efektu un samazina acu nogurumu m\u0101ksl\u012bg\u0101 apgaismojum\u0101, sal\u012bdzinot ar v\u0113s\u0101ku gaismas temperat\u016bru. Darb\u012bbai Fenix WF11E izmanto tr\u012bs pla\u0161i izplat\u012btus AA tipa baro\u0161anas avotus (baterijas). Baterijas ir viegli un \u0101tri nomain\u0101mas. P\u0101rsl\u0113g\u0161anas lampas darb\u012bbas re\u017e\u012bmi tiek veikti, izmantojot \u0113rtu s\u0101nu sl\u0113dzi. Lampas korpuss ir izgatavots no antistatiskas plastmasas (RTP 399 X 133887) un ir apr\u012bkots ar iztur\u012bgu kabatas saspraudi. Fenix wf11e ir aizsardz\u012bbas klase IP67, ir p\u0101rbaud\u012bta \u016bdens iztur\u012bba 1m un ir p\u0101rbaud\u012bta triecieniztur\u012bba, nokr\u012btot no 1,5 m augstuma se\u0161\u0101s pus\u0113s. Wf11e papildina divi sp\u0113c\u012bgi magn\u0113ti, viens integr\u0113ts luktura aizmugur\u0113, bet otrs-mont\u0101\u017eas kron\u0161tein\u0101. Ar magn\u0113tu pal\u012bdz\u012bbu ir iesp\u0113jams piestiprin\u0101t lampu glud\u0101m feromagn\u0113tisk\u0101m virsm\u0101m gan vertik\u0101l\u0101, gan horizont\u0101l\u0101 st\u0101vokl\u012b. Papildus lampai pieg\u0101des komplekt\u0101 ietilpst tr\u012bs Energizer E91 AA izm\u0113ra s\u0101rma baro\u0161anas avoti, rezerves O-gredzens, aproce, ES atbilst\u012bbas deklar\u0101cija un lieto\u0161anas instrukcija.<\/p>\n","protected":false},"featured_media":144307,"template":"","meta":{"_acf_changed":false},"product_brand":[],"product_cat":[1037],"product_tag":[],"class_list":{"0":"post-145671","1":"product","2":"type-product","3":"status-publish","4":"has-post-thumbnail","6":"product_cat-lukturisi","8":"first","9":"instock","10":"purchasable","11":"product-type-simple"},"acf":[],"_links":{"self":[{"href":"https:\/\/kingarms.ee\/lv\/wp-json\/wp\/v2\/product\/145671","targetHints":{"allow":["GET"]}}],"collection":[{"href":"https:\/\/kingarms.ee\/lv\/wp-json\/wp\/v2\/product"}],"about":[{"href":"https:\/\/kingarms.ee\/lv\/wp-json\/wp\/v2\/types\/product"}],"wp:featuredmedia":[{"embeddable":true,"href":"https:\/\/kingarms.ee\/lv\/wp-json\/wp\/v2\/media\/144307"}],"wp:attachment":[{"href":"https:\/\/kingarms.ee\/lv\/wp-json\/wp\/v2\/media?parent=145671"}],"wp:term":[{"taxonomy":"product_brand","embeddable":true,"href":"https:\/\/kingarms.ee\/lv\/wp-json\/wp\/v2\/product_brand?post=145671"},{"taxonomy":"product_cat","embeddable":true,"href":"https:\/\/kingarms.ee\/lv\/wp-json\/wp\/v2\/product_cat?post=145671"},{"taxonomy":"product_tag","embeddable":true,"href":"https:\/\/kingarms.ee\/lv\/wp-json\/wp\/v2\/product_tag?post=145671"}],"curies":[{"name":"wp","href":"https:\/\/api.w.org\/{rel}","templated":true}]}}