{"id":145680,"date":"2025-02-22T20:48:46","date_gmt":"2025-02-22T17:48:46","guid":{"rendered":"https:\/\/kingarms.ee\/product\/fenix-wf30re-atex\/"},"modified":"2025-08-03T14:50:41","modified_gmt":"2025-08-03T11:50:41","slug":"fenix-wf30re-atex","status":"publish","type":"product","link":"https:\/\/kingarms.ee\/lv\/product\/fenix-wf30re-atex\/","title":{"rendered":"FENIX WF30RE ATEX"},"content":{"rendered":"","protected":false},"excerpt":{"rendered":"<p>FENIX WF30RE ATEX<\/p>\n<p>Fenix wf30re ir novatoriska tie\u0161\u0101s uzl\u0101des \u012bpa\u0161a gaisma izmanto\u0161anai spr\u0101dzienb\u012bstam\u0101 vid\u0113 (va. pazemes raktuv\u0113s). T\u0101 ir iek\u0161\u0113ji dro\u0161a dizaina lampa ar IECEx, ATEX, SGS un NEPS sertifik\u0101tiem. WF30RE ir piem\u0113rots dro\u0161ai lieto\u0161anai 1.un 2. zon\u0101, kur spr\u0101dzienb\u012bstamu g\u0101zu mais\u012bjums pieder IIA, IIB un IIC klasei, un situ\u0101cij\u0101s, kad dego\u0161u un spr\u0101dzienb\u012bstamu gaisto\u0161u da\u013ci\u0146u (putek\u013cu) koncentr\u0101cija atbilst 21. un 22. zonai (Degvielas un \u0137\u012bmisk\u0101 r\u016bpniec\u012bba, tekstilr\u016bpniec\u012bba, gl\u0101b\u0161anas dienesti, metalur\u0123ijas r\u016bpn\u012bcas, elektrostacijas, pap\u012bra un celulozes r\u016bpn\u012bcas utt.).<\/p>\n<p>Fenix wf30re ir sal\u012bdzino\u0161i kompakts (garums 150mm, \u0137erme\u0146a diametrs 28mm, galvas diametrs 34mm) tie\u0161\u0101s uzl\u0101des luktur\u012btis. Lampas maksim\u0101lais gaismas sp\u0113ks ir 280 l\u016bmeni, un gaismas pl\u016bsmas diapazons ir 170 metri. Kopum\u0101 ir pieejamas tr\u012bs gaismas intensit\u0101tes: maks.280lm darb\u012bbas laiks 6h50min, maks.120lm darb\u012bbas laiks 15h40min, maks.30lm darba laiks 120h. turkl\u0101t lampai ir sl\u0113pts strobe re\u017e\u012bms. Gaismas avots ir Cree XP-G2 NW LED elements ar neitr\u0101lu baltu gaismu. Neitr\u0101la balta gaisma lab\u0101k izce\u013c nov\u0113rot\u0101 objekta deta\u013cas, pastiprina tr\u012bsdimensiju efektu un samazina acu nogurumu m\u0101ksl\u012bg\u0101 apgaismojum\u0101, sal\u012bdzinot ar v\u0113s\u0101ku gaismas temperat\u016bru. Darb\u012bbai Fenix WF30RE izmanto jaunas paaudzes liela tipa 21700 ATEX sertific\u0113tu uzl\u0101d\u0113jamu litija jonu akumulatoru. Ja nepiecie\u0161ams, akumulators ir nomain\u0101ms. Lai uzl\u0101d\u0113tu, jums nav nepiecie\u0161ams iz\u0146emt akumulatoru no luktura. Tas ir tie\u0161i uzl\u0101d\u0113jams caur l\u0101d\u0113\u0161anas ligzdu, kas integr\u0113ta lamp\u0101. P\u0101rsl\u0113g\u0161anas lampas darb\u012bbas re\u017e\u012bmi tiek veikti, izmantojot \u0113rtu s\u0101nu sl\u0113dzi. Lai nodro\u0161in\u0101tu lietot\u0101ja dro\u0161\u012bbu, lampai ir ieb\u016bv\u0113ts akumulatora uzl\u0101des l\u012bme\u0146a indikators un br\u012bdin\u0101juma sign\u0101ls ar galveno gaismu situ\u0101cij\u0101s, kad akumulator\u0101 eso\u0161\u0101 ener\u0123ija s\u0101k noplicin\u0101ties. Lampas korpuss ir izgatavots no alum\u012bnija un p\u0101rkl\u0101ts ar III tipa anod\u0113\u0161anu, lai nodro\u0161in\u0101tu aizsardz\u012bbu pret koroziju un lab\u0101ku sa\u0137eri. Fenix wf30re maksim\u0101l\u0101 aizsardz\u012bbas klase ir IP68, tai ir p\u0101rbaud\u012bta \u016bdens iztur\u012bba 2 m dzi\u013cum\u0101 30 min\u016b\u0161u laik\u0101, tai ir p\u0101rbaud\u012bta triecieniztur\u012bba, nokr\u012btot no 1,5 m augstuma l\u012bdz se\u0161\u0101m pus\u0113m, un t\u0101 ir p\u0101rbaud\u012bta triecieniztur\u012bbai, nokr\u012btot no 1 kg t\u0113rauda lod\u012btes augstuma no 0,7 m augstuma. Fenix wf30re ir paredz\u0113ts nep\u0101rtrauktai darb\u012bbai -20 temperat\u016br\u0101&#8230;+45 gr\u0101di C. Papildus Fenix ARB-21-2600ex lampai piln\u0101 lampu Komplekt\u0101 ietilpst ATEX sertific\u0113ts akumulators, aizsarg\u0101ta uzl\u0101des sist\u0113ma, Rezerves O-gredzens, aproce un lieto\u0161anas instrukcija.<\/p>\n","protected":false},"featured_media":145159,"template":"","meta":{"_acf_changed":false},"product_brand":[],"product_cat":[1037],"product_tag":[],"class_list":{"0":"post-145680","1":"product","2":"type-product","3":"status-publish","4":"has-post-thumbnail","6":"product_cat-lukturisi","8":"first","9":"instock","10":"purchasable","11":"product-type-simple"},"acf":[],"_links":{"self":[{"href":"https:\/\/kingarms.ee\/lv\/wp-json\/wp\/v2\/product\/145680","targetHints":{"allow":["GET"]}}],"collection":[{"href":"https:\/\/kingarms.ee\/lv\/wp-json\/wp\/v2\/product"}],"about":[{"href":"https:\/\/kingarms.ee\/lv\/wp-json\/wp\/v2\/types\/product"}],"wp:featuredmedia":[{"embeddable":true,"href":"https:\/\/kingarms.ee\/lv\/wp-json\/wp\/v2\/media\/145159"}],"wp:attachment":[{"href":"https:\/\/kingarms.ee\/lv\/wp-json\/wp\/v2\/media?parent=145680"}],"wp:term":[{"taxonomy":"product_brand","embeddable":true,"href":"https:\/\/kingarms.ee\/lv\/wp-json\/wp\/v2\/product_brand?post=145680"},{"taxonomy":"product_cat","embeddable":true,"href":"https:\/\/kingarms.ee\/lv\/wp-json\/wp\/v2\/product_cat?post=145680"},{"taxonomy":"product_tag","embeddable":true,"href":"https:\/\/kingarms.ee\/lv\/wp-json\/wp\/v2\/product_tag?post=145680"}],"curies":[{"name":"wp","href":"https:\/\/api.w.org\/{rel}","templated":true}]}}