{"id":145730,"date":"2025-02-22T20:48:46","date_gmt":"2025-02-22T17:48:46","guid":{"rendered":"https:\/\/kingarms.ee\/product\/ruike-m661-tz\/"},"modified":"2025-08-02T12:41:02","modified_gmt":"2025-08-02T09:41:02","slug":"ruike-m661-tz","status":"publish","type":"product","link":"https:\/\/kingarms.ee\/lv\/product\/ruike-m661-tz\/","title":{"rendered":"RUIKE M661-TZ"},"content":{"rendered":"","protected":false},"excerpt":{"rendered":"<p>Ruike M661-TZ b\u0101zes mode\u013ci 661\/662 ir Ruike \u0101rk\u0101rt\u012bgi popul\u0101rais kompaktais \u0161arn\u012brveida Na\u017eu dizains. Nazis ir skaists, ergonomisks un ar labu univers\u0101lumu. Ruike M661-tz ir versija, kas izgatavota no augst\u0101k\u0101s kvalit\u0101tes materi\u0101liem mode\u013cu s\u0113rij\u0101. Sal\u012bdzinot ar p661 \/ P662 mode\u013ciem, jau augsti nov\u0113rt\u0113tais Sandvik 14c28n ner\u016bs\u0113jo\u0161\u0101 t\u0113rauda asmens ir aizst\u0101ts ar v\u0113l augst\u0101kas kvalit\u0101tes 154 cm ner\u016bs\u0113jo\u0161o t\u0113raudu ar \u0101rk\u0101rt\u012bgi stabil\u0101m \u012bpa\u0161\u012bb\u0101m. Kas attiecas uz rokturi, papildus G10 kompoz\u012btam ir ieviests ar\u012b TC4 Titanium. Na\u017ea roktura aug\u0161\u0113j\u0101 puse ir p\u0101rkl\u0101ta ar G10 p\u0101rkl\u0101jumu, kas papildina sa\u0137eri. Tom\u0113r pret\u0113j\u0101 puse ir izgatavota no viegla TC4 tit\u0101na un ir apr\u012bkota ar sp\u0113c\u012bgu kabatas klipu. Ruike M661-tz ir viegls (tikai 60g), kompakts (169 mm atv\u0113rts, 74 mm asmens) un \u013coti augstas kvalit\u0101tes \u0161arn\u012brveida nazis ikdienas n\u0113s\u0101\u0161anai.<\/p>\n","protected":false},"featured_media":145213,"template":"","meta":{"_acf_changed":false},"product_brand":[],"product_cat":[991],"product_tag":[],"class_list":{"0":"post-145730","1":"product","2":"type-product","3":"status-publish","4":"has-post-thumbnail","6":"product_cat-nazi","8":"first","9":"instock","10":"purchasable","11":"product-type-simple"},"acf":[],"_links":{"self":[{"href":"https:\/\/kingarms.ee\/lv\/wp-json\/wp\/v2\/product\/145730","targetHints":{"allow":["GET"]}}],"collection":[{"href":"https:\/\/kingarms.ee\/lv\/wp-json\/wp\/v2\/product"}],"about":[{"href":"https:\/\/kingarms.ee\/lv\/wp-json\/wp\/v2\/types\/product"}],"wp:featuredmedia":[{"embeddable":true,"href":"https:\/\/kingarms.ee\/lv\/wp-json\/wp\/v2\/media\/145213"}],"wp:attachment":[{"href":"https:\/\/kingarms.ee\/lv\/wp-json\/wp\/v2\/media?parent=145730"}],"wp:term":[{"taxonomy":"product_brand","embeddable":true,"href":"https:\/\/kingarms.ee\/lv\/wp-json\/wp\/v2\/product_brand?post=145730"},{"taxonomy":"product_cat","embeddable":true,"href":"https:\/\/kingarms.ee\/lv\/wp-json\/wp\/v2\/product_cat?post=145730"},{"taxonomy":"product_tag","embeddable":true,"href":"https:\/\/kingarms.ee\/lv\/wp-json\/wp\/v2\/product_tag?post=145730"}],"curies":[{"name":"wp","href":"https:\/\/api.w.org\/{rel}","templated":true}]}}