{"id":145776,"date":"2025-02-22T20:48:22","date_gmt":"2025-02-22T17:48:22","guid":{"rendered":"https:\/\/kingarms.ee\/product\/fenix-pd40r-v2-0\/"},"modified":"2025-08-02T12:47:47","modified_gmt":"2025-08-02T09:47:47","slug":"fenix-pd40r-v2-0","status":"publish","type":"product","link":"https:\/\/kingarms.ee\/lv\/product\/fenix-pd40r-v2-0\/","title":{"rendered":"FENIX PD40R V2.0"},"content":{"rendered":"","protected":false},"excerpt":{"rendered":"<p>Fenix PD40R V2.0 ir kompakts luktur\u012btis ar super Lampas viru. PD40R V2. 0 ir tikai 138 mm gar\u0161 ar galvas diametru 33 mm un \u0137erme\u0146a diametru 26 mm.neskatoties uz to, Lampas maksim\u0101lais gaismas sp\u0113ks ir 3000 l\u016bmeni, un gaismas pl\u016bsmas diapazons ir pat 405 metri. Tas ir pan\u0101kts, jo \u012bpa\u0161i, izmantojot jaun\u0101ko Luminus sst70 LED elementu. Turkl\u0101t PD40R v2.0 izmanto jaun\u0101s paaudzes lielas ietilp\u012bbas 21700 litija jonu akumulatoru, kas ir tie\u0161i uzl\u0101d\u0113jams, neno\u0146emot lampu. T\u0101d\u0113j\u0101di pie zem\u0101kas luktura gaismas intensit\u0101tes var sasniegt \u012bpa\u0161i ilgu darb\u012bbas laiku starp l\u0101di\u0146iem. Uzl\u0101d\u0113\u0161anai lampa izmanto USB-C uzl\u0101des kabeli. Ir pieejama l\u012bdz 2A \u0100tra uzl\u0101de, kas akumulatoru uzl\u0101d\u0113 vismaz 3,5 stundu laik\u0101.<\/p>\n<p>Fenix PD40R v2.0 unik\u0101l\u0101 iez\u012bme ir t\u0101 komut\u0101cijas sist\u0113ma. Tas, iesp\u0113jams, ir vienk\u0101r\u0161\u0101kais lietot\u0101ja interfeiss, ko varat atrast lamp\u0101. \u0160im nol\u016bkam ir meh\u0101nisks gredzena sl\u0113dzis, kas atrodas luktura priek\u0161pus\u0113 ap luktura galvu. Tas ir pietiekami, lai iesl\u0113gtu sl\u0113dzi un lampa s\u0101k darboties. Jo vair\u0101k j\u016bs pagrie\u017eat, jo augst\u0101ka ir gaismas intensit\u0101te un otr\u0101di. Sl\u0113dzi ir viegli atrast, un to var darbin\u0101t pat ar \u013coti bieziem darba cimdiem. T\u0101p\u0113c, ja priorit\u0101te ir vienk\u0101r\u0161\u0101k\u0101 iesp\u0113jam\u0101 Lampas lietot\u0101ja saskarne, tad PD40R ir gr\u016bti pretoties.<\/p>\n<p>Pd40r gaismas z\u012bm\u0113jumam ir sal\u012bdzino\u0161i pla\u0161s koncentr\u0113ts centrs ar labi apgaismot\u0101m att\u0101l\u0101m viet\u0101m. Kop\u0113jais gaismas pl\u016bsmas platums ir pat 65 gr\u0101di, kas padara lampu par labu visaptvero\u0161u gaismekli. Fenix PD40R ir \u013coti piem\u0113rots lieto\u0161anai m\u0101j\u0101s, med\u012bb\u0101m, viegl\u0101kai mekl\u0113\u0161anai un ikdienas apkalpo\u0161anai. Ir pieejamas \u010detras gaismas intensit\u0101tes no 30 l\u012bdz 3000 l\u016bmeniem.<\/p>\n<p>PD40R papildu funkcijas ietver akumulatora uzl\u0101des l\u012bme\u0146a indikatoru, akumulatora uzl\u0101des indikatoru un aizsardz\u012bbu pret p\u0101rkar\u0161anu. Pati lampa ir izgatavota no augstas kvalit\u0101tes alum\u012bnija sakaus\u0113juma un p\u0101rkl\u0101ta ar iztur\u012bgu III tipa anod\u0113tu p\u0101rkl\u0101jumu. PD40R maksim\u0101l\u0101 aizsardz\u012bbas klase ir IP68 2m, un t\u0101 ir p\u0101rbaud\u012bta ar triecieniztur\u012bbu 1,5 m no se\u0161\u0101m pus\u0113m. Lukturis ir vertik\u0101li aizmugur\u0113 (to var izmantot k\u0101 br\u012bvroku darba gaismu), un tas ir standarta komplekt\u0101cij\u0101 ar manevr\u0113\u0161anas klipu, aproci un galvojumu. Protams, ir iek\u013cauts ar\u012b 5000mAh akumulators ar ietilp\u012bbu 21700 Li-ion un uzl\u0101des kabelis.<\/p>\n","protected":false},"featured_media":145039,"template":"","meta":{"_acf_changed":false},"product_brand":[],"product_cat":[1037],"product_tag":[],"class_list":{"0":"post-145776","1":"product","2":"type-product","3":"status-publish","4":"has-post-thumbnail","6":"product_cat-lukturisi","8":"first","9":"instock","10":"purchasable","11":"product-type-simple"},"acf":[],"_links":{"self":[{"href":"https:\/\/kingarms.ee\/lv\/wp-json\/wp\/v2\/product\/145776","targetHints":{"allow":["GET"]}}],"collection":[{"href":"https:\/\/kingarms.ee\/lv\/wp-json\/wp\/v2\/product"}],"about":[{"href":"https:\/\/kingarms.ee\/lv\/wp-json\/wp\/v2\/types\/product"}],"wp:featuredmedia":[{"embeddable":true,"href":"https:\/\/kingarms.ee\/lv\/wp-json\/wp\/v2\/media\/145039"}],"wp:attachment":[{"href":"https:\/\/kingarms.ee\/lv\/wp-json\/wp\/v2\/media?parent=145776"}],"wp:term":[{"taxonomy":"product_brand","embeddable":true,"href":"https:\/\/kingarms.ee\/lv\/wp-json\/wp\/v2\/product_brand?post=145776"},{"taxonomy":"product_cat","embeddable":true,"href":"https:\/\/kingarms.ee\/lv\/wp-json\/wp\/v2\/product_cat?post=145776"},{"taxonomy":"product_tag","embeddable":true,"href":"https:\/\/kingarms.ee\/lv\/wp-json\/wp\/v2\/product_tag?post=145776"}],"curies":[{"name":"wp","href":"https:\/\/api.w.org\/{rel}","templated":true}]}}