{"id":145791,"date":"2025-02-22T20:48:22","date_gmt":"2025-02-22T17:48:22","guid":{"rendered":"https:\/\/kingarms.ee\/product\/fenix-tk05r\/"},"modified":"2025-08-02T12:50:12","modified_gmt":"2025-08-02T09:50:12","slug":"fenix-tk05r","status":"publish","type":"product","link":"https:\/\/kingarms.ee\/lv\/product\/fenix-tk05r\/","title":{"rendered":"FENIX TK05R"},"content":{"rendered":"","protected":false},"excerpt":{"rendered":"<p>Fenix tk05r ir \u012bpa\u0161i kompakts augstas veiktsp\u0113jas taktiskais luktur\u012btis, kura atsl\u0113gas v\u0101rdi papildus kompaktajam izm\u0113ram ir \u013coti liels gaismas pl\u016bsmas diapazons un ass un koncentr\u0113ts gaismas z\u012bm\u0113jums. 115 mm gar\u0101 luktur\u012b\u0161a maksim\u0101lais gaismas sp\u0113ks ir l\u012bdz 1000 l\u016bmeniem un maksim\u0101lais gaismas pl\u016bsmas diapazons ir l\u012bdz 450 metriem. Ir pieejamas tr\u012bs da\u017e\u0101das gaismas intensit\u0101tes (1000lm, 350lm un 30lm) un strobe re\u017e\u012bms pa\u0161aizsardz\u012bbai ar 1000lm gaismas intensit\u0101ti. Lampas aizmugur\u0113 ir divi atsevi\u0161\u0137i sl\u0113d\u017ei luktura p\u0101rsl\u0113g\u0161anai darb\u012bb\u0101 un p\u0101rsl\u0113g\u0161anas re\u017e\u012bmos. Papildus p\u0113d\u0113j\u0101 darb\u012bbas re\u017e\u012bma atmi\u0146as funkcijai lampai ir ar\u012b tie\u0161a p\u0101rsl\u0113g\u0161an\u0101s uz pa\u0161aizsardz\u012bbas re\u017e\u012bmu (strobe), k\u0101 ar\u012b \u012bslaic\u012bgs apgaismojuma re\u017e\u012bms. Fenix tk05r ir \u012bpa\u0161i kompakts, \u0146emot v\u0113r\u0101 t\u0101 iesp\u0113jas. Pilns garums 115mm, galvas diametrs 32mm un \u0137erme\u0146a diametrs 23.5 mm. svars ar iek\u013cauto nomain\u0101mo litija jonu akumulatoru ir 124g. Fenix tk05r maksim\u0101l\u0101 aizsardz\u012bbas klase ir IP68, un t\u0101 ir piln\u012bb\u0101 \u016bdensiztur\u012bga un iztur\u012bga pret laika apst\u0101k\u013ciem (p\u0101rbaud\u012bta 2m zem \u016bdens). Lampa ir tie\u0161i uzl\u0101d\u0113jama, izmantojot USB-C tie\u0161\u0101s uzl\u0101des portu, kas integr\u0113ts luktura korpus\u0101. K\u0101 tas ir rakstur\u012bgs Fenix profesion\u0101lajiem taktiskajiem luktur\u012b\u0161iem, tie\u0161\u0101s uzl\u0101des portam ir iek\u0161\u0113ja \u016bdens iztur\u012bba. Varb\u016bt lampas iek\u0161pus\u0113 nevar iek\u013c\u016bt ne \u016bdens, ne mitrums, pat ja nejau\u0161i aizmirs\u0101t aizv\u0113rt uzl\u0101des ligzdas putek\u013cu v\u0101ku. TK05R k\u0101 baro\u0161anas avotu izmanto standarta augstas kravnes\u012bbas tipa 18350 litija jonu akumulatoru. Ja akumulators laika gait\u0101 noveco, to var viegli nomain\u012bt. Lampas korpuss ir izgatavots no alum\u012bnija sakaus\u0113juma, p\u0101rkl\u0101ts ar mat\u0113tu III tipa anod\u0113\u0161anu. K\u0101 optika tiek izmantots gludas virsmas paraboliskais atstarot\u0101js, kuru dro\u0161i aizsarg\u0101 r\u016bd\u012bts miner\u0101lstikls ar pretatstarojo\u0161u cie\u0146u. Turkl\u0101t lampa ir apr\u012bkota ar uzl\u0101des indikatoru, akumulatora uzl\u0101des l\u012bme\u0146a indikatoru, k\u0101 ar\u012b aizsardz\u012bbu pret p\u0101rkar\u0161anu, kas seko autom\u0101tisk\u0101s Lampas darba temperat\u016brai. Fenix TK05R standarta komplekt\u0101 ietilpst Fenix ARB-L18-1100mAh litija jonu akumulators, rezerves bl\u012bv\u0113jums, uzl\u0101des kabelis, viegls jostas korpuss, aproce un lietot\u0101ja rokasgr\u0101mata.<\/p>\n","protected":false},"featured_media":145057,"template":"","meta":{"_acf_changed":false},"product_brand":[],"product_cat":[1037],"product_tag":[],"class_list":{"0":"post-145791","1":"product","2":"type-product","3":"status-publish","4":"has-post-thumbnail","6":"product_cat-lukturisi","8":"first","9":"instock","10":"purchasable","11":"product-type-simple"},"acf":[],"_links":{"self":[{"href":"https:\/\/kingarms.ee\/lv\/wp-json\/wp\/v2\/product\/145791","targetHints":{"allow":["GET"]}}],"collection":[{"href":"https:\/\/kingarms.ee\/lv\/wp-json\/wp\/v2\/product"}],"about":[{"href":"https:\/\/kingarms.ee\/lv\/wp-json\/wp\/v2\/types\/product"}],"wp:featuredmedia":[{"embeddable":true,"href":"https:\/\/kingarms.ee\/lv\/wp-json\/wp\/v2\/media\/145057"}],"wp:attachment":[{"href":"https:\/\/kingarms.ee\/lv\/wp-json\/wp\/v2\/media?parent=145791"}],"wp:term":[{"taxonomy":"product_brand","embeddable":true,"href":"https:\/\/kingarms.ee\/lv\/wp-json\/wp\/v2\/product_brand?post=145791"},{"taxonomy":"product_cat","embeddable":true,"href":"https:\/\/kingarms.ee\/lv\/wp-json\/wp\/v2\/product_cat?post=145791"},{"taxonomy":"product_tag","embeddable":true,"href":"https:\/\/kingarms.ee\/lv\/wp-json\/wp\/v2\/product_tag?post=145791"}],"curies":[{"name":"wp","href":"https:\/\/api.w.org\/{rel}","templated":true}]}}