{"id":145801,"date":"2025-02-22T20:48:22","date_gmt":"2025-02-22T17:48:22","guid":{"rendered":"https:\/\/kingarms.ee\/product\/fenix-tk16-v2-0\/"},"modified":"2025-08-02T12:51:41","modified_gmt":"2025-08-02T09:51:41","slug":"fenix-tk16-v2-0","status":"publish","type":"product","link":"https:\/\/kingarms.ee\/lv\/product\/fenix-tk16-v2-0\/","title":{"rendered":"FENIX TK16 V2.0"},"content":{"rendered":"","protected":false},"excerpt":{"rendered":"<p>TK16 V2.0 ir viegla, kompakta un vienk\u0101r\u0161a Taktisk\u0101 servisa Lampa ar vienk\u0101r\u0161u lietot\u0101ja saskarni, kas ir ide\u0101li piem\u0113rota ar\u012b k\u0101 iero\u010du lampa medniekiem. Fenix Tk16 v2. 0 ir tikai 143 mm gar\u0161, ar galvas diametru 34 mm un korpusa diametru 25,4 mm.lamp\u0101 tiek izmantots jaun\u0101s paaudzes lielas ietilp\u012bbas (5000mAh) tipa 21700 litija jonu akumulators, kura USB-C tie\u0161\u0101s uzl\u0101des versija tiek pieg\u0101d\u0101ta kop\u0101 ar lampu, kad to ieg\u0101d\u0101jas. Maksim\u0101lais gaismas sp\u0113ks ir 3100 l\u016bmeni, un maksim\u0101lais gaismas pl\u016bsmas diapazons ir 380m. lamp\u0101 ieb\u016bv\u0113ts temperat\u016bras regulators aizsarg\u0101 pret p\u0101rkar\u0161anu. Fenix Tk16 v2.0 ir paredz\u0113ts galvenok\u0101rt profesion\u0101lai lieto\u0161anai k\u0101 servisa lampa ties\u012bbaizsardz\u012bbas nozar\u0113. To nor\u0101da ar\u012b labi l\u012bdzsvarots luktura gaismas z\u012bm\u0113jums un taktiskais lietot\u0101ja interfeiss, kas sast\u0101v no diviem sl\u0113d\u017eiem, kas uzst\u0101d\u012bti akumulatora caurules gal\u0101 aiz luktura. Viens sl\u0113dzis var p\u0101rsl\u0113gt lampu uz darbu vai tie\u0161i ieiet strobe re\u017e\u012bm\u0101. Otrais sl\u0113dzis ir paredz\u0113ts gaismas intensit\u0101tes p\u0101rsl\u0113g\u0161anai. Kopum\u0101 Tk16 V2.0 ir piecas past\u0101v\u012bgas gaismas intensit\u0101tes no 30 l\u012bdz 3100 l\u016bmeniem. Turkl\u0101t luktura galvas priek\u0161puse ir apr\u012bkota ar sp\u0113c\u012bgu ner\u016bs\u0113jo\u0161\u0101 t\u0113rauda trieciena galu. T\u0101pat k\u0101 visas augstas kvalit\u0101tes servisa Lampas, Fenix Tk16 v2.0 ir \u016bdensiztur\u012bgs un iztur\u012bgs pret laika apst\u0101k\u013ciem (aizsardz\u012bbas klase IP68 2m) un p\u0101rbaud\u012bts pret triecieniztur\u012bbu. TK16 v2.0 ir piel\u0101gojams da\u017e\u0101diem Fenix piederumiem, piem\u0113ram, att\u0101luma sl\u0113dzim, satiksmes kontroliera z\u0101\u0123iem, kapuc\u0113m, iero\u010du stiprin\u0101jumiem utt. Ja j\u016bs mekl\u0113jat kompaktu, tom\u0113r sp\u0113j\u012bgu servisa lampu vai med\u012bbu lampu, Fenix Tk16 v2.0 noteikti ir viena no lab\u0101kaj\u0101m izv\u0113l\u0113m tirg\u016b.<\/p>\n","protected":false},"featured_media":145069,"template":"","meta":{"_acf_changed":false},"product_brand":[],"product_cat":[1037],"product_tag":[],"class_list":{"0":"post-145801","1":"product","2":"type-product","3":"status-publish","4":"has-post-thumbnail","6":"product_cat-lukturisi","8":"first","9":"instock","10":"purchasable","11":"product-type-simple"},"acf":[],"_links":{"self":[{"href":"https:\/\/kingarms.ee\/lv\/wp-json\/wp\/v2\/product\/145801","targetHints":{"allow":["GET"]}}],"collection":[{"href":"https:\/\/kingarms.ee\/lv\/wp-json\/wp\/v2\/product"}],"about":[{"href":"https:\/\/kingarms.ee\/lv\/wp-json\/wp\/v2\/types\/product"}],"wp:featuredmedia":[{"embeddable":true,"href":"https:\/\/kingarms.ee\/lv\/wp-json\/wp\/v2\/media\/145069"}],"wp:attachment":[{"href":"https:\/\/kingarms.ee\/lv\/wp-json\/wp\/v2\/media?parent=145801"}],"wp:term":[{"taxonomy":"product_brand","embeddable":true,"href":"https:\/\/kingarms.ee\/lv\/wp-json\/wp\/v2\/product_brand?post=145801"},{"taxonomy":"product_cat","embeddable":true,"href":"https:\/\/kingarms.ee\/lv\/wp-json\/wp\/v2\/product_cat?post=145801"},{"taxonomy":"product_tag","embeddable":true,"href":"https:\/\/kingarms.ee\/lv\/wp-json\/wp\/v2\/product_tag?post=145801"}],"curies":[{"name":"wp","href":"https:\/\/api.w.org\/{rel}","templated":true}]}}