{"id":145836,"date":"2025-02-22T20:48:22","date_gmt":"2025-02-22T17:48:22","guid":{"rendered":"https:\/\/kingarms.ee\/product\/fenix-tk22r\/"},"modified":"2025-08-02T12:57:12","modified_gmt":"2025-08-02T09:57:12","slug":"fenix-tk22r","status":"publish","type":"product","link":"https:\/\/kingarms.ee\/lv\/product\/fenix-tk22r\/","title":{"rendered":"FENIX TK22R"},"content":{"rendered":"","protected":false},"excerpt":{"rendered":"<p>Fenix tk22r ir pilna izm\u0113ra (40 mm galvas diametra) luktur\u012btis ar \u012bpa\u0161u taktisko lietot\u0101ja saskarni. Lampas garums ir 158 mm, galvas diametrs ir 40 mm, Korpusa diametrs ir 25,4 mm. t\u0101 ir \u0101rk\u0101rt\u012bgi labi izstr\u0101d\u0101ta Lampa ar izcilu veiktsp\u0113ju izm\u0113ra un taktisk\u0101s lietot\u0101ja saskarnes zi\u0146\u0101. Tk22r maksim\u0101l\u0101 gaismas jauda, pateicoties Luminus SFT70 LED elementam, ir 3200 l\u016bmeni, un gaismas pl\u016bsmas diapazons ir l\u012bdz 480 metriem. Lukturis ir apr\u012bkots ar divu vien\u0101 jaudas un intensit\u0101tes sl\u0113dzi aizmugur\u0113 un atsevi\u0161\u0137u, nedaudz padzi\u013cin\u0101tu, Ieskr\u016bv\u0113jama re\u017e\u012bma izv\u0113les pogu (Fenix Flexisensa sl\u0113dzis). Ja ar pirmo pogu ir iesp\u0113jams p\u0101rsl\u0113gt lampu darb\u012bb\u0101 un izv\u0113l\u0113ties atbilsto\u0161u gaismas intensit\u0101ti, tad ar otro sl\u0113dzi ir iesp\u0113jams izv\u0113l\u0113ties lietot\u0101jam piem\u0113rotu darba re\u017e\u012bmu grupu. Ir tr\u012bs grupas: Taktisk\u0101 (pieejama ar maksim\u0101lo gaismas intensit\u0101ti un stroboskopa re\u017e\u012bmu ar maksim\u0101lo gaismas intensit\u0101ti), darbs vai pien\u0101kums (Pieejams ar \u010detr\u0101m gaismas intensit\u0101t\u0113m, bet ne stroboskopu) un sl\u0113dzene (lampa ir blo\u0137\u0113ta neakt\u012bv\u0101 st\u0101vokl\u012b). T\u0101d\u0113j\u0101di Fenix tk22r ir piln\u012bb\u0101 darbin\u0101ms ar vienas rokas \u012bk\u0161\u0137i, nepiev\u0113r\u0161ot uzman\u012bbu apgaismot\u0101jam. Kopum\u0101 TK22R ir pieejamas \u010detras da\u017e\u0101das gaismas intensit\u0101tes diapazon\u0101 no 30&#8230;3200 l\u016bmeni. Darbina jaun\u0101s paaudzes lielas ietilp\u012bbas tipa 21700 litija jonu akumulators. Uzl\u0101d\u0113\u0161anai akumulators nav j\u0101no\u0146em no luktura, bet tas tiek tie\u0161i uzl\u0101d\u0113ts caur lamp\u0101 integr\u0113to USB-C uzl\u0101des ligzdu. Tk22r uzl\u0101des ligzda ir piln\u012bgi \u016bdensiztur\u012bga, pat bez aizsardz\u012bbas, ta\u010du t\u0101 ir apr\u012bkota ar sp\u0113c\u012bgu met\u0101la aizsardz\u012bbu, lai nov\u0113rstu putek\u013cu un net\u012brumu iek\u013c\u016b\u0161anu un nov\u0113rstu meh\u0101niskus boj\u0101jumus (liel\u0101kaj\u0101 da\u013c\u0101 lampu tiek izmantots tikai Silikona aizsargapvalks). Lampas akumulatora papl\u0101te ir apr\u012bkota ar kompens\u0101cijas atsper\u0113m abos galos, kas palielina lampas iztur\u012bbu pret triecieniem, kritieniem un pistoles atsitienu. Fenix tk22r ir piln\u012bb\u0101 \u016bdensiztur\u012bgs gan ar atv\u0113rt\u0101m, gan aizv\u0113rt\u0101m uzl\u0101des ligzd\u0101m, un tam ir maksim\u0101l\u0101 aizsardz\u012bbas klase IP68 2m, turkl\u0101t lampa piel\u0101gojas pla\u0161am piederumu kl\u0101stam, s\u0101kot no da\u017e\u0101diem iero\u010du stiprin\u0101jumiem l\u012bdz att\u0101luma sl\u0113d\u017eiem, regulatora z\u0101\u0123iem un gaismas filtriem. Fenix TK22R ir paredz\u0113ts galvenok\u0101rt policijas un ties\u012bbaizsardz\u012bbas dienestiem, bet to veiksm\u012bgi izmanto ar\u012b priv\u0101taj\u0101 sektor\u0101. Fenix tk22r tiek pieg\u0101d\u0101ts komplekt\u0101 ar lampu, lielas ietilp\u012bbas (5000mAh) Fenix ARB-L21-5000 v2.0 litija jonu akumulatoru, USB-C uzl\u0101des kabeli, vieglu jostas korpusu, aproci, rezerves gredzenu bl\u012bves un lietot\u0101ja rokasgr\u0101matu. K\u0101 piederumi ir pieejami akumulatori, att\u0101luma sl\u0113dzis, pistoles stiprin\u0101jumi, filtri, regul\u0113t\u0101jz\u0101\u0123i un daudz kas cits.<\/p>\n","protected":false},"featured_media":145111,"template":"","meta":{"_acf_changed":false},"product_brand":[],"product_cat":[1037],"product_tag":[],"class_list":{"0":"post-145836","1":"product","2":"type-product","3":"status-publish","4":"has-post-thumbnail","6":"product_cat-lukturisi","8":"first","9":"instock","10":"purchasable","11":"product-type-simple"},"acf":[],"_links":{"self":[{"href":"https:\/\/kingarms.ee\/lv\/wp-json\/wp\/v2\/product\/145836","targetHints":{"allow":["GET"]}}],"collection":[{"href":"https:\/\/kingarms.ee\/lv\/wp-json\/wp\/v2\/product"}],"about":[{"href":"https:\/\/kingarms.ee\/lv\/wp-json\/wp\/v2\/types\/product"}],"wp:featuredmedia":[{"embeddable":true,"href":"https:\/\/kingarms.ee\/lv\/wp-json\/wp\/v2\/media\/145111"}],"wp:attachment":[{"href":"https:\/\/kingarms.ee\/lv\/wp-json\/wp\/v2\/media?parent=145836"}],"wp:term":[{"taxonomy":"product_brand","embeddable":true,"href":"https:\/\/kingarms.ee\/lv\/wp-json\/wp\/v2\/product_brand?post=145836"},{"taxonomy":"product_cat","embeddable":true,"href":"https:\/\/kingarms.ee\/lv\/wp-json\/wp\/v2\/product_cat?post=145836"},{"taxonomy":"product_tag","embeddable":true,"href":"https:\/\/kingarms.ee\/lv\/wp-json\/wp\/v2\/product_tag?post=145836"}],"curies":[{"name":"wp","href":"https:\/\/api.w.org\/{rel}","templated":true}]}}