{"id":145856,"date":"2025-02-22T20:48:22","date_gmt":"2025-02-22T17:48:22","guid":{"rendered":"https:\/\/kingarms.ee\/product\/fenix-tk75\/"},"modified":"2025-08-02T13:00:30","modified_gmt":"2025-08-02T10:00:30","slug":"fenix-tk75","status":"publish","type":"product","link":"https:\/\/kingarms.ee\/lv\/product\/fenix-tk75\/","title":{"rendered":"FENIX TK75"},"content":{"rendered":"","protected":false},"excerpt":{"rendered":"<p>TK75 ir Fenix neapstr\u012bdamais Bestsellers un viens no galvenajiem mode\u013ciem Fenix ra\u017eo\u0161anas v\u0113stur\u0113. Tk75 ir univers\u0101la mekl\u0113\u0161anas Lampa ar \u013coti labu gaismas jaudu, gaismas pl\u016bsmas diapazonu, kompaktumu un funkcionalit\u0101ti. Galvenie faktori, kas padara Tk75 \u012bpa\u0161u, ir 5100 l\u016bmena gaismas jauda, 850 m gaismas pl\u016bsmas diapazons, labi sabalans\u0113ts gaismas z\u012bm\u0113jums, \u013coti ilgs darb\u012bbas laiks starp l\u0101di\u0146iem un \u010detr\u0101m nomain\u0101m\u0101m 18650 tipa litija jonu baterij\u0101m, kas iepakotas paroc\u012bg\u0101 luktur\u012bt\u012b, kura garums ir tikai 188 mm. TK75 var nodro\u0161in\u0101t priek\u0161z\u012bm\u012bgu veiktsp\u0113ju un funkcionalit\u0101ti jebkur\u0101 dz\u012bves jom\u0101 un jebkuros apst\u0101k\u013cos.<\/p>\n<p>Fenix Tk75 gadu gait\u0101 ir sa\u0146\u0113mis vair\u0101kus tehniskus jaunin\u0101jumus. M\u016bsdien\u0101s lampa ir apr\u012bkota ar gludu \u010detru sekciju parabolisko atstarot\u0101ju, kura apak\u0161\u0101 atrodas \u010detri Cree XHP35 HI LED elementi. \u010cetru sekciju dzi\u013cais atstarot\u0101js nodro\u0161ina lampu ar \u013coti labu gaismas pl\u016bsmas diapazonu ar \u0101rk\u0101rt\u012bgi l\u012bdzsvarotu gaismas z\u012bm\u0113jumu-ir pietiekami daudz gaismas, lai apskat\u012btu t\u0101lu un apgaismotu perif\u0113riju. TK75 ir apr\u012bkots ar ner\u016bs\u0113jo\u0161\u0101 t\u0113rauda s\u0101nu sl\u0113d\u017eiem, caur kuriem var iesl\u0113gt lampu un main\u012bt darba re\u017e\u012bmus. Kopum\u0101 ir pieejamas se\u0161as da\u017e\u0101das gaismas intensit\u0101tes no 50 l\u012bdz 5100 l\u016bmeniem un divi \u012bpa\u0161i re\u017e\u012bmi. Sl\u0113d\u017eiem ir ar\u012b blo\u0137\u0113\u0161anas re\u017e\u012bms, lai nov\u0113rstu nejau\u0161u luktura aktiviz\u0113\u0161anu. Fenix Tk75 k\u0101 baro\u0161anas avotus izmanto \u010detras 18650 tipa litija jonu baterijas (komplekt\u0101 iek\u013cautas 4 * 3500mAh baterijas). Lai uzl\u0101d\u0113tu baterijas, nav nepiecie\u0161ams papildu akumulatora l\u0101d\u0113t\u0101js. In-Lampas akumulatora tur\u0113t\u0101jam ir mikro-USB uzl\u0101des ligzda, caur kuru j\u016bs varat \u0101tri un \u0113rti uzl\u0101d\u0113t baterijas. Uzl\u0101des kabelis ir iek\u013cauts standarta lampu komplekt\u0101. \u0100rk\u0101rtas situ\u0101cij\u0101 lampu var izmantot ar\u012b ar div\u0101m 18650 baterij\u0101m vai CR123A litija baterij\u0101m. Turkl\u0101t TK75 ir apr\u012bkots ar akumulatora uzl\u0101des l\u012bme\u0146a indikatoru, kas atrodas starp sl\u0113d\u017eiem, akumulatora tur\u0113t\u0101j\u0101 integr\u0113tu uzl\u0101des indikatoru, tie\u0161\u0101 sl\u0113d\u017ea funkciju maksim\u0101laj\u0101 darba re\u017e\u012bm\u0101 un strobe re\u017e\u012bm\u0101, sl\u0113d\u017ea blo\u0137\u0113\u0161anas funkciju, digit\u0101li stabiliz\u0113tu gaismas intensit\u0101ti, revers\u0101s polarit\u0101tes aizsardz\u012bbu, lai aizsarg\u0101tu nepareizu bateriju ievieto\u0161anu, anod\u0113tu III tipa p\u0101rkl\u0101jumu un pastiprin\u0101tu pretatstarojo\u0161u atstarot\u0101ja p\u0101rsega stiklu.<\/p>\n","protected":false},"featured_media":145135,"template":"","meta":{"_acf_changed":false},"product_brand":[],"product_cat":[1037],"product_tag":[],"class_list":{"0":"post-145856","1":"product","2":"type-product","3":"status-publish","4":"has-post-thumbnail","6":"product_cat-lukturisi","8":"first","9":"instock","10":"purchasable","11":"product-type-simple"},"acf":[],"_links":{"self":[{"href":"https:\/\/kingarms.ee\/lv\/wp-json\/wp\/v2\/product\/145856","targetHints":{"allow":["GET"]}}],"collection":[{"href":"https:\/\/kingarms.ee\/lv\/wp-json\/wp\/v2\/product"}],"about":[{"href":"https:\/\/kingarms.ee\/lv\/wp-json\/wp\/v2\/types\/product"}],"wp:featuredmedia":[{"embeddable":true,"href":"https:\/\/kingarms.ee\/lv\/wp-json\/wp\/v2\/media\/145135"}],"wp:attachment":[{"href":"https:\/\/kingarms.ee\/lv\/wp-json\/wp\/v2\/media?parent=145856"}],"wp:term":[{"taxonomy":"product_brand","embeddable":true,"href":"https:\/\/kingarms.ee\/lv\/wp-json\/wp\/v2\/product_brand?post=145856"},{"taxonomy":"product_cat","embeddable":true,"href":"https:\/\/kingarms.ee\/lv\/wp-json\/wp\/v2\/product_cat?post=145856"},{"taxonomy":"product_tag","embeddable":true,"href":"https:\/\/kingarms.ee\/lv\/wp-json\/wp\/v2\/product_tag?post=145856"}],"curies":[{"name":"wp","href":"https:\/\/api.w.org\/{rel}","templated":true}]}}