{"id":145861,"date":"2025-02-22T20:48:02","date_gmt":"2025-02-22T17:48:02","guid":{"rendered":"https:\/\/kingarms.ee\/product\/fenix-hm75r-se\/"},"modified":"2025-08-02T13:01:22","modified_gmt":"2025-08-02T10:01:22","slug":"fenix-hm75r-se","status":"publish","type":"product","link":"https:\/\/kingarms.ee\/lv\/product\/fenix-hm75r-se\/","title":{"rendered":"FENIX HM75R SE"},"content":{"rendered":"","protected":false},"excerpt":{"rendered":"<p>Fenix HM75R SE (vienk\u0101r\u0161ots izdevums) ir daudzfunkcion\u0101la augstas veiktsp\u0113jas profesion\u0101la galvas lampa. HM75R SE maksim\u0101l\u0101 gaismas intensit\u0101te ir 1600 l\u016bmeni, un gaismas pl\u016bsmas diapazons ir 223 metri. Ir pieejamas gan balt\u0101 punkta gaismas (4 gaismas intensit\u0101tes 1600lm-50lm), gan dif\u016bz\u0101s neitr\u0101l\u0101s balt\u0101s gaismas (4 gaismas intensit\u0101tes 1000lm-5lm), gan sarkan\u0101s gaismas (3 gaismas intensit\u0101tes 120lm-5lm + mirgojo\u0161s re\u017e\u012bms). Darbina ar nomain\u0101mu 3400mAh standarta 18650 litija jonu akumulatoru lamp\u0101, maksim\u0101lais darb\u012bbas laiks ar minim\u0101lo gaismas intensit\u0101ti 5lm jau ir l\u012bdz 100 sec\u012bg\u0101m darba stund\u0101m vai nedaudz vair\u0101k par \u010detr\u0101m dien\u0101m. Fenix HM75R SE ir izgatavots no \u012bpa\u0161i viegla augstas kvalit\u0101tes magnija sakaus\u0113juma (svara ietaup\u012bjums sal\u012bdzin\u0101jum\u0101 ar alum\u012bniju ir aptuveni 30%), un lampa ir iztur\u0113jusi kritiena testus no 2m augstuma l\u012bdz se\u0161\u0101m pus\u0113m. Turkl\u0101t HM75R SE ir piln\u012bb\u0101 \u016bdensiztur\u012bgs, un t\u0101 maksim\u0101l\u0101 aizsardz\u012bbas klase ir IP68 2m. Lai p\u0101rsl\u0113gtu lampu darb\u012bb\u0101 un p\u0101rsl\u0113gtu re\u017e\u012bmus, lampa ir apr\u012bkota ar vienk\u0101r\u0161u pagrie\u017eamu spiediena sl\u0113dzi, kas darbojas ar\u012b ar cimdiem. Lai izv\u0113l\u0113tos atbilsto\u0161o gaismas funkciju, sl\u0113dzim j\u0101b\u016bt pagrieztam atbilsto\u0161\u0101 st\u0101vokl\u012b un sl\u0113dzim j\u0101b\u016bt nospiestam, lai main\u012btu gaismas intensit\u0101ti. Fenix HM75R SE ir apr\u012bkots ar inteli\u0123entu gaismas intensit\u0101tes samazin\u0101\u0161anas sist\u0113mu, kas samazina luktura gaismas sp\u0113ku, ja objekts paliek t\u0101 priek\u0161\u0101 (darbojas no 6 cm att\u0101luma). Standart\u0101 Fenix HM75R SE ir ar\u012b baro\u0161anas avotu uzl\u0101des l\u012bme\u0146a indikators, uzl\u0101des indikators, br\u012bdin\u0101jums par nepietiekamu izl\u0101di un integr\u0113ta autom\u0101tiska aizsardz\u012bba pret p\u0101rkar\u0161anu (atbilsto\u0161i Lampas darba temperat\u016brai). Fenix HM75R SE tiek pieg\u0101d\u0101ts k\u0101 lieto\u0161anai gatavs komplekts, kur\u0101 ietilpst 3400mAh akumulators, 5000mAh akumulators, rezerves O-gredzeni, papildu akumulatora papl\u0101te, ko izmanto k\u0101 akumulatora banku, pagarin\u0101t\u0101js un lietot\u0101ja rokasgr\u0101mata papildus lampai un galvas saitei. At\u0161\u0137ir\u012bba starp HM75R un HM75R SE ir t\u0101, ka HM75R SE tiek pieg\u0101d\u0101ts bez atsevi\u0161\u0137as akumulatora papl\u0101tes, kas kalpo akumulatora bankas funkcijai, kas piestiprin\u0101ta galvas saites aizmugur\u0113. Ja v\u0113laties pievienot papildu akumulatora paliktni savam Fenix HM75R se galvenajam lukturim, kas ir l\u012bdz\u012bgs HM75R modelim, tad lampa ir gatava tam.<\/p>\n","protected":false},"featured_media":144907,"template":"","meta":{"_acf_changed":false},"product_brand":[],"product_cat":[1037],"product_tag":[],"class_list":{"0":"post-145861","1":"product","2":"type-product","3":"status-publish","4":"has-post-thumbnail","6":"product_cat-lukturisi","8":"first","9":"instock","10":"purchasable","11":"product-type-simple"},"acf":[],"_links":{"self":[{"href":"https:\/\/kingarms.ee\/lv\/wp-json\/wp\/v2\/product\/145861","targetHints":{"allow":["GET"]}}],"collection":[{"href":"https:\/\/kingarms.ee\/lv\/wp-json\/wp\/v2\/product"}],"about":[{"href":"https:\/\/kingarms.ee\/lv\/wp-json\/wp\/v2\/types\/product"}],"wp:featuredmedia":[{"embeddable":true,"href":"https:\/\/kingarms.ee\/lv\/wp-json\/wp\/v2\/media\/144907"}],"wp:attachment":[{"href":"https:\/\/kingarms.ee\/lv\/wp-json\/wp\/v2\/media?parent=145861"}],"wp:term":[{"taxonomy":"product_brand","embeddable":true,"href":"https:\/\/kingarms.ee\/lv\/wp-json\/wp\/v2\/product_brand?post=145861"},{"taxonomy":"product_cat","embeddable":true,"href":"https:\/\/kingarms.ee\/lv\/wp-json\/wp\/v2\/product_cat?post=145861"},{"taxonomy":"product_tag","embeddable":true,"href":"https:\/\/kingarms.ee\/lv\/wp-json\/wp\/v2\/product_tag?post=145861"}],"curies":[{"name":"wp","href":"https:\/\/api.w.org\/{rel}","templated":true}]}}