{"id":145866,"date":"2025-02-22T20:48:02","date_gmt":"2025-02-22T17:48:02","guid":{"rendered":"https:\/\/kingarms.ee\/product\/fenix-hp16r\/"},"modified":"2025-08-02T13:02:10","modified_gmt":"2025-08-02T10:02:10","slug":"fenix-hp16r","status":"publish","type":"product","link":"https:\/\/kingarms.ee\/lv\/product\/fenix-hp16r\/","title":{"rendered":"FENIX HP16R"},"content":{"rendered":"","protected":false},"excerpt":{"rendered":"<p>HP16R pieder Fenix augstas veiktsp\u0113jas profesion\u0101lo galveno lukturu saimei, kas galvenok\u0101rt paredz\u0113ta darbam un atp\u016btai br\u012bv\u0101 dab\u0101 (p\u0101rg\u0101jieniem). Tas ir pa\u0161piedzi\u0146as galvenais lukturis ar maksim\u0101lo gaismas jaudu 1250 l\u016bmeni punkta gaismas re\u017e\u012bm\u0101 un 400 l\u016bmeni izklied\u0113t\u0101 gaismas re\u017e\u012bm\u0101. Maksim\u0101lais gaismas pl\u016bsmas diapazons l\u012bdz 255 metriem. Luktura galvas da\u013ca ir izgatavota no alum\u012bnija sakaus\u0113juma un sl\u0113pj gan punktveida gaismas optiku (maks.1250LM), dif\u016bz\u0101s gaismas optika (maks.400lm), k\u0101 ar\u012b sarkan\u0101s gaismas optika. Luminus sst40 balt\u0101s gaismas LED elements tiek izmantots k\u0101 punktveida gaisma, un Cree XP-G3 S4 neitr\u0101l\u0101s balt\u0101s gaismas LED elements tiek izmantots k\u0101 izklied\u0113ta gaisma. Hp16r kopum\u0101 ir \u010detru punktu gaismas stiprums, tr\u012bs izklied\u0113tas gaismas stiprums un divi Sarkan\u0101s gaismas re\u017e\u012bmi. Abiem balt\u0101s gaismas re\u017e\u012bmiem Lampas aug\u0161pus\u0113 ir savs sl\u0113dzis. Gaismas re\u017e\u012bmus var p\u0101rsl\u0113gt uz darbu atsevi\u0161\u0137i un ar\u012b kombin\u0101cij\u0101. T\u0101d\u0113j\u0101di katrs lietot\u0101js var viegli izv\u0113l\u0113ties gaismas z\u012bm\u0113jumu un gaismas intensit\u0101ti, kas vi\u0146am vai vi\u0146ai nepiecie\u0161ama, nospie\u017eot pogu. Lampas baro\u0161anas avots ir uzst\u0101d\u012bts galvas saites aizmugur\u0113. \u0160\u012b vieno\u0161an\u0101s nodro\u0161ina lab\u0101ku galven\u0101 luktura svara sadal\u012bjumu. Hp16r darbojas no iek\u013caut\u0101 3000mAh ietilp\u012bbas litija polim\u0113ra akumulatora. Akumulators ir tie\u0161i uzl\u0101d\u0113jams, neno\u0146emot lampu caur standarta USB-C kabeli (iek\u013cauts komplekt\u0101). Ja akumulators k\u013c\u016bst tuk\u0161s un \u0161obr\u012bd to nevar uzl\u0101d\u0113t, to var viegli no\u0146emt un aizst\u0101t ar \u010detr\u0101m visizplat\u012bt\u0101kaj\u0101m AA izm\u0113ra Ni-MH baterij\u0101m vai s\u0101rma baterij\u0101m. Pateicoties t\u0101 dizainam un iesp\u0113j\u0101m, HP16R ir ide\u0101li piem\u0113rots ar\u012b k\u0101 \u0137iveres lampa. Ja \u0137iverei tr\u016bkst stiprin\u0101juma cilpu Lampas galvas saites piestiprin\u0101\u0161anai, tad Fenix t\u0101s ir iek\u013c\u0101vis luktura standarta komplekt\u0101. Fenix HP16R tiek pieg\u0101d\u0101ts k\u0101 komplekts, ieskaitot galvas saiti, 3000mAh uzl\u0101d\u0113jamu litija polim\u0113ru akumulatoru, \u0136iveres stiprin\u0101juma klipus galvas saitei, USB-C uzl\u0101des kabeli, uzglab\u0101\u0161anas maisi\u0146u Lampas glab\u0101\u0161anai un lietot\u0101ja rokasgr\u0101matu.<\/p>\n<p>Fenix HP16R Papildinform\u0101cija un funkcijas: sarkana, balta un neitr\u0101la balta gaisma vien\u0101 galvenaj\u0101 lamp\u0101, izmantojama gan ar akumulatoru, gan ar AA baterij\u0101m, autonoma p\u0101rsl\u0113g\u0161an\u0101s uz jebkuru gaismas re\u017e\u012bmu, blo\u0137\u0113\u0161anas funkcija, lai pasarg\u0101tu no nejau\u0161as iesl\u0113g\u0161an\u0101s, \u0101tras uzl\u0101des protokols, luktura galvas sl\u012bpums uz aug\u0161u uz leju, Labs l\u012bdzsvara sadal\u012bjums uz galvas saites, luktura galvas saite un aizmugures baro\u0161anas paliktnis, kas apr\u012bkots ar atstarojo\u0161iem elementiem, \u012bpa\u0161i gar\u0161 Temperat\u016bras diapazons -35&#8230;+ 45 gr\u0101di.<\/p>\n","protected":false},"featured_media":144913,"template":"","meta":{"_acf_changed":false},"product_brand":[],"product_cat":[1037],"product_tag":[],"class_list":{"0":"post-145866","1":"product","2":"type-product","3":"status-publish","4":"has-post-thumbnail","6":"product_cat-lukturisi","8":"first","9":"instock","10":"purchasable","11":"product-type-simple"},"acf":[],"_links":{"self":[{"href":"https:\/\/kingarms.ee\/lv\/wp-json\/wp\/v2\/product\/145866","targetHints":{"allow":["GET"]}}],"collection":[{"href":"https:\/\/kingarms.ee\/lv\/wp-json\/wp\/v2\/product"}],"about":[{"href":"https:\/\/kingarms.ee\/lv\/wp-json\/wp\/v2\/types\/product"}],"wp:featuredmedia":[{"embeddable":true,"href":"https:\/\/kingarms.ee\/lv\/wp-json\/wp\/v2\/media\/144913"}],"wp:attachment":[{"href":"https:\/\/kingarms.ee\/lv\/wp-json\/wp\/v2\/media?parent=145866"}],"wp:term":[{"taxonomy":"product_brand","embeddable":true,"href":"https:\/\/kingarms.ee\/lv\/wp-json\/wp\/v2\/product_brand?post=145866"},{"taxonomy":"product_cat","embeddable":true,"href":"https:\/\/kingarms.ee\/lv\/wp-json\/wp\/v2\/product_cat?post=145866"},{"taxonomy":"product_tag","embeddable":true,"href":"https:\/\/kingarms.ee\/lv\/wp-json\/wp\/v2\/product_tag?post=145866"}],"curies":[{"name":"wp","href":"https:\/\/api.w.org\/{rel}","templated":true}]}}