{"id":145918,"date":"2025-02-22T20:48:02","date_gmt":"2025-02-22T17:48:02","guid":{"rendered":"https:\/\/kingarms.ee\/product\/fenix-ld12r\/"},"modified":"2025-08-03T16:44:29","modified_gmt":"2025-08-03T13:44:29","slug":"fenix-ld12r","status":"publish","type":"product","link":"https:\/\/kingarms.ee\/lv\/product\/fenix-ld12r\/","title":{"rendered":"FENIX LD12R"},"content":{"rendered":"","protected":false},"excerpt":{"rendered":"<p>FENIX LD12R<\/p>\n<p>LD12R ir viens no visizteikt\u0101kajiem univers\u0101lajiem luktur\u012b\u0161iem Fenix diapazon\u0101. Tas ir kompakts izm\u0113rs (garums 122mm, galvas diametrs 22mm, \u0137erme\u0146a diametrs 19mm) slim Lukturis ar diviem gaismas avotiem. Prim\u0101rais gaismas avots atrodas lampas priek\u0161pus\u0113, t\u0101pat k\u0101 liel\u0101k\u0101 da\u013ca luktur\u012b\u0161u. Maksim\u0101l\u0101 gaismas intensit\u0101te ir 600 l\u016bmeni, un maksim\u0101lais gaismas pl\u016bsmas diapazons ir 186 metri. Sekund\u0101rais gaismas avots ir atsevi\u0161\u0137s LED elements Lampas pus\u0113, kas ir paredz\u0113ts, lai nodro\u0161in\u0101tu vienm\u0113r\u012bgu un m\u012bkstu izklied\u0113tu darba gaismu ar gaismas intensit\u0101ti l\u012bdz 100 l\u016bmeniem. Lai padar\u012btu lampu v\u0113l univers\u0101l\u0101ku, Fenix luktura kabatas klip\u0101 ir uzst\u0101d\u012bjis sp\u0113c\u012bgu mont\u0101\u017eas magn\u0113tu, ko var izmantot, lai lampu piestiprin\u0101tu pie feromagn\u0113tisk\u0101m met\u0101la virsm\u0101m gan vertik\u0101l\u0101, gan horizont\u0101l\u0101 st\u0101vokl\u012b. Kopum\u0101 lampai ir \u010detras gaismas intensit\u0101tes punktveida gaismas re\u017e\u012bm\u0101 un tr\u012bs izklied\u0113t\u0101s gaismas re\u017e\u012bm\u0101. Ir ar\u012b&#8221; moonlight &#8221; re\u017e\u012bms ar 1LM gaismas intensit\u0101ti, kur\u0101 Lampas akumulators ilgst l\u012bdz 110 sec\u012bg\u0101m darba stund\u0101m ar vienu uzl\u0101di. Str\u0101vas padevi nodro\u0161ina standarta nomain\u0101ms 14500 tipa litija jonu akumulators, kas p\u0113c izv\u0113les ir nomain\u0101ms gan ar AA s\u0101rma akumulatoru, gan ar NiMH akumulatoru. Lai uzl\u0101d\u0113tu iek\u013cauto akumulatoru, tas nav j\u0101no\u0146em no luktura, bet uzl\u0101de tiek veikta caur USB-C tie\u0161\u0101s uzl\u0101des portu, kas gudri ir pasl\u0113pts luktura korpus\u0101. Tuk\u0161a akumulatora uzl\u0101des laiks ir 2 stundas. T\u0101pat k\u0101 visas citas Fenix profila Lampas, LD12R ir izgatavots no iztur\u012bga alum\u012bnija sakaus\u0113juma, kas p\u0101rkl\u0101ts ar III tipa anod\u0113\u0161anu. LD12R maksim\u0101l\u0101 aizsardz\u012bbas klase ir IP68, un t\u0101 \u016bdens iztur\u012bba ir p\u0101rbaud\u012bta l\u012bdz 2 metriem. Pieg\u0101des komplekt\u0101 ietilpst viss nepiecie\u0161amais, lai nekav\u0113joties izmantotu lampu: Fenix ARB-L14-800 Li-ion akumulators, USB-C uzl\u0101des kabelis, aproce, rezerves O-gredzens un lietot\u0101ja rokasgr\u0101mata.<\/p>\n","protected":false},"featured_media":144961,"template":"","meta":{"_acf_changed":false},"product_brand":[],"product_cat":[1037],"product_tag":[],"class_list":{"0":"post-145918","1":"product","2":"type-product","3":"status-publish","4":"has-post-thumbnail","6":"product_cat-lukturisi","8":"first","9":"instock","10":"purchasable","11":"product-type-simple"},"acf":[],"_links":{"self":[{"href":"https:\/\/kingarms.ee\/lv\/wp-json\/wp\/v2\/product\/145918","targetHints":{"allow":["GET"]}}],"collection":[{"href":"https:\/\/kingarms.ee\/lv\/wp-json\/wp\/v2\/product"}],"about":[{"href":"https:\/\/kingarms.ee\/lv\/wp-json\/wp\/v2\/types\/product"}],"wp:featuredmedia":[{"embeddable":true,"href":"https:\/\/kingarms.ee\/lv\/wp-json\/wp\/v2\/media\/144961"}],"wp:attachment":[{"href":"https:\/\/kingarms.ee\/lv\/wp-json\/wp\/v2\/media?parent=145918"}],"wp:term":[{"taxonomy":"product_brand","embeddable":true,"href":"https:\/\/kingarms.ee\/lv\/wp-json\/wp\/v2\/product_brand?post=145918"},{"taxonomy":"product_cat","embeddable":true,"href":"https:\/\/kingarms.ee\/lv\/wp-json\/wp\/v2\/product_cat?post=145918"},{"taxonomy":"product_tag","embeddable":true,"href":"https:\/\/kingarms.ee\/lv\/wp-json\/wp\/v2\/product_tag?post=145918"}],"curies":[{"name":"wp","href":"https:\/\/api.w.org\/{rel}","templated":true}]}}