{"id":145928,"date":"2025-02-22T20:48:02","date_gmt":"2025-02-22T17:48:02","guid":{"rendered":"https:\/\/kingarms.ee\/product\/fenix-ld45r\/"},"modified":"2025-08-02T13:12:56","modified_gmt":"2025-08-02T10:12:56","slug":"fenix-ld45r","status":"publish","type":"product","link":"https:\/\/kingarms.ee\/lv\/product\/fenix-ld45r\/","title":{"rendered":"FENIX LD45R"},"content":{"rendered":"","protected":false},"excerpt":{"rendered":"<p>Fenix LD45R ir \u0101rk\u0101rt\u012bgi unik\u0101ls luktur\u012btis un RedDot dizaina balvas ieguv\u0113js, pateicoties novatoriskajai fokus\u0113\u0161anas (t\u0101lummai\u0146as) tehnolo\u0123ijai. Tas ir tre\u0161ais un kompakt\u0101kais no trim s\u0113rijveid\u0101 ra\u017eotajiem luktur\u012b\u0161iem pasaul\u0113 ar digit\u0101lo t\u0101lummai\u0146u un ir piln\u012bb\u0101 \u016bdensiztur\u012bgs un laika apst\u0101k\u013cu iztur\u012bgs (aizsardz\u012bbas klase IP68, p\u0101rbaud\u012bta 2m dzi\u013c\u0101 \u016bden\u012b). Tas noz\u012bm\u0113, ka at\u0161\u0137ir\u012bb\u0101 no citiem ra\u017eo\u0161an\u0101 eso\u0161ajiem meh\u0101niski tuvin\u0101tajiem luktur\u012b\u0161iem Fenix LD45R nav kust\u012bgu da\u013cu, un t\u0101p\u0113c, tuvinot lampu, nav ne nepietiekama, ne p\u0101rspiediena, kas absorb\u0113tu \u016bdeni un mitrumu lamp\u0101. Fokus\u0113\u0161ana ir vienk\u0101r\u0161a un \u0101tra, tai nav nepiecie\u0161amas divas rokas, un zibspuldzes dizain\u0101 nav viegli ievainojamu un nodilu\u0161u izliektu l\u0113cu. Fokus\u0113\u0161anas funkcija ir balst\u012bta uz fizisko difrakcijas fenomenu, ko rada luktura iek\u0161pus\u0113 uzst\u0101d\u012bts elektrooptiskais objekt\u012bvs. Sare\u017e\u0123\u012bta terminolo\u0123ija mal\u0101, tas noz\u012bm\u0113, ka aiz v\u0101ka stikla ar r\u016bd\u012btu pretatstarojo\u0161u cie\u0146u tie\u0161i pirms LED elementa ir uzst\u0101d\u012bts \u012bpa\u0161s stikls (\u0161\u0137idro krist\u0101lu difrakcijas objekt\u012bvs). Ja objekt\u012bvs s\u0101k vad\u012bt elektrisko str\u0101vu no lampas baro\u0161anas avota, tad \u0161\u0137idro krist\u0101lu da\u013ci\u0146as, kas taj\u0101 atrodas sl\u0101\u0146os, s\u0101k saliekt gaismas vi\u013c\u0146us (notiek difrakcija). Tas nodro\u0161ina vienm\u0113r\u012bgi regul\u0113jamu fokus\u0113\u0161anas efektu bez kust\u012bg\u0101m da\u013c\u0101m. V\u0113l viens \u012bpa\u0161s Fenix LD45R risin\u0101jums, bet nedaudz izplat\u012bt\u0101ks premium klases luktur\u012b\u0161u vid\u016b, ir integr\u0113tais OLED inform\u0101cijas displejs. Inform\u0101cijas ekr\u0101n\u0101 re\u0101llaik\u0101 ir iesp\u0113jams redz\u0113t darb\u012bbas re\u017e\u012bma v\u0113rt\u012bbu ar maksim\u0101lo l\u016bmenu skaitu, akumulator\u0101 atst\u0101to uzl\u0101des l\u012bmeni, uzl\u0101des procesa gaitu procentos un gaismek\u013ca statusa inform\u0101ciju (piem\u0113ram, kad ir aktiviz\u0113ts Lampas blo\u0137\u0113\u0161anas re\u017e\u012bms).<\/p>\n<p>Fenix LD45R ir vid\u0113ja izm\u0113ra univers\u0101ls luktur\u012btis, kas ir piem\u0113rots b\u016bt\u012bb\u0101 jebkurai dz\u012bves jomai, ta\u010du t\u0101 dizaina priek\u0161roc\u012bbas vislab\u0101k izpau\u017eas, ce\u013cojot dab\u0101 un p\u0101rg\u0101jien\u0101. Digit\u0101li fokus\u0113t\u0101 luktur\u012b\u0161a maksim\u0101lais gaismas sp\u0113ks ir 2800 l\u016bmeni, un gaismas pl\u016bsmas diapazons ir l\u012bdz 480 metriem. Lampas p\u0101rsl\u0113g\u0161ana un fokus\u0113\u0161ana tiek veikta, izmantojot \u0113rtu s\u0101nu sl\u0113dzi. Nospie\u017eot sl\u0113dzi, j\u016bs varat iesl\u0113gt lampu darb\u012bb\u0101 un p\u0101rsl\u0113gt gaismas intensit\u0101ti. Ap sl\u0113dzi atrodas gredzens, kas, pagrie\u017eot ar pirkstu, var izklied\u0113t (t\u0101lin\u0101t) vai koncentr\u0113t (tuvin\u0101t) gaismas l\u012bniju. T\u0101lummai\u0146a notiek vienm\u0113r\u012bgi bez so\u013ciem. Fenix LD45R darbina jaun\u0101s paaudzes tipa 21700 litija jonu akumulators. Tas ir standarta nomain\u0101ms baro\u0161anas avots. Akumulators tiek tie\u0161i uzl\u0101d\u0113ts caur lamp\u0101 integr\u0113to USB-C uzl\u0101des ligzdu. K\u0101 tas ir rakstur\u012bgs Fenix profesion\u0101l\u0101s s\u0113rijas lamp\u0101m, uzl\u0101des kontaktligzdai ir iek\u0161\u0113ja \u016bdens iztur\u012bba. Tas noz\u012bm\u0113, ka, ja esat aizmirsis atv\u0113rt L\u0101d\u0113\u0161anas kontaktligzdas putek\u013cu v\u0101ku, lamp\u0101 neiek\u013c\u016bs Nejau\u0161s \u016bdens vai mitrums. Fenix LD45R korpuss ir iztur\u012bgs, izgatavots no augstas kvalit\u0101tes alum\u012bnija sakaus\u0113juma ar III tipa anod\u0113\u0161anu, tam ir p\u0101rbaud\u012bta triecieniztur\u012bba un at\u0161\u0137ir\u012bb\u0101 no vis\u0101m cit\u0101m lamp\u0101m ar meh\u0101nisku fokus\u0113\u0161anas sist\u0113mu ir piln\u012bga \u016bdens un laika apst\u0101k\u013cu iztur\u012bba (aizsardz\u012bbas klase IP68). Fenix LD45R tiek pieg\u0101d\u0101ts komplekt\u0101, ieskaitot papildus lampai, litija jonu akumulatoru Fenix ARB-L21-5000mAh, uzl\u0101des kabeli, vieglu jostas korpusu, aproci, rezerves O-gredzenu un lietot\u0101ja rokasgr\u0101matu.<\/p>\n","protected":false},"featured_media":144973,"template":"","meta":{"_acf_changed":false},"product_brand":[],"product_cat":[1037],"product_tag":[],"class_list":{"0":"post-145928","1":"product","2":"type-product","3":"status-publish","4":"has-post-thumbnail","6":"product_cat-lukturisi","8":"first","9":"instock","10":"purchasable","11":"product-type-simple"},"acf":[],"_links":{"self":[{"href":"https:\/\/kingarms.ee\/lv\/wp-json\/wp\/v2\/product\/145928","targetHints":{"allow":["GET"]}}],"collection":[{"href":"https:\/\/kingarms.ee\/lv\/wp-json\/wp\/v2\/product"}],"about":[{"href":"https:\/\/kingarms.ee\/lv\/wp-json\/wp\/v2\/types\/product"}],"wp:featuredmedia":[{"embeddable":true,"href":"https:\/\/kingarms.ee\/lv\/wp-json\/wp\/v2\/media\/144973"}],"wp:attachment":[{"href":"https:\/\/kingarms.ee\/lv\/wp-json\/wp\/v2\/media?parent=145928"}],"wp:term":[{"taxonomy":"product_brand","embeddable":true,"href":"https:\/\/kingarms.ee\/lv\/wp-json\/wp\/v2\/product_brand?post=145928"},{"taxonomy":"product_cat","embeddable":true,"href":"https:\/\/kingarms.ee\/lv\/wp-json\/wp\/v2\/product_cat?post=145928"},{"taxonomy":"product_tag","embeddable":true,"href":"https:\/\/kingarms.ee\/lv\/wp-json\/wp\/v2\/product_tag?post=145928"}],"curies":[{"name":"wp","href":"https:\/\/api.w.org\/{rel}","templated":true}]}}