{"id":145942,"date":"2025-02-22T20:48:02","date_gmt":"2025-02-22T17:48:02","guid":{"rendered":"https:\/\/kingarms.ee\/product\/fenix-lr60r\/"},"modified":"2025-08-02T13:15:23","modified_gmt":"2025-08-02T10:15:23","slug":"fenix-lr60r","status":"publish","type":"product","link":"https:\/\/kingarms.ee\/lv\/product\/fenix-lr60r\/","title":{"rendered":"FENIX LR60R"},"content":{"rendered":"","protected":false},"excerpt":{"rendered":"<p>Fenix lr60r pieder Fenix profesion\u0101lo mekl\u0113\u0161anas lampu s\u0113rijai. Tas ir daudzfunkcion\u0101ls lukturis, kas sl\u0113pj divus da\u017e\u0101dus gaismas virzienus (optikas kombin\u0101cija). Proti, LR60R ir liels un dzi\u013ca diametra atstarot\u0101js, kas integr\u0113ts gaismas galvas centr\u0101, kas lampai pie\u0161\u0137ir asu pro\u017eektora z\u012bm\u0113jumu ar gaismas sp\u0113ku l\u012bdz 3000lm un gaismas pl\u016bsmas diapazonu l\u012bdz 1000m (1km). Ap to tr\u012bs grup\u0101s ir integr\u0113ti 12 mazi atstarot\u0101ji ar nelielu dzi\u013cumu, kas lampai pie\u0161\u0137ir \u013coti izklied\u0113tu un \u012bpa\u0161i platu gaismas z\u012bm\u0113jumu ar maksim\u0101lo gaismas sp\u0113ku l\u012bdz 15000lm un gaismas pl\u016bsmas diapazonu l\u012bdz 352 metriem. Abas re\u017e\u012bmu grupas var izmantot neatkar\u012bgi vai kombin\u0113t ar maksim\u0101lo gaismas intensit\u0101ti, sasniedzot kop\u0113jo gaismas sp\u0113ku l\u012bdz 21000 l\u016bmeniem un gaismas pl\u016bsmas diapazonu l\u012bdz 1085 metriem (1km85m). LR60R maksim\u0101l\u0101 aizsardz\u012bbas klase ir IP68, un t\u0101 ir p\u0101rbaud\u012bta \u016bdens iztur\u012bbai 2 metru dzi\u013cum\u0101 4 stundas. Lampu darbina nomain\u0101ms litija jonu akumulators ar spriegumu 14,4 V un jaudu 4000mAh (3,6 V 16000mAh), kas integr\u0113ts roktur\u012b. Akumulators ir uzl\u0101d\u0113jams, neno\u0146emot lampu ar komplekt\u0101cij\u0101 iek\u013cauto USB-C uzl\u0101des kabeli. LR60R ir 45 W \u0101tra uzl\u0101des jauda, kas ar piem\u0113rotu t\u012bkla adapteri var piln\u012bb\u0101 uzl\u0101d\u0113t akumulatoru tikai 1,5 stundu laik\u0101. Ja pie rokas nav \u0101tras uzl\u0101des adaptera, lampu var uzl\u0101d\u0113t ar\u012b caur standarta USB ligzdu. Turkl\u0101t LR60R ir atsevi\u0161\u0137s USB-A slots, caur kuru tas darbojas k\u0101 akumulatora banka (20W). Lampas USB-C uzl\u0101des ligzda (45W) darbojas ar\u012b akumulatora bankas funkcij\u0101. Lieljaudas akumulators \u013cauj lampai darboties nep\u0101rtraukti l\u012bdz 113 stund\u0101m (ar gaismas intensit\u0101ti 50 l\u016bmeni, kas nodro\u0161ina gaismas pl\u016bsmas diapazonu l\u012bdz 132 metriem). Lampas darb\u012bba ir \u013coti vienk\u0101r\u0161a-lr60r mekl\u0113\u0161anas lampa ir apr\u012bkota ar unik\u0101lu meh\u0101nisko gredzenu sl\u0113dzi, kas, pagrie\u017eot to uz vienu vai otru pusi, var piek\u013c\u016bt visiem luktura darb\u012bbas re\u017e\u012bmiem. Pagrie\u017eot gredzena sl\u0113dzi pret\u0113ji pulkste\u0146r\u0101d\u012bt\u0101ja virzienam, j\u016bs varat piek\u013c\u016bt vis\u0101m izklied\u0113t\u0101s gaismas, SOS un strobe re\u017e\u012bma gaismas intensit\u0101t\u0113m. Pagrie\u017eot gredzena sl\u0113dzi pulkste\u0146r\u0101d\u012bt\u0101ja virzien\u0101, j\u016bs varat piek\u013c\u016bt vis\u0101m punktveida gaismas gaismas intensit\u0101t\u0113m un maksim\u0101lajam kombin\u0113tajam izklied\u0113t\u0101s un punktveida gaismas re\u017e\u012bmam. LR60R ir apr\u012bkots ar OLED inform\u0101cijas displeju, kas re\u0101llaik\u0101 br\u012bdina lietot\u0101ju par aktiviz\u0113t\u0101 re\u017e\u012bma gaismas sp\u0113ku, akumulatora uzl\u0101des l\u012bmeni, atliku\u0161o darb\u012bbas laiku un p\u0101rraida inform\u0101ciju par uzl\u0101des un izkrau\u0161anas procesa gaitu. LR60R maksim\u0101l\u0101 gaismas jauda ir tik liela, ka no luktura izstarotais siltums var aizdedzin\u0101t dego\u0161us materi\u0101lus. \u0160im nol\u016bkam lr60r atstarot\u0101j\u0101 ir integr\u0113ts sensors, kas nodro\u0161ina lietot\u0101ja dro\u0161\u012bbu, kura uzdevums ir autom\u0101tiski samazin\u0101t (un v\u0113l\u0101k atkal palielin\u0101t) luktura gaismas sp\u0113ku, ja tas non\u0101k p\u0101r\u0101k tuvu citam korpusam (maz\u0101k nek\u0101 6 cm). Lr60r ietver ne tikai lampu, uzl\u0101des piederumus un plecu siksnu, bet ar\u012b no\u0146emamu rokturi, ar kuru lampu ir \u0113rti n\u0113s\u0101t un kur\u0101 atrodas standarta stat\u012bva stiprin\u0101jums. Ja j\u016bs mekl\u0113jat mekl\u0113\u0161anas lampu ar \u013coti lielu maksim\u0101lo gaismas sp\u0113ku, kas sp\u0113j pieg\u0101d\u0101t gan koncentr\u0113tu centra punkta gaismu, gan \u013coti pla\u0161u izklied\u0113t\u0101s gaismas diapazonu, tad LR60R ir viena no lab\u0101kaj\u0101m izv\u0113l\u0113m!<\/p>\n","protected":false},"featured_media":144295,"template":"","meta":{"_acf_changed":false},"product_brand":[],"product_cat":[1037],"product_tag":[],"class_list":{"0":"post-145942","1":"product","2":"type-product","3":"status-publish","4":"has-post-thumbnail","6":"product_cat-lukturisi","8":"first","9":"instock","10":"purchasable","11":"product-type-simple"},"acf":[],"_links":{"self":[{"href":"https:\/\/kingarms.ee\/lv\/wp-json\/wp\/v2\/product\/145942","targetHints":{"allow":["GET"]}}],"collection":[{"href":"https:\/\/kingarms.ee\/lv\/wp-json\/wp\/v2\/product"}],"about":[{"href":"https:\/\/kingarms.ee\/lv\/wp-json\/wp\/v2\/types\/product"}],"wp:featuredmedia":[{"embeddable":true,"href":"https:\/\/kingarms.ee\/lv\/wp-json\/wp\/v2\/media\/144295"}],"wp:attachment":[{"href":"https:\/\/kingarms.ee\/lv\/wp-json\/wp\/v2\/media?parent=145942"}],"wp:term":[{"taxonomy":"product_brand","embeddable":true,"href":"https:\/\/kingarms.ee\/lv\/wp-json\/wp\/v2\/product_brand?post=145942"},{"taxonomy":"product_cat","embeddable":true,"href":"https:\/\/kingarms.ee\/lv\/wp-json\/wp\/v2\/product_cat?post=145942"},{"taxonomy":"product_tag","embeddable":true,"href":"https:\/\/kingarms.ee\/lv\/wp-json\/wp\/v2\/product_tag?post=145942"}],"curies":[{"name":"wp","href":"https:\/\/api.w.org\/{rel}","templated":true}]}}