{"id":145953,"date":"2025-02-22T20:48:02","date_gmt":"2025-02-22T17:48:02","guid":{"rendered":"https:\/\/kingarms.ee\/product\/fenix-pd25r\/"},"modified":"2025-08-02T13:17:05","modified_gmt":"2025-08-02T10:17:05","slug":"fenix-pd25r","status":"publish","type":"product","link":"https:\/\/kingarms.ee\/lv\/product\/fenix-pd25r\/","title":{"rendered":"FENIX PD25R"},"content":{"rendered":"","protected":false},"excerpt":{"rendered":"<p>Fenix PD25R ir \u0113rts un kompakts luktur\u012btis ar augstu veiktsp\u0113ju. Tas ir sp\u0113c\u012bgs lukturis, kas ir piem\u0113rots ikdienas p\u0101rvad\u0101\u0161anai, m\u0101jas m\u0101jsaimniec\u012bbai, k\u0101 ar\u012b p\u0101rg\u0101jieniem un ce\u013cojumiem, pateicoties t\u0101 vieglajam svaram un labam gaismas z\u012bm\u0113jumam. Visur, kur ir nepiecie\u0161ams \u012bpa\u0161i kompakts un labas veiktsp\u0113jas tie\u0161\u0101s uzl\u0101des gaismeklis. Fenix PD25R ir \u016bdensiztur\u012bgs un triecieniztur\u012bgs, un t\u0101 maksim\u0101l\u0101 aizsardz\u012bbas klase ir IP68. Lampas kop\u0113jais garums ir tikai 92mm, galvas diametrs ir 24mm un \u0137erme\u0146a diametrs ir ar\u012b 24mm. svars ar iek\u013cauto litija jonu akumulatoru ir 78g. LED elements ir nov\u0113rt\u0113ts Luminus SFT20. Pateicoties augstas veiktsp\u0113jas LED elementam un kompaktajam atstarot\u0101jam, gaismas z\u012bm\u0113jums ir \u0101rk\u0101rt\u012bgi Univers\u0101ls (centr\u0101l\u0101 zona ar intens\u012bvu gaismu ar vienm\u0113r\u012bg\u0101m p\u0101rej\u0101m uz labi apgaismot\u0101m att\u0101l\u0101m viet\u0101m). Maksim\u0101lais gaismas sp\u0113ks ir 800 l\u016bmeni, un gaismas pl\u016bsmas diapazons ir l\u012bdz 250 metriem. Fenix PD25R kop\u0113j\u0101 gaismas intensit\u0101te ir pieci no 5 l\u012bdz 800 l\u016bmeniem, un ir ar\u012b strobe re\u017e\u012bms. Ir divi sl\u0113d\u017ei. Aizmugur\u0113jam taktiskajam str\u0101vas sl\u0113dzim ir iesl\u0113g\u0161anas un moment\u0101n\u0101 apgaismojuma funkcija. S\u0101nu sl\u0113dzis ir paredz\u0113ts, lai main\u012btu gaismas intensit\u0101ti un ievad\u012btu strobe re\u017e\u012bmu. Darb\u012bbai PD25R izmanto standarta PCB aizsarg\u0101tu augstas kravnes\u012bbas tipa 16340 litija jonu akumulatoru vai CR123A litija baterijas. Uzl\u0101d\u0113\u0161anai akumulators nav j\u0101no\u0146em no luktura, bet tas tiek tie\u0161i uzl\u0101d\u0113ts caur lamp\u0101 integr\u0113to USB-C uzl\u0101des ligzdu. Pd25r uzl\u0101des ligzda ir piln\u012bgi \u016bdensiztur\u012bga, pat bez aizsardz\u012bbas, ta\u010du t\u0101 ir apr\u012bkota ar sp\u0113c\u012bgu met\u0101la aizsardz\u012bbu, lai nov\u0113rstu putek\u013cu un net\u012brumu iek\u013c\u016b\u0161anu un nov\u0113rstu meh\u0101niskus boj\u0101jumus (liel\u0101kaj\u0101 da\u013c\u0101 lampu tiek izmantots tikai Silikona aizsargapvalks). Fenix ARB-L16-700p litija jonu akumulators ar uzl\u0101des kabeli ir iek\u013cauts Lampas standarta iepakojum\u0101. T\u0101p\u0113c viss ir nepiecie\u0161ams t\u016bl\u012bt\u0113jai lieto\u0161anai un luktura uzl\u0101d\u0113\u0161anai.<\/p>\n<p>Fenix PD25R papildu inform\u0101cija un funkcijas: digit\u0101li piel\u0101gota sh\u0113ma, integr\u0113ta Lampas darba temperat\u016bras aizsardz\u012bba pret p\u0101rkar\u0161anu, pastiprin\u0101ts pretatstarojo\u0161s atstarot\u0101js aizsargstikls, met\u0101la s\u0101nu sl\u0113dzis, sl\u0113d\u017e\u0101 integr\u0113ts akumulatora uzl\u0101des l\u012bme\u0146a indikators, pretsl\u012bdes un pretsl\u012bdes dizains, No\u0146emams kabatas klips, plaukstas siksnas mont\u0101\u017eas cilpa.<\/p>\n","protected":false},"featured_media":145009,"template":"","meta":{"_acf_changed":false},"product_brand":[],"product_cat":[1037],"product_tag":[],"class_list":{"0":"post-145953","1":"product","2":"type-product","3":"status-publish","4":"has-post-thumbnail","6":"product_cat-lukturisi","8":"first","9":"instock","10":"purchasable","11":"product-type-simple"},"acf":[],"_links":{"self":[{"href":"https:\/\/kingarms.ee\/lv\/wp-json\/wp\/v2\/product\/145953","targetHints":{"allow":["GET"]}}],"collection":[{"href":"https:\/\/kingarms.ee\/lv\/wp-json\/wp\/v2\/product"}],"about":[{"href":"https:\/\/kingarms.ee\/lv\/wp-json\/wp\/v2\/types\/product"}],"wp:featuredmedia":[{"embeddable":true,"href":"https:\/\/kingarms.ee\/lv\/wp-json\/wp\/v2\/media\/145009"}],"wp:attachment":[{"href":"https:\/\/kingarms.ee\/lv\/wp-json\/wp\/v2\/media?parent=145953"}],"wp:term":[{"taxonomy":"product_brand","embeddable":true,"href":"https:\/\/kingarms.ee\/lv\/wp-json\/wp\/v2\/product_brand?post=145953"},{"taxonomy":"product_cat","embeddable":true,"href":"https:\/\/kingarms.ee\/lv\/wp-json\/wp\/v2\/product_cat?post=145953"},{"taxonomy":"product_tag","embeddable":true,"href":"https:\/\/kingarms.ee\/lv\/wp-json\/wp\/v2\/product_tag?post=145953"}],"curies":[{"name":"wp","href":"https:\/\/api.w.org\/{rel}","templated":true}]}}