{"id":145958,"date":"2025-02-22T20:48:02","date_gmt":"2025-02-22T17:48:02","guid":{"rendered":"https:\/\/kingarms.ee\/product\/fenix-pd32r\/"},"modified":"2025-08-02T13:17:51","modified_gmt":"2025-08-02T10:17:51","slug":"fenix-pd32r","status":"publish","type":"product","link":"https:\/\/kingarms.ee\/lv\/product\/fenix-pd32r\/","title":{"rendered":"FENIX PD32R"},"content":{"rendered":"","protected":false},"excerpt":{"rendered":"<p>Fenix PD32R ir \u013coti kompakts taktiskais servisa Lukturis ar klusu p\u0101rsl\u0113g\u0161anas meh\u0101nismu. Zibspuldzes maksim\u0101lais gaismas sp\u0113ks ar \u012bpa\u0161u gaismas z\u012bm\u0113jumu un stipri koncentr\u0113tu gaismas punktu ir 1400 l\u016bmeni, un maksim\u0101lais gaismas pl\u016bsmas diapazons ir 344 metri. Ir pieejamas \u010detras da\u017e\u0101das gaismas intensit\u0101tes, k\u0101 ar\u012b tie\u0161a p\u0101rsl\u0113g\u0161an\u0101s uz strobe re\u017e\u012bmu. Lampas p\u0101rsl\u0113g\u0161ana darb\u012bb\u0101 un p\u0101rsl\u0113g\u0161anas re\u017e\u012bmi tiek veikti, izmantojot kluso taktisko sl\u0113dzi luktura aizmugur\u0113. Fenix PD32R ir tikai nedaudz liel\u0101ks par vid\u0113jo mar\u0137ieri. Garums ir 135 mm, galvas diametrs ir 26,5 mm un \u0137erme\u0146a diametrs ir 23,6 mm. Lampa ir izgatavota no augstas kvalit\u0101tes alum\u012bnija sakaus\u0113juma, kas p\u0101rkl\u0101ts ar III tipa anod\u0113\u0161anu. Korpusa \u0101r\u0113j\u0101 virsma tiek apstr\u0101d\u0101ta ar smalku spir\u0101les formas tekst\u016bru vis\u0101 galv\u0101, lai nodro\u0161in\u0101tu vislab\u0101ko sa\u0137eri. PD32R ir laika apst\u0101k\u013cu un \u016bdensiztur\u012bgs, un t\u0101 maksim\u0101l\u0101 aizsardz\u012bbas klase ir IP68 2m (p\u0101rbaud\u012bta 2m dzi\u013cum\u0101 \u016bden\u012b 4 stundu laik\u0101). K\u0101 baro\u0161anas avots tiek izmantotas standarta 18650 litija jonu baterijas (komplekt\u0101 3400mAh akumulators) vai CR123A litija baterijas. Lampas akumulatora uzl\u0101de tiek veikta, izmantojot luktur\u012b integr\u0113to USB-C tie\u0161\u0101s uzl\u0101des portu. Tas, kas padara Fenix PD32R \u012bpa\u0161u, ir tas, ka uzl\u0101des ports ir p\u0101rkl\u0101ts ar sp\u0113c\u012bgu alum\u012bnija aizsarggredzenu, nevis polim\u0113ra aizsargapvalku. Tas nodro\u0161ina v\u0113l sp\u0113c\u012bg\u0101ku L\u0101d\u0113\u0161anas ligzdas meh\u0101nisko aizsardz\u012bbu. T\u0101pat k\u0101 visiem Fenix professional s\u0113rijas luktur\u012b\u0161iem, ar\u012b PD32R ir iek\u0161\u0113js \u016bdensnecaurlaid\u012bgs uzl\u0101des ports. Tas noz\u012bm\u0113, ka, ja aizmirstat atbr\u012bvot uzl\u0101des Porta aizsargapvalku, Nejau\u0161s \u016bdens, kas non\u0101k uzl\u0101des ost\u0101, neiek\u013c\u016bs lampas iek\u0161pus\u0113. Fenix PD32R ir paredz\u0113ts ikdienas lieto\u0161anai vissare\u017e\u0123\u012bt\u0101kajos apst\u0101k\u013cos, ieskaitot mont\u0101\u017eu uz iero\u010diem. Lampas akumulatora nodal\u012bjum\u0101 abos galos ir atsperes, kas kompens\u0113 triecienus. Turkl\u0101t PD32R ir sader\u012bgs ar virkni Fenix piederumu, piem\u0113ram, att\u0101luma sl\u0113dzi, da\u017e\u0101diem iero\u010du stiprin\u0101jumiem, filtriem, regulatora z\u0101\u0123iem, difuzoriem utt. Neskatoties uz taktisko orient\u0101ciju, PD32R ir lielisks visaptvero\u0161s lukturis \u0101ra aktivit\u0101t\u0113m un situ\u0101cij\u0101m, kad svar\u012bgs ir mazs izm\u0113rs un liels gaismas pl\u016bsmas diapazons. Papildus gaismeklim piln\u0101 lampu Komplekt\u0101 ietilpst Fenix tipa 18650 3400mah litija jonu akumulators, uzl\u0101des kabelis, viegls jostas korpuss, aproce un lietot\u0101ja rokasgr\u0101mata.<\/p>\n","protected":false},"featured_media":145015,"template":"","meta":{"_acf_changed":false},"product_brand":[],"product_cat":[1037],"product_tag":[],"class_list":{"0":"post-145958","1":"product","2":"type-product","3":"status-publish","4":"has-post-thumbnail","6":"product_cat-lukturisi","8":"first","9":"instock","10":"purchasable","11":"product-type-simple"},"acf":[],"_links":{"self":[{"href":"https:\/\/kingarms.ee\/lv\/wp-json\/wp\/v2\/product\/145958","targetHints":{"allow":["GET"]}}],"collection":[{"href":"https:\/\/kingarms.ee\/lv\/wp-json\/wp\/v2\/product"}],"about":[{"href":"https:\/\/kingarms.ee\/lv\/wp-json\/wp\/v2\/types\/product"}],"wp:featuredmedia":[{"embeddable":true,"href":"https:\/\/kingarms.ee\/lv\/wp-json\/wp\/v2\/media\/145015"}],"wp:attachment":[{"href":"https:\/\/kingarms.ee\/lv\/wp-json\/wp\/v2\/media?parent=145958"}],"wp:term":[{"taxonomy":"product_brand","embeddable":true,"href":"https:\/\/kingarms.ee\/lv\/wp-json\/wp\/v2\/product_brand?post=145958"},{"taxonomy":"product_cat","embeddable":true,"href":"https:\/\/kingarms.ee\/lv\/wp-json\/wp\/v2\/product_cat?post=145958"},{"taxonomy":"product_tag","embeddable":true,"href":"https:\/\/kingarms.ee\/lv\/wp-json\/wp\/v2\/product_tag?post=145958"}],"curies":[{"name":"wp","href":"https:\/\/api.w.org\/{rel}","templated":true}]}}