{"id":145963,"date":"2025-02-22T20:47:36","date_gmt":"2025-02-22T17:47:36","guid":{"rendered":"https:\/\/kingarms.ee\/product\/fenix-gl19r-v2-0-pustoli-ja-relvalamp\/"},"modified":"2025-08-03T16:44:08","modified_gmt":"2025-08-03T13:44:08","slug":"fenix-gl19r-v2-0-pustoli-ja-relvalamp","status":"publish","type":"product","link":"https:\/\/kingarms.ee\/lv\/product\/fenix-gl19r-v2-0-pustoli-ja-relvalamp\/","title":{"rendered":"FENIX GL19R V2. 0 P\u00dcSTOLI &#8211; ja RELVALAMP"},"content":{"rendered":"","protected":false},"excerpt":{"rendered":"<p>FENIX GL19R V2. 0 P\u00dcSTOLI &#8211; ja RELVALAMP<\/p>\n<p>Fenix GL19R v2.0 ir unik\u0101la augstas gaismas tie\u0161\u0101s uzl\u0101des pistole un iero\u010da lampa. Ra\u017eo\u0161an\u0101 uzsvars galvenok\u0101rt tiek likts uz \u0113rtu lietot\u0101ja saskarni un lielu gaismas pl\u016bsmas diapazonu. Fenix GL19R v2.0 Maksim\u0101l\u0101 gaismas intensit\u0101te ir 1200 l\u016bmeni un maksim\u0101lais gaismas pl\u016bsmas diapazons ir 420 metri. Lampas p\u0101rsl\u0113g\u0161ana ekspluat\u0101cij\u0101 tiek veikta, izmantojot dubl\u0113tus sl\u0113d\u017eus, kas v\u0113rsti uz luktura aizmuguri pret iero\u010da spr\u016bdu. Lampu ir iesp\u0113jams p\u0101rsl\u0113gt gan uz past\u0101v\u012bgu darb\u012bbu, gan izmantot tikai moment\u0101nam apgaismojumam (lampa darbojas tikai tad, kad turat sl\u0113dzi uz leju). Lai padar\u012btu to v\u0113l \u0113rt\u0101ku lieto\u0161anu un lab\u0101k piel\u0101gotos da\u017e\u0101diem lietot\u0101jiem un iero\u010diem, t\u0101 sl\u0113d\u017ei ir savstarp\u0113ji aizvietojami. Komplekt\u0101 ir iek\u013cauts standarta izm\u0113ra sl\u0113d\u017eu p\u0101ris, zema profila sl\u0113d\u017eu p\u0101ris un papla\u0161in\u0101ta profila sl\u0113d\u017eu p\u0101ris. GL19R V2.0 piestiprina pie pistoles, izmantojot \u0101tru stiprin\u0101jumu, un tam ir Mont\u0101\u017eas pl\u0101ksnes, padarot to sader\u012bgu gan ar Picatinny, gan ar Glock standarta stiprin\u0101jumiem. Fenix GL19R korpuss ir izgatavots no stipra alum\u012bnija sakaus\u0113juma un p\u0101rkl\u0101ts ar III tipa anod\u0113\u0161anu. K\u0101 baro\u0161anas avots tiek izmantots standarta augstas slodzes tipa 18350 litija jonu akumulators (Fenix ARB-L18-1100), kuram Fenix ir pievienojis papildu aizsardz\u012bbas moduli pret p\u0101rm\u0113r\u012bgu uzl\u0101di, nepietiekamu uzl\u0101di, p\u0101rkar\u0161anu, p\u0101rspriegumu un \u012bssavienojumu. Lai uzl\u0101d\u0113tu, jums nav nepiecie\u0161ams iz\u0146emt akumulatoru no luktura. Lampai ir standarta integr\u0113ts USB-C uzl\u0101des ports tie\u0161ai uzl\u0101dei. Ir iesp\u0113jams p\u0101rbaud\u012bt baro\u0161anas avota uzl\u0101des l\u012bmeni, izmantojot luktur\u012b integr\u0113t\u0101 baro\u0161anas avota uzl\u0101des l\u012bme\u0146a indikatoru, kas ir pasl\u0113pts zem uzl\u0101des ligzdas v\u0101ka. Tas pats indikators darbojas ar\u012b k\u0101 Lampas uzl\u0101des procesa indikators. Fenix GL19R v2.0 ir p\u0101rbaud\u012bta laika apst\u0101k\u013cu un \u016bdensnecaurlaid\u012bga lampa atbilsto\u0161i aizsardz\u012bbas klasei IP66. Komplekt\u0101 ietilpst Fenix 1100mAh litija jonu akumulators, USB-C uzl\u0101des kabelis, mont\u0101\u017eas pl\u0101ksne Glock un Picatinny stiprin\u0101jumu pieska\u0146o\u0161anai, sl\u0113d\u017eu p\u0101ri \u0113rtai lieto\u0161anai, rezerves O-gredzens un lietot\u0101ja rokasgr\u0101mata. Pateicoties t\u0101 konstrukcijai un \u013coti augstajam gaismas pl\u016bsmas diapazonam, Fenix GL19R v2.0 ir izmantojams ar\u012b liel\u0101kiem \u0161aujamiero\u010diem.<\/p>\n<p>Uzman\u012bbu! Fenx GL19R der liel\u0101kajai da\u013cai standarta izm\u0113ra pistoles ar Glock vai MIL-STD-1913 (Picatinny) standarta stiprin\u0101jumu. Papildu inform\u0101ciju par adapt\u012bvajiem iero\u010diem var atrast \u0161eit.<\/p>\n","protected":false},"featured_media":144793,"template":"","meta":{"_acf_changed":false},"product_brand":[],"product_cat":[1037],"product_tag":[],"class_list":{"0":"post-145963","1":"product","2":"type-product","3":"status-publish","4":"has-post-thumbnail","6":"product_cat-lukturisi","8":"first","9":"instock","10":"purchasable","11":"product-type-simple"},"acf":[],"_links":{"self":[{"href":"https:\/\/kingarms.ee\/lv\/wp-json\/wp\/v2\/product\/145963","targetHints":{"allow":["GET"]}}],"collection":[{"href":"https:\/\/kingarms.ee\/lv\/wp-json\/wp\/v2\/product"}],"about":[{"href":"https:\/\/kingarms.ee\/lv\/wp-json\/wp\/v2\/types\/product"}],"wp:featuredmedia":[{"embeddable":true,"href":"https:\/\/kingarms.ee\/lv\/wp-json\/wp\/v2\/media\/144793"}],"wp:attachment":[{"href":"https:\/\/kingarms.ee\/lv\/wp-json\/wp\/v2\/media?parent=145963"}],"wp:term":[{"taxonomy":"product_brand","embeddable":true,"href":"https:\/\/kingarms.ee\/lv\/wp-json\/wp\/v2\/product_brand?post=145963"},{"taxonomy":"product_cat","embeddable":true,"href":"https:\/\/kingarms.ee\/lv\/wp-json\/wp\/v2\/product_cat?post=145963"},{"taxonomy":"product_tag","embeddable":true,"href":"https:\/\/kingarms.ee\/lv\/wp-json\/wp\/v2\/product_tag?post=145963"}],"curies":[{"name":"wp","href":"https:\/\/api.w.org\/{rel}","templated":true}]}}