{"id":145973,"date":"2025-02-22T20:47:36","date_gmt":"2025-02-22T17:47:36","guid":{"rendered":"https:\/\/kingarms.ee\/product\/fenix-gl23r\/"},"modified":"2025-08-02T13:20:28","modified_gmt":"2025-08-02T10:20:28","slug":"fenix-gl23r","status":"publish","type":"product","link":"https:\/\/kingarms.ee\/lv\/product\/fenix-gl23r\/","title":{"rendered":"FENIX GL23R"},"content":{"rendered":"","protected":false},"excerpt":{"rendered":"<p>Fenix GL23R ir kompakta un sp\u0113j\u012bga pistoles lampa, kas papildus baltajai gaismai ir apr\u012bkota ar za\u013cu l\u0101zeru (l\u0101zera punktu). Fenix GL23R maksim\u0101lais gaismas sp\u0113ks ir 1200 l\u016bmeni un maksim\u0101lais gaismas pl\u016bsmas diapazons ir l\u012bdz 240 metriem. Ir pieejams balt\u0101s gaismas re\u017e\u012bms, Sarkanais l\u0101zera re\u017e\u012bms un kombin\u0113tais re\u017e\u012bms ar abiem akt\u012bvajiem gaismas avotiem. Lampas p\u0101rsl\u0113g\u0161ana ekspluat\u0101cij\u0101 tiek veikta, izmantojot dubl\u0113tus sl\u0113d\u017eus, kas v\u0113rsti uz luktura aizmuguri pret iero\u010da spr\u016bdu. Lampu ir iesp\u0113jams p\u0101rsl\u0113gt gan uz past\u0101v\u012bgu darb\u012bbu, gan izmantot tikai moment\u0101nam apgaismojumam (lampa darbojas tikai tad, kad turat sl\u0113dzi uz leju). Lai padar\u012btu to v\u0113l \u0113rt\u0101ku lieto\u0161anu un lab\u0101k piel\u0101gotos da\u017e\u0101diem lietot\u0101jiem un iero\u010diem, t\u0101 sl\u0113d\u017ei ir savstarp\u0113ji aizvietojami. Komplekt\u0101 ir iek\u013cauts standarta izm\u0113ra sl\u0113d\u017eu p\u0101ris, zema profila sl\u0113d\u017eu p\u0101ris un papla\u0161in\u0101ta profila sl\u0113d\u017eu p\u0101ris. GL23R piestiprin\u0101s pie iero\u010da, izmantojot sp\u0113c\u012bgu meh\u0101nisko sl\u0113dzeni, un tam ir mont\u0101\u017eas pl\u0101ksne, padarot lampu piem\u0113rotu gan Picatinny, gan Glock standarta stiprin\u0101jumiem. Fenix GL23R korpuss ir izgatavots no iztur\u012bga alum\u012bnija sakaus\u0113juma un p\u0101rkl\u0101ts ar III tipa anod\u0113\u0161anu. K\u0101 baro\u0161anas avots tiek izmantots standarta augstas slodzes tipa 18350 litija jonu akumulators (Fenix ARB-L18-1100), kuram Fenix ir pievienojis papildu aizsardz\u012bbas moduli pret p\u0101rm\u0113r\u012bgu uzl\u0101di, nepietiekamu uzl\u0101di, p\u0101rkar\u0161anu, p\u0101rspriegumu un \u012bssavienojumu. Lai uzl\u0101d\u0113tu, jums nav nepiecie\u0161ams iz\u0146emt akumulatoru no luktura. Lampai ir standarta integr\u0113ts USB-C uzl\u0101des ports tie\u0161ai uzl\u0101dei. Fenix GL23R ir p\u0101rbaud\u012bta laika apst\u0101k\u013cu un \u016bdensnecaurlaid\u012bga lampa atbilsto\u0161i aizsardz\u012bbas klasei IP66.<\/p>\n<p>Uzman\u012bbu! Fenx GL23R der liel\u0101kajai da\u013cai standarta izm\u0113ra pistoles ar Glock vai MIL-STD-1913 (Picatinny) standarta stiprin\u0101jumu. Fenix GL23R der tikai da\u017eiem kompaktiem pistol\u0113m, piem\u0113ram, Glock36\/Springfield DX standarta stiprin\u0101jumiem. Fenix GL23R nav piem\u0113rots kompaktiem iero\u010diem ar \u012bsu mont\u0101\u017eas pistoli vai bez Mont\u0101\u017eas pistoles. Fenix GL22 nav sader\u012bgs ar Sig Sauer, v\u0113rsis F &amp; amp;N, CZ un Smith&amp; Wesson kompaktie mode\u013ci ar \u012bsu vai bez relss.<\/p>\n","protected":false},"featured_media":144805,"template":"","meta":{"_acf_changed":false},"product_brand":[],"product_cat":[1037],"product_tag":[],"class_list":{"0":"post-145973","1":"product","2":"type-product","3":"status-publish","4":"has-post-thumbnail","6":"product_cat-lukturisi","8":"first","9":"instock","10":"purchasable","11":"product-type-simple"},"acf":[],"_links":{"self":[{"href":"https:\/\/kingarms.ee\/lv\/wp-json\/wp\/v2\/product\/145973","targetHints":{"allow":["GET"]}}],"collection":[{"href":"https:\/\/kingarms.ee\/lv\/wp-json\/wp\/v2\/product"}],"about":[{"href":"https:\/\/kingarms.ee\/lv\/wp-json\/wp\/v2\/types\/product"}],"wp:featuredmedia":[{"embeddable":true,"href":"https:\/\/kingarms.ee\/lv\/wp-json\/wp\/v2\/media\/144805"}],"wp:attachment":[{"href":"https:\/\/kingarms.ee\/lv\/wp-json\/wp\/v2\/media?parent=145973"}],"wp:term":[{"taxonomy":"product_brand","embeddable":true,"href":"https:\/\/kingarms.ee\/lv\/wp-json\/wp\/v2\/product_brand?post=145973"},{"taxonomy":"product_cat","embeddable":true,"href":"https:\/\/kingarms.ee\/lv\/wp-json\/wp\/v2\/product_cat?post=145973"},{"taxonomy":"product_tag","embeddable":true,"href":"https:\/\/kingarms.ee\/lv\/wp-json\/wp\/v2\/product_tag?post=145973"}],"curies":[{"name":"wp","href":"https:\/\/api.w.org\/{rel}","templated":true}]}}