{"id":145983,"date":"2025-02-22T20:47:36","date_gmt":"2025-02-22T17:47:36","guid":{"rendered":"https:\/\/kingarms.ee\/product\/fenix-hl32r-t\/"},"modified":"2025-08-02T13:22:06","modified_gmt":"2025-08-02T10:22:06","slug":"fenix-hl32r-t","status":"publish","type":"product","link":"https:\/\/kingarms.ee\/lv\/product\/fenix-hl32r-t\/","title":{"rendered":"FENIX HL32R-T"},"content":{"rendered":"","protected":false},"excerpt":{"rendered":"<p>Fenix HL32R-t ir pavisam jauns galvenais lukturis Fenix diapazon\u0101. Tas ir unik\u0101ls kompakts lukturis, kas \u012bpa\u0161i paredz\u0113ts akt\u012bvai kust\u012bbai un sportam br\u012bv\u0101 dab\u0101. HL32R-t ir tikai 6,6 cm plats, 4,5 cm augsts un 3 cm dzi\u013c\u0161, un t\u0101 korpuss ir izgatavots no viegla un sp\u0113c\u012bga magnija sakaus\u0113juma. Galvas saite ir Fenix perfor\u0113ta un gaisu caurlaid\u012bga pl\u0101na galvas saite, kas ir nedaudz plat\u0101ka nek\u0101 parasti, bez galvas me\u017e\u0123\u012bn\u0113m un ir \u0113rti regul\u0113jama ar patent\u0113to BOA spriego\u0161anas sist\u0113mu. Galvas saite ir apr\u012bkota ar atstarot\u0101ja elementiem papildu dro\u0161\u012bbai, p\u0101rvietojoties tums\u0101. Fenix hl32r-t galvenajam lukturim ir divi neatkar\u012bgi gaismas avoti. Liel\u0101kam gaismas avotam ir \u0161aur\u0101ks z\u012bm\u0113jums ar v\u0113s\u0101ku baltu gaismu (centr\u0101lie 15 gr\u0101di, perif\u0113rijas 80 gr\u0101di), un tas ir paredz\u0113ts, lai efekt\u012bvi apgaismotu att\u0101los apgabalus. Maz\u0101kajam gaismas avotam ir neitr\u0101la balta gaisma un izklied\u0113ts z\u012bm\u0113jums (80 gr\u0101di), un tas ir paredz\u0113ts tuv\u0113jo teritoriju optim\u0101lam apgaismojumam. Fenix hl32r-t maksim\u0101l\u0101 gaismas jauda ir 800 l\u016bmeni, un gan punktveida, gan izklied\u0113t\u0101s gaismas re\u017e\u012bmos ir pieejamas tr\u012bs intensit\u0101tes. Katram gaismas avotam ir savs sl\u0113dzis Lampas aug\u0161pus\u0113. Maksim\u0101lais gaismas pl\u016bsmas diapazons ir l\u012bdz 132 metriem. Turkl\u0101t HT32R-T ir Fenix unik\u0101l\u0101 inteli\u0123ent\u0101 kust\u012bbas sensora tehnolo\u0123ija (izmantojot sare\u017e\u0123\u012bto terminolo\u0123iju frekvences sensora spilgtuma tehnolo\u0123ija). Tas noz\u012bm\u0113, ka luktur\u012b ir integr\u0113ts trieciena sensors, kas atpaz\u012bst cilv\u0113ka kust\u012bbu un autom\u0101tiski attiec\u012bgi piel\u0101go gaismas intensit\u0101ti. HL32R-t nolasa so\u013cus un saprot, cik akt\u012bvi cilv\u0113ks p\u0101rvietojas. Piem\u0113ram, standarta so\u013cu skaits vid\u0113jam 200lm re\u017e\u012bmam ir 150 so\u013ci min\u016bt\u0113. No 150 l\u012bdz 220 so\u013ciem min\u016bt\u0113 lampas gaismas intensit\u0101te palielin\u0101s l\u012bdz 150% no s\u0101kotn\u0113j\u0101s gaismas intensit\u0101tes vai l\u012bdz 300 l\u016bmeniem. Tom\u0113r, ja solis intensit\u0101te samazin\u0101s no 150 so\u013ciem l\u012bdz 80 so\u013ciem min\u016bt\u0113, darba re\u017e\u012bms gaismas intensit\u0101te samazin\u0101s l\u012bdz 70% no s\u0101kotn\u0113j\u0101, vai vismaz 140 l\u016bmeniem. Saska\u0146\u0101 ar to pa\u0161u algoritmu autom\u0101tisk\u0101 gaismas intensit\u0101tes regul\u0113\u0161ana darbojas citos darb\u012bbas re\u017e\u012bmos (iz\u0146emot. SOS). Gaismas intensit\u0101tes mai\u0146a tiek veikta ar 10 sekun\u017eu aizkav\u0113\u0161anos, un t\u0101 ir pietiekami gluda, lai lietot\u0101js to var\u0113tu viegli uztvert, bet taj\u0101 pa\u0161\u0101 laik\u0101 pal\u012bdz ietaup\u012bt akumulatora ener\u0123iju tur, kur to ir iesp\u0113jams izdar\u012bt, un padar\u012bt gaismas intensit\u0101ti intens\u012bv\u0101ku tur, kur palielin\u0101s lietot\u0101ja \u0101trums. Fenix HL32R-t darbina Fenix 1900mAh litija-polim\u0113ra akumulators, kuru p\u0113c piepras\u012bjuma var aizst\u0101t ar trim standarta AAA baterij\u0101m vai baterij\u0101m. Ja lamp\u0101 tiek izmantots akumulators, tas nav j\u0101no\u0146em no luktura, lai to uzl\u0101d\u0113tu, bet tiek uzl\u0101d\u0113ts caur lamp\u0101 integr\u0113to USB-C uzl\u0101des ligzdu. Lampai ir gan akumulatora uzl\u0101des l\u012bme\u0146a indikators, gan uzl\u0101des indikators. Turkl\u0101t aizsardz\u012bbas funkcija ir nepareizi ievietota baro\u0161anas avota un p\u0101rkar\u0161anas aizsardz\u012bba. Fenix HL32R-T ir aizsardz\u012bbas klase IP66 un ir p\u0101rbaud\u012bta triecieniztur\u012bba l\u012bdz 2 metriem.<\/p>\n","protected":false},"featured_media":144823,"template":"","meta":{"_acf_changed":false},"product_brand":[],"product_cat":[1037],"product_tag":[],"class_list":{"0":"post-145983","1":"product","2":"type-product","3":"status-publish","4":"has-post-thumbnail","6":"product_cat-lukturisi","8":"first","9":"instock","10":"purchasable","11":"product-type-simple"},"acf":[],"_links":{"self":[{"href":"https:\/\/kingarms.ee\/lv\/wp-json\/wp\/v2\/product\/145983","targetHints":{"allow":["GET"]}}],"collection":[{"href":"https:\/\/kingarms.ee\/lv\/wp-json\/wp\/v2\/product"}],"about":[{"href":"https:\/\/kingarms.ee\/lv\/wp-json\/wp\/v2\/types\/product"}],"wp:featuredmedia":[{"embeddable":true,"href":"https:\/\/kingarms.ee\/lv\/wp-json\/wp\/v2\/media\/144823"}],"wp:attachment":[{"href":"https:\/\/kingarms.ee\/lv\/wp-json\/wp\/v2\/media?parent=145983"}],"wp:term":[{"taxonomy":"product_brand","embeddable":true,"href":"https:\/\/kingarms.ee\/lv\/wp-json\/wp\/v2\/product_brand?post=145983"},{"taxonomy":"product_cat","embeddable":true,"href":"https:\/\/kingarms.ee\/lv\/wp-json\/wp\/v2\/product_cat?post=145983"},{"taxonomy":"product_tag","embeddable":true,"href":"https:\/\/kingarms.ee\/lv\/wp-json\/wp\/v2\/product_tag?post=145983"}],"curies":[{"name":"wp","href":"https:\/\/api.w.org\/{rel}","templated":true}]}}