{"id":145988,"date":"2025-02-22T20:47:36","date_gmt":"2025-02-22T17:47:36","guid":{"rendered":"https:\/\/kingarms.ee\/product\/fenix-hm50r-v2-0\/"},"modified":"2025-08-02T13:22:53","modified_gmt":"2025-08-02T10:22:53","slug":"fenix-hm50r-v2-0","status":"publish","type":"product","link":"https:\/\/kingarms.ee\/lv\/product\/fenix-hm50r-v2-0\/","title":{"rendered":"FENIX HM50R V2.0"},"content":{"rendered":"","protected":false},"excerpt":{"rendered":"<p>Fenix HM50R V2.0 ir \u013coti kompakts tie\u0161\u0101s uzl\u0101des multilamp. Lampu var izmantot k\u0101 galvas lampu kop\u0101 ar komplekt\u0101 iek\u013cauto galvas saiti un k\u0101 luktur\u012bti, no\u0146emot to no galvas saites tur\u0113t\u0101ja. Turkl\u0101t HM50R V2.0 ir viegli piestiprin\u0101ts pie ap\u0123\u0113rba, kabat\u0101m, mugursomas siksn\u0101m un tur, kur jums tas nepiecie\u0161ams. Kompakt\u0101 izm\u0113ra un viegl\u0101 svara d\u0113\u013c HM50R v2.0 ir laba izv\u0113le EDC (ikdienas n\u0113s\u0101\u0161anas) lampai, un to iecien\u012bju\u0161i fitnesa entuziasti.<\/p>\n<p>Fenix HM50R V2.0 Maksim\u0101l\u0101 gaismas jauda ir 700 l\u016bmeni un maksim\u0101lais gaismas pl\u016bsmas diapazons ir l\u012bdz 115 metriem. LED elements ir Luminus sst20 diode baltai gaismai un divas Everlight 2835 diodes sarkanai gaismai. Gaismas z\u012bm\u0113jums ir pla\u0161\u0101ks nek\u0101 tipisks daudzlampai, un tam ir gludas p\u0101rejas no centra uz perif\u0113riju. Papildus prim\u0101rajai baltajai gaismai HM50R ir ar\u012b sarkana sekund\u0101r\u0101 gaisma, kas ir piem\u0113rota tuvpl\u0101na darbam situ\u0101cij\u0101s, kad Ac\u012bm \u0101tri j\u0101piel\u0101gojas gaismai. Kopum\u0101 lampai ir \u010detras baltas gaismas stipr\u012bbas diapazon\u0101 no 30 l\u012bdz 700 l\u016bmeniem, sarkan\u0101 gaisma ar 5lm gaismas sp\u0113ku un sarkan\u0101s gaismas mirgo\u0161anas re\u017e\u012bms ar 5L gaismas sp\u0113ku.<\/p>\n<p>HM50R V2.0 ir tie\u0161i uzl\u0101d\u0113jams, izmantojot standarta USB-C uzl\u0101des ligzdu, kas integr\u0113ta lamp\u0101, tam ir akumulatora uzl\u0101des l\u012bme\u0146a indikators, uzl\u0101des procesa indikators un tas ir apr\u012bkots ar lielu un viegli atrodamu sl\u0113dzi. Standarta nomain\u0101mas tipa 16340 litija jonu baterijas ar aizsardz\u012bbu tiek izmantotas k\u0101 baro\u0161anas avoti. HM50R V2.0 korpuss ir izgatavots no anod\u0113ta alum\u012bnija sakaus\u0113juma un ir apr\u012bkots ar \u016bdensnecaurlaid\u012bgiem gredzenu bl\u012bv\u0113jumiem, kas padara lampu piln\u012bgi \u016bdensiztur\u012bgu. Luktura maksim\u0101l\u0101 aizsardz\u012bbas klase ir IP68 2m, un t\u0101 ir p\u0101rbaud\u012bta triecieniztur\u012bbai l\u012bdz 2 metriem. Ja j\u016bs mekl\u0113jat \u0101rk\u0101rt\u012bgi kompaktu multilamp ar maksim\u0101lu kvalit\u0101ti un iztur\u012bbu, tad Fenix HM50R V2.0 noteikti ir laba izv\u0113le. Lampa tiek pieg\u0101d\u0101ta komplekt\u0101, kur\u0101 ietilpst galvas saite, 700mAh tipa 16340 litija jonu akumulators, USB-C uzl\u0101des kabelis, rezerves O-gredzens un lieto\u0161anas instrukcija igau\u0146u valod\u0101.<\/p>\n","protected":false},"featured_media":144829,"template":"","meta":{"_acf_changed":false},"product_brand":[],"product_cat":[1037],"product_tag":[],"class_list":{"0":"post-145988","1":"product","2":"type-product","3":"status-publish","4":"has-post-thumbnail","6":"product_cat-lukturisi","8":"first","9":"instock","10":"purchasable","11":"product-type-simple"},"acf":[],"_links":{"self":[{"href":"https:\/\/kingarms.ee\/lv\/wp-json\/wp\/v2\/product\/145988","targetHints":{"allow":["GET"]}}],"collection":[{"href":"https:\/\/kingarms.ee\/lv\/wp-json\/wp\/v2\/product"}],"about":[{"href":"https:\/\/kingarms.ee\/lv\/wp-json\/wp\/v2\/types\/product"}],"wp:featuredmedia":[{"embeddable":true,"href":"https:\/\/kingarms.ee\/lv\/wp-json\/wp\/v2\/media\/144829"}],"wp:attachment":[{"href":"https:\/\/kingarms.ee\/lv\/wp-json\/wp\/v2\/media?parent=145988"}],"wp:term":[{"taxonomy":"product_brand","embeddable":true,"href":"https:\/\/kingarms.ee\/lv\/wp-json\/wp\/v2\/product_brand?post=145988"},{"taxonomy":"product_cat","embeddable":true,"href":"https:\/\/kingarms.ee\/lv\/wp-json\/wp\/v2\/product_cat?post=145988"},{"taxonomy":"product_tag","embeddable":true,"href":"https:\/\/kingarms.ee\/lv\/wp-json\/wp\/v2\/product_tag?post=145988"}],"curies":[{"name":"wp","href":"https:\/\/api.w.org\/{rel}","templated":true}]}}