{"id":146004,"date":"2025-02-22T20:47:36","date_gmt":"2025-02-22T17:47:36","guid":{"rendered":"https:\/\/kingarms.ee\/product\/fenix-hm61r-v2-0-pealambi-magnetlaadimiskaabel\/"},"modified":"2025-08-02T13:25:18","modified_gmt":"2025-08-02T10:25:18","slug":"fenix-hm61r-v2-0-pealambi-magnetlaadimiskaabel","status":"publish","type":"product","link":"https:\/\/kingarms.ee\/lv\/product\/fenix-hm61r-v2-0-pealambi-magnetlaadimiskaabel\/","title":{"rendered":"FENIX HM61R V2. 0 galven\u0101 luktura magn\u0113tiskais uzl\u0101des kabelis"},"content":{"rendered":"","protected":false},"excerpt":{"rendered":"<p>Uzl\u0101des kabelis Fenix HM61R v2.0 lukturiem. Baro\u0161anas s\u0101nu gals apr\u012bkots ar USB-A sprauslu.<\/p>\n<p>Fit: HM61R v2. 0 galvenie lukturi<\/p>\n","protected":false},"featured_media":145003,"template":"","meta":{"_acf_changed":false},"product_brand":[],"product_cat":[1037],"product_tag":[],"class_list":{"0":"post-146004","1":"product","2":"type-product","3":"status-publish","4":"has-post-thumbnail","6":"product_cat-lukturisi","8":"first","9":"instock","10":"purchasable","11":"product-type-simple"},"acf":[],"_links":{"self":[{"href":"https:\/\/kingarms.ee\/lv\/wp-json\/wp\/v2\/product\/146004","targetHints":{"allow":["GET"]}}],"collection":[{"href":"https:\/\/kingarms.ee\/lv\/wp-json\/wp\/v2\/product"}],"about":[{"href":"https:\/\/kingarms.ee\/lv\/wp-json\/wp\/v2\/types\/product"}],"wp:featuredmedia":[{"embeddable":true,"href":"https:\/\/kingarms.ee\/lv\/wp-json\/wp\/v2\/media\/145003"}],"wp:attachment":[{"href":"https:\/\/kingarms.ee\/lv\/wp-json\/wp\/v2\/media?parent=146004"}],"wp:term":[{"taxonomy":"product_brand","embeddable":true,"href":"https:\/\/kingarms.ee\/lv\/wp-json\/wp\/v2\/product_brand?post=146004"},{"taxonomy":"product_cat","embeddable":true,"href":"https:\/\/kingarms.ee\/lv\/wp-json\/wp\/v2\/product_cat?post=146004"},{"taxonomy":"product_tag","embeddable":true,"href":"https:\/\/kingarms.ee\/lv\/wp-json\/wp\/v2\/product_tag?post=146004"}],"curies":[{"name":"wp","href":"https:\/\/api.w.org\/{rel}","templated":true}]}}