{"id":146009,"date":"2025-02-22T20:47:36","date_gmt":"2025-02-22T17:47:36","guid":{"rendered":"https:\/\/kingarms.ee\/product\/fenix-hm61r-e18r-ja-rc-seeria-magnetlaadimiskaabel\/"},"modified":"2025-08-02T13:26:08","modified_gmt":"2025-08-02T10:26:08","slug":"fenix-hm61r-e18r-ja-rc-seeria-magnetlaadimiskaabel","status":"publish","type":"product","link":"https:\/\/kingarms.ee\/lv\/product\/fenix-hm61r-e18r-ja-rc-seeria-magnetlaadimiskaabel\/","title":{"rendered":"FENIX HM61R E18R UN RC S\u0112RIJAS MAGN\u0112TISKAIS UZL\u0100DES KABELIS"},"content":{"rendered":"","protected":false},"excerpt":{"rendered":"<p>Uzl\u0101des Kabelis Fenix RC s\u0113rijai un e18r luktur\u012b\u0161iem ar uzl\u0101des kabeli, kas piestiprin\u0101ts pie lampas uzl\u0101des ligzdas ar magn\u0113tu. Baro\u0161anas s\u0101nu gals apr\u012bkots ar USB-A sprauslu.<\/p>\n<p>Fit: HM61R, e18r, RC05, RC09, RC11.<\/p>\n","protected":false},"featured_media":144997,"template":"","meta":{"_acf_changed":false},"product_brand":[],"product_cat":[1037],"product_tag":[],"class_list":{"0":"post-146009","1":"product","2":"type-product","3":"status-publish","4":"has-post-thumbnail","6":"product_cat-lukturisi","8":"first","9":"outofstock","10":"purchasable","11":"product-type-simple"},"acf":[],"_links":{"self":[{"href":"https:\/\/kingarms.ee\/lv\/wp-json\/wp\/v2\/product\/146009","targetHints":{"allow":["GET"]}}],"collection":[{"href":"https:\/\/kingarms.ee\/lv\/wp-json\/wp\/v2\/product"}],"about":[{"href":"https:\/\/kingarms.ee\/lv\/wp-json\/wp\/v2\/types\/product"}],"wp:featuredmedia":[{"embeddable":true,"href":"https:\/\/kingarms.ee\/lv\/wp-json\/wp\/v2\/media\/144997"}],"wp:attachment":[{"href":"https:\/\/kingarms.ee\/lv\/wp-json\/wp\/v2\/media?parent=146009"}],"wp:term":[{"taxonomy":"product_brand","embeddable":true,"href":"https:\/\/kingarms.ee\/lv\/wp-json\/wp\/v2\/product_brand?post=146009"},{"taxonomy":"product_cat","embeddable":true,"href":"https:\/\/kingarms.ee\/lv\/wp-json\/wp\/v2\/product_cat?post=146009"},{"taxonomy":"product_tag","embeddable":true,"href":"https:\/\/kingarms.ee\/lv\/wp-json\/wp\/v2\/product_tag?post=146009"}],"curies":[{"name":"wp","href":"https:\/\/api.w.org\/{rel}","templated":true}]}}