{"id":146034,"date":"2025-02-22T20:47:36","date_gmt":"2025-02-22T17:47:36","guid":{"rendered":"https:\/\/kingarms.ee\/product\/fenix-hm65r-t-v2-0\/"},"modified":"2025-08-02T13:30:04","modified_gmt":"2025-08-02T10:30:04","slug":"fenix-hm65r-t-v2-0","status":"publish","type":"product","link":"https:\/\/kingarms.ee\/lv\/product\/fenix-hm65r-t-v2-0\/","title":{"rendered":"FENIX HM65R-T V2.0"},"content":{"rendered":"","protected":false},"excerpt":{"rendered":"<p>Fenix HM65R-t v2.0 ir \u012bpa\u0161i viegls (tikai 53g bez baro\u0161anas avota un galvas saites) magnija sakaus\u0113juma korpuss ar 18650 litija jonu baro\u0161anas avotu balst\u012btu galveno lukturi fitnesa un bezce\u013ca skrie\u0161anas entuziastiem, sportam, tum\u0161ai orient\u0101cijai un cit\u0101m akt\u012bv\u0101m aktivit\u0101t\u0113m. HM65R-t v2.0 ir divi da\u017e\u0101di gaismas avoti, kas abi ir p\u0101rkl\u0101ti ar optiku, lai piel\u0101gotos akt\u012bvai un \u0101trai kust\u012bbai. Pirmais ir t\u012bra balta gaisma (6500K) un otr\u0101 ir \u013coti silta balta gaisma (3000K). \u0112rti sl\u0113d\u017ei atrodas lampas aug\u0161pus\u0113, un caur tiem ir iesp\u0113jams iesl\u0113gt k\u0101du no gaismas avotiem. Kad v\u0113s\u0101ka balta gaisma (maks.1600 l\u016bmeni un 170 metri) dod redzam\u0101ku gaismu, p\u0113c tam siltu baltu gaismu (maks.800 l\u016bmeni un 112 metri) nodro\u0161ina lab\u0101ku kr\u0101su p\u0101rnesi, padara kr\u0101sas dabisk\u0101kas un uzlabo tr\u012bsdimensiju efektu tums\u0101. Turkl\u0101t silta balta gaisma nodro\u0161ina lab\u0101ku redzam\u012bbu, ja to lieto liet\u016b, migl\u0101 un sniegputen\u012b. Kopum\u0101 ir pieejamas tr\u012bs da\u017e\u0101das gaismas intensit\u0101tes balt\u0101s gaismas re\u017e\u012bm\u0101 un \u010detras da\u017e\u0101das gaismas intensit\u0101tes siltas baltas gaismas re\u017e\u012bm\u0101. HM65R-t v2.0 ir nopietni novatorisks, \u012bpa\u0161i kompakts, sp\u0113j\u012bgs un \u0101rk\u0101rt\u012bgi viegls 18650 akumulatora izm\u0113ra tie\u0161\u0101s uzl\u0101des lukturis. At\u0161\u0137ir\u012bb\u0101 no daudziem citiem profesion\u0101liem lukturiem un luktur\u012b\u0161iem, HM65R &#8211; t v2.0 korpuss ir izgatavots no magnija, lai pan\u0101ktu papildu 32% svara ietaup\u012bjumu uz tilpuma vien\u012bbu, sal\u012bdzinot ar alum\u012bniju. HM65R-t v2.0 Pa\u0161svars bez baro\u0161anas avota un galvas saites ir tikai 53 grami. HM65R-t v2.0 ir apr\u012bkots ar daudz plat\u0101ku nek\u0101 parasti airy sport-fit galvas saiti ar groz\u0101mu pogas \u0101tro spriegot\u0101ju \u0113rt\u0101kai regul\u0113\u0161anai. HM65R-t v2.0 dizaina un viegluma d\u0113\u013c var izmantot visda\u017e\u0101d\u0101kajiem m\u0113r\u0137iem, s\u0101kot no skrie\u0161anas, sl\u0113po\u0161anas un rite\u0146brauk\u0161anas l\u012bdz darba un kempinga lamp\u0101m. Tom\u0113r galven\u0101 lietot\u0101ju m\u0113r\u0137auditorija ir cilv\u0113ki, kuri nodarbojas ar sportu un akt\u012bvu dz\u012bvesveidu. HM65R-t v2.0 ir piln\u012bb\u0101 \u016bdensiztur\u012bgs (aizsardz\u012bbas klase IP68), p\u0101rbaud\u012bts triecieniztur\u012bbai l\u012bdz 2 metriem, tie\u0161i uzl\u0101d\u0113jams ar USB-C kabeli un komplekt\u0101 ir nomain\u0101ms 3400mah litija jonu akumulators. Ja nepiecie\u0161ams, lampu var izmantot ar\u012b ar vienreiz lietojam\u0101m CR123A litija baterij\u0101m ar augstu saliztur\u012bbu. Luktura komplekt\u0101 eso\u0161\u0101 galvas saite ir perfor\u0113ta, lai nodro\u0161in\u0101tu maksim\u0101lu elpo\u0161anu, un tai ir atstarojo\u0161i elementi. Sakar\u0101 ar pak\u0101penisku gaismas sp\u0113ka stabiliz\u0101ciju HM65R-t v2.0 ir \u012bpa\u0161i ilgs darb\u012bbas laiks da\u017e\u0101dos darba re\u017e\u012bmos. Turkl\u0101t HM65R-t v2.0 ir akumulatora uzl\u0101des l\u012bme\u0146a indikators, uzl\u0101des indikators, sl\u0113d\u017eu blo\u0137\u0113\u0161anas funkcija, ieb\u016bv\u0113ta aizsardz\u012bba pret p\u0101rkar\u0161anu un revers\u0101s polurarit\u0101tes aizsardz\u012bba. Papildus lampai piln\u0101 komplekt\u0101 ietilpst 3400mah tipa 18650 litija jonu akumulators, galvas lentes komplekts, USB-C uzl\u0101des kabelis, rezerves O-gredzens un lietot\u0101ja rokasgr\u0101mata.<\/p>\n","protected":false},"featured_media":144871,"template":"","meta":{"_acf_changed":false},"product_brand":[],"product_cat":[1037],"product_tag":[],"class_list":{"0":"post-146034","1":"product","2":"type-product","3":"status-publish","4":"has-post-thumbnail","6":"product_cat-lukturisi","8":"first","9":"instock","10":"purchasable","11":"product-type-simple"},"acf":[],"_links":{"self":[{"href":"https:\/\/kingarms.ee\/lv\/wp-json\/wp\/v2\/product\/146034","targetHints":{"allow":["GET"]}}],"collection":[{"href":"https:\/\/kingarms.ee\/lv\/wp-json\/wp\/v2\/product"}],"about":[{"href":"https:\/\/kingarms.ee\/lv\/wp-json\/wp\/v2\/types\/product"}],"wp:featuredmedia":[{"embeddable":true,"href":"https:\/\/kingarms.ee\/lv\/wp-json\/wp\/v2\/media\/144871"}],"wp:attachment":[{"href":"https:\/\/kingarms.ee\/lv\/wp-json\/wp\/v2\/media?parent=146034"}],"wp:term":[{"taxonomy":"product_brand","embeddable":true,"href":"https:\/\/kingarms.ee\/lv\/wp-json\/wp\/v2\/product_brand?post=146034"},{"taxonomy":"product_cat","embeddable":true,"href":"https:\/\/kingarms.ee\/lv\/wp-json\/wp\/v2\/product_cat?post=146034"},{"taxonomy":"product_tag","embeddable":true,"href":"https:\/\/kingarms.ee\/lv\/wp-json\/wp\/v2\/product_tag?post=146034"}],"curies":[{"name":"wp","href":"https:\/\/api.w.org\/{rel}","templated":true}]}}