{"id":146059,"date":"2025-02-22T20:47:36","date_gmt":"2025-02-22T17:47:36","guid":{"rendered":"https:\/\/kingarms.ee\/product\/fenix-hm75r\/"},"modified":"2025-08-02T13:33:55","modified_gmt":"2025-08-02T10:33:55","slug":"fenix-hm75r","status":"publish","type":"product","link":"https:\/\/kingarms.ee\/lv\/product\/fenix-hm75r\/","title":{"rendered":"FENIX HM75R"},"content":{"rendered":"","protected":false},"excerpt":{"rendered":"<p>Fenix HM75R ir daudzfunkcion\u0101la profesion\u0101la galvas lampas akumulatoru banka ar augstu veiktsp\u0113ju un \u012bpa\u0161i ilgu darb\u012bbas laiku. Maksim\u0101l\u0101 gaismas intensit\u0101te ir 1600 l\u016bmeni, un gaismas pl\u016bsmas diapazons ir 223 metri. Ir pieejamas gan balt\u0101 punkta gaismas (4 gaismas intensit\u0101tes 1600lm-50lm), gan dif\u016bz\u0101s neitr\u0101l\u0101s balt\u0101s gaismas (4 gaismas intensit\u0101tes 1000lm-5lm), gan sarkan\u0101s gaismas (3 gaismas intensit\u0101tes 120lm-5lm + mirgojo\u0161s re\u017e\u012bms). Lamp\u0101 ir divi baro\u0161anas avoti &#8211; nomain\u0101ms 3400mAh standarta 18650 litija jonu akumulators un \u0101r\u0113j\u0101 akumulatora papl\u0101te ar standarta nomain\u0101mu 5000mAh 21700 litija jonu akumulatoru. T\u0101d\u0113j\u0101di bateriju kop\u0113j\u0101 ietilp\u012bba ir 8400mAh, kas garant\u0113 maksim\u0101lo darb\u012bbas laiku ar minim\u0101lo gaismas intensit\u0101ti 5lm jau 234 sec\u012bgas Darba stundas vai gandr\u012bz 10 dienas. Akumulatora paliktni var izmantot piestiprin\u0101tu galvas saites aizmugur\u0113 vai k\u0101 atsevi\u0161\u0137u pagarin\u0101t\u0101ju uz jostas, Kabatas, zirglietas utt. 5000mAh akumulatora papl\u0101te ir \u0101tri no\u0146emama no galvas saites, un to var izmantot k\u0101 akumulatora banku da\u017e\u0101du \u0101r\u0113jo digit\u0101lo ier\u012b\u010du uzl\u0101d\u0113\u0161anai. Pati lampa darbojas gan bez papildu akumulatora palikt\u0146a, gan komplekt\u0101 ar papildu akumulatoru. Fenix HM75R ir izgatavots no \u012bpa\u0161i viegla augstas kvalit\u0101tes magnija sakaus\u0113juma (svara ietaup\u012bjums sal\u012bdzin\u0101jum\u0101 ar alum\u012bniju ir aptuveni 30%), un lampa ir iztur\u0113jusi kritiena testus no 2m augstuma l\u012bdz se\u0161\u0101m pus\u0113m. Turkl\u0101t HM75R ir piln\u012bb\u0101 \u016bdensiztur\u012bgs, un tam ir maksim\u0101l\u0101 aizsardz\u012bbas klase IP68 2m. lai p\u0101rsl\u0113gtu lampu darb\u012bb\u0101 un p\u0101rsl\u0113gtu re\u017e\u012bmus, lampa ir apr\u012bkota ar vienk\u0101r\u0161u pagrie\u017eamu nospie\u0161anas sl\u0113dzi, kas darbojas ar\u012b ar cimdiem. Lai izv\u0113l\u0113tos atbilsto\u0161o gaismas funkciju, sl\u0113dzim j\u0101b\u016bt pagrieztam atbilsto\u0161\u0101 st\u0101vokl\u012b un sl\u0113dzim j\u0101b\u016bt nospiestam, lai main\u012btu gaismas intensit\u0101ti. Fenix HM75R ir apr\u012bkots ar inteli\u0123entu gaismas intensit\u0101tes samazin\u0101\u0161anas sist\u0113mu, kas samazina luktura gaismas sp\u0113ku, ja objekts paliek t\u0101 priek\u0161\u0101 (darbojas no 6 cm att\u0101luma). Standart\u0101 Fenix HM75R ir ar\u012b baro\u0161anas avotu uzl\u0101des l\u012bme\u0146a indikators, uzl\u0101des indikators, br\u012bdin\u0101jums par nepietiekamu izl\u0101di un integr\u0113ta autom\u0101tiska aizsardz\u012bba pret p\u0101rkar\u0161anu (atbilsto\u0161i Lampas darba temperat\u016brai). Fenix HM75R ir \u012bpa\u0161i piem\u0113rots situ\u0101cij\u0101m, kad ir nepiecie\u0161ams vieglums un ilgs darba laiks starp krav\u0101m (piem\u0113ram, gl\u0101b\u0161ana, darbs r\u016bpniec\u012bb\u0101 un dzelzce\u013c\u0101, mekl\u0113\u0161ana, milit\u0101ra izmanto\u0161ana utt.). Lampa tiek pieg\u0101d\u0101ta k\u0101 lieto\u0161anai gatavs komplekts, kur\u0101 papildus lampai un galvas saitei ietilpst 3400mAh akumulators, 5000mAh akumulators, rezerves O-gredzeni, papildu akumulatora papl\u0101te, ko izmanto k\u0101 akumulatora banku, pagarin\u0101t\u0101js un lietot\u0101ja rokasgr\u0101mata.<\/p>\n","protected":false},"featured_media":144901,"template":"","meta":{"_acf_changed":false},"product_brand":[],"product_cat":[1037],"product_tag":[],"class_list":{"0":"post-146059","1":"product","2":"type-product","3":"status-publish","4":"has-post-thumbnail","6":"product_cat-lukturisi","8":"first","9":"instock","10":"purchasable","11":"product-type-simple"},"acf":[],"_links":{"self":[{"href":"https:\/\/kingarms.ee\/lv\/wp-json\/wp\/v2\/product\/146059","targetHints":{"allow":["GET"]}}],"collection":[{"href":"https:\/\/kingarms.ee\/lv\/wp-json\/wp\/v2\/product"}],"about":[{"href":"https:\/\/kingarms.ee\/lv\/wp-json\/wp\/v2\/types\/product"}],"wp:featuredmedia":[{"embeddable":true,"href":"https:\/\/kingarms.ee\/lv\/wp-json\/wp\/v2\/media\/144901"}],"wp:attachment":[{"href":"https:\/\/kingarms.ee\/lv\/wp-json\/wp\/v2\/media?parent=146059"}],"wp:term":[{"taxonomy":"product_brand","embeddable":true,"href":"https:\/\/kingarms.ee\/lv\/wp-json\/wp\/v2\/product_brand?post=146059"},{"taxonomy":"product_cat","embeddable":true,"href":"https:\/\/kingarms.ee\/lv\/wp-json\/wp\/v2\/product_cat?post=146059"},{"taxonomy":"product_tag","embeddable":true,"href":"https:\/\/kingarms.ee\/lv\/wp-json\/wp\/v2\/product_tag?post=146059"}],"curies":[{"name":"wp","href":"https:\/\/api.w.org\/{rel}","templated":true}]}}