{"id":146089,"date":"2025-02-22T20:47:14","date_gmt":"2025-02-22T17:47:14","guid":{"rendered":"https:\/\/kingarms.ee\/product\/fenix-e01-v2-0-sinine\/"},"modified":"2025-08-02T13:38:31","modified_gmt":"2025-08-02T10:38:31","slug":"fenix-e01-v2-0-sinine","status":"publish","type":"product","link":"https:\/\/kingarms.ee\/lv\/product\/fenix-e01-v2-0-sinine\/","title":{"rendered":"FENIX E01 V2. 0 (SININE)"},"content":{"rendered":"","protected":false},"excerpt":{"rendered":"<p>Fenix e01r v2.0 ir Fenix popul\u0101rais atsl\u0113gu piekari\u0146a tipa luktur\u012btis. Lampa ir \u0101rk\u0101rt\u012bgi viegla (13g bez baro\u0161anas avota), kompakta (66,5 mm gara un 14 mm Korpusa diametrs), uzticama un Pieejama div\u0101s kr\u0101s\u0101s &#8211; zil\u0101 un meln\u0101. Izgatavots no alum\u012bnija sakaus\u0113juma un p\u0101rkl\u0101ts ar iztur\u012bgu III tipa anod\u0113tu p\u0101rkl\u0101jumu. Pateicoties izmantotajai TIR optikai, gaismas z\u012bm\u0113jums ir labi l\u012bdzsvarots un ar vienm\u0113r\u012bg\u0101m p\u0101rej\u0101m. Fenix e01r V2.0 ir tr\u012bs gaismas intensit\u0101tes &#8211; 5, 25 un 100 l\u016bmeni. Maksim\u0101lais gaismas pl\u016bsmas diapazons ir l\u012bdz 35 metriem, un maksim\u0101lais darb\u012bbas laiks pie minim\u0101l\u0101s gaismas intensit\u0101tes (5lm) ir l\u012bdz 25 sec\u012bg\u0101m darba stund\u0101m. P\u0101rsl\u0113g\u0161anas re\u017e\u012bmi tiek veikti, izsl\u0113dzot lampas galvu. Darb\u012bbai izmanto standarta AAA tipa S\u0101rma baterijas, litija baterijas vai NiCd akumulatoru. Lukturim ir maksim\u0101l\u0101 aizsardz\u012bbas klase IP68, un t\u0101 ir iztur\u012bga pret \u016bdeni, laika apst\u0101k\u013ciem un triecieniem.<\/p>\n","protected":false},"featured_media":144715,"template":"","meta":{"_acf_changed":false},"product_brand":[],"product_cat":[1037],"product_tag":[],"class_list":{"0":"post-146089","1":"product","2":"type-product","3":"status-publish","4":"has-post-thumbnail","6":"product_cat-lukturisi","8":"first","9":"instock","10":"purchasable","11":"product-type-simple"},"acf":[],"_links":{"self":[{"href":"https:\/\/kingarms.ee\/lv\/wp-json\/wp\/v2\/product\/146089","targetHints":{"allow":["GET"]}}],"collection":[{"href":"https:\/\/kingarms.ee\/lv\/wp-json\/wp\/v2\/product"}],"about":[{"href":"https:\/\/kingarms.ee\/lv\/wp-json\/wp\/v2\/types\/product"}],"wp:featuredmedia":[{"embeddable":true,"href":"https:\/\/kingarms.ee\/lv\/wp-json\/wp\/v2\/media\/144715"}],"wp:attachment":[{"href":"https:\/\/kingarms.ee\/lv\/wp-json\/wp\/v2\/media?parent=146089"}],"wp:term":[{"taxonomy":"product_brand","embeddable":true,"href":"https:\/\/kingarms.ee\/lv\/wp-json\/wp\/v2\/product_brand?post=146089"},{"taxonomy":"product_cat","embeddable":true,"href":"https:\/\/kingarms.ee\/lv\/wp-json\/wp\/v2\/product_cat?post=146089"},{"taxonomy":"product_tag","embeddable":true,"href":"https:\/\/kingarms.ee\/lv\/wp-json\/wp\/v2\/product_tag?post=146089"}],"curies":[{"name":"wp","href":"https:\/\/api.w.org\/{rel}","templated":true}]}}