{"id":146134,"date":"2025-02-22T20:47:14","date_gmt":"2025-02-22T17:47:14","guid":{"rendered":"https:\/\/kingarms.ee\/product\/fenix-e20-v2-0\/"},"modified":"2025-08-02T13:45:21","modified_gmt":"2025-08-02T10:45:21","slug":"fenix-e20-v2-0","status":"publish","type":"product","link":"https:\/\/kingarms.ee\/lv\/product\/fenix-e20-v2-0\/","title":{"rendered":"FENIX E20 V2.0"},"content":{"rendered":"","protected":false},"excerpt":{"rendered":"<p>Fenix E20 V2.0 ir popul\u0101rs luktur\u012btis, ko darbina divas standarta AA baterijas. Lukturim ir pl\u0101ns uzb\u016bve, un t\u0101 izm\u0113rs ir sal\u012bdzin\u0101ms ar vid\u0113j\u0101 mar\u0137iera izm\u0113ru (nedaudz liel\u0101ks par liel\u0101ku lod\u012b\u0161u pildspalvu). Paredz\u0113ts ikdienas lieto\u0161anai gan visp\u0101r\u0113jam lietot\u0101jam, gan profesion\u0101lim. Lampai ir \u010detras gaismas intensit\u0101tes-350lm, 150lm, 30lm un 5lm. Darba re\u017e\u012bmu p\u0101rsl\u0113g\u0161ana, piem\u0113ram, luktura iesl\u0113g\u0161ana, tiek veikta, izmantojot \u0113rtu aizmugur\u0113jo sl\u0113dzi. Maksim\u0101lais gaismas pl\u016bsmas diapazons ir 126 metri. Lampai ir re\u0101llaika darba temperat\u016bras aizsardz\u012bbas meh\u0101nisms, kas autom\u0101tiski pazemina Lampas intensit\u0101ti (1LM \/ sekund\u0113), ja past\u0101v p\u0101rkar\u0161anas risks. Lampu baterijas (var izmantot ar\u012b uzl\u0101d\u0113jamas AA form\u0101ta baterijas) ir viegli un \u0101tri nomain\u0101mas. E20 V2. 0 ir izgatavots no anod\u0113ta alum\u012bnija un P\u0101rbaud\u012bts ar maksim\u0101lo aizsardz\u012bbas klasi IP68 2m.p\u0101rbaud\u012bta triecieniztur\u012bba ir 1m. Lampa, kas sver tikai 42g, papildus ir apr\u012bkota ar digit\u0101li piel\u0101gotu \u0137\u0113di (past\u0101v\u012bga gaismas intensit\u0101te, l\u012bdz str\u0101vas padeves ener\u0123ija ir izsmelta), apgriezt\u0101s polarit\u0101tes aizsardz\u012bba nepareizi ievietotai baro\u0161anas avota aizsardz\u012bbai un pl\u0101nai optikai ar pretatstarojo\u0161u cie\u0146u.<\/p>\n","protected":false},"featured_media":144763,"template":"","meta":{"_acf_changed":false},"product_brand":[],"product_cat":[1037],"product_tag":[],"class_list":{"0":"post-146134","1":"product","2":"type-product","3":"status-publish","4":"has-post-thumbnail","6":"product_cat-lukturisi","8":"first","9":"instock","10":"purchasable","11":"product-type-simple"},"acf":[],"_links":{"self":[{"href":"https:\/\/kingarms.ee\/lv\/wp-json\/wp\/v2\/product\/146134","targetHints":{"allow":["GET"]}}],"collection":[{"href":"https:\/\/kingarms.ee\/lv\/wp-json\/wp\/v2\/product"}],"about":[{"href":"https:\/\/kingarms.ee\/lv\/wp-json\/wp\/v2\/types\/product"}],"wp:featuredmedia":[{"embeddable":true,"href":"https:\/\/kingarms.ee\/lv\/wp-json\/wp\/v2\/media\/144763"}],"wp:attachment":[{"href":"https:\/\/kingarms.ee\/lv\/wp-json\/wp\/v2\/media?parent=146134"}],"wp:term":[{"taxonomy":"product_brand","embeddable":true,"href":"https:\/\/kingarms.ee\/lv\/wp-json\/wp\/v2\/product_brand?post=146134"},{"taxonomy":"product_cat","embeddable":true,"href":"https:\/\/kingarms.ee\/lv\/wp-json\/wp\/v2\/product_cat?post=146134"},{"taxonomy":"product_tag","embeddable":true,"href":"https:\/\/kingarms.ee\/lv\/wp-json\/wp\/v2\/product_tag?post=146134"}],"curies":[{"name":"wp","href":"https:\/\/api.w.org\/{rel}","templated":true}]}}