{"id":146139,"date":"2025-02-22T20:47:14","date_gmt":"2025-02-22T17:47:14","guid":{"rendered":"https:\/\/kingarms.ee\/product\/fenix-e35-v3-0\/"},"modified":"2025-08-02T13:46:07","modified_gmt":"2025-08-02T10:46:07","slug":"fenix-e35-v3-0","status":"publish","type":"product","link":"https:\/\/kingarms.ee\/lv\/product\/fenix-e35-v3-0\/","title":{"rendered":"FENIX E35 V3.0"},"content":{"rendered":"","protected":false},"excerpt":{"rendered":"<p>Fenix E35 V3.0 ir viena no Kompakt\u0101kaj\u0101m pieejamaj\u0101m EDC (katru dienu p\u0101rn\u0113s\u0101jam\u0101m) univers\u0101laj\u0101m lamp\u0101m, izmantojot lielas ietilp\u012bbas jaun\u0101s paaudzes 21700 Uzl\u0101d\u0113jamo litija jonu akumulatoru. Fenix E35 V3.0 ir \u012bsta &#8220;kabatas ra\u0137ete&#8221;. Lukturis, kura garums ir tikai 118 mm un diametrs ir 26,5 mm, sl\u0113pj USB-C tie\u0161\u0101s uzl\u0101des akumulatoru ar ietilp\u012bbu 5000mAh, un t\u0101 maksim\u0101l\u0101 gaismas jauda ir 3000 l\u016bmeni. Lampas optika ir kombin\u0113ta TIR optika, kas rakstur\u012bga univers\u0101laj\u0101m lamp\u0101m, kas nodro\u0161ina \u013coti pat\u012bkamu un vienm\u0113r\u012bgu gaismas z\u012bm\u0113jumu. Jaun\u0101kais Luminus sst70 elements tiek izmantots k\u0101 LED elements. Gaismas z\u012bm\u0113juma koncentr\u0113tais gaismas punkts ir \u0101rk\u0101rt\u012bgi pla\u0161s un vienm\u0113r\u012bgi \u0161\u0137\u0113rso vienm\u0113r\u012bgi un labi apgaismotas perif\u0113rijas zonas. Visa gaismas z\u012bm\u0113juma platums ir pat 98 gr\u0101di. Neskatoties uz pla\u0161o gaismas z\u012bm\u0113jumu, E35 V3.0 maksim\u0101lais gaismas pl\u016bsmas diapazons ir l\u012bdz 240 metriem.<\/p>\n<p>Lampai ir 5000mAh USB-C tie\u0161\u0101s uzl\u0101des litija jonu akumulators t\u016bl\u012bt p\u0113c ieg\u0101des. Lai uzl\u0101d\u0113tu akumulatoru, tas ir j\u0101no\u0146em no luktura. Tom\u0113r atsevi\u0161\u0137s l\u0101d\u0113t\u0101js nav nepiecie\u0161ams, jo pa\u0161am akumulatoram ir USB-C uzl\u0101des ligzda. Uzl\u0101de tiek veikta ar univers\u0101lo uzl\u0101des kabeli, kas iek\u013cauts lampu komplekt\u0101. Lampa pati ir apr\u012bkota ar akumulatora uzl\u0101des l\u012bme\u0146a indikatoru, kas pal\u012bdz saprast re\u0101laj\u0101 laik\u0101, kad akumulators gatavojas izl\u0101d\u0113ties. Tom\u0113r pats akumulators ir apr\u012bkots ar uzl\u0101des procesa indikatoru, kas signaliz\u0113, kad akumulators ir piln\u012bb\u0101 uzl\u0101d\u0113jies.<\/p>\n<p>Fenix E35 V3.0 kop\u0101 ir piecas gaismas intensit\u0101tes: 50Lm, 150lm, 450lm, maks.1200lm un max 3000lm. Pie div\u0101m augst\u0101k\u0101m intensit\u0101t\u0113m lampu cita starp\u0101 aizsarg\u0101 integr\u0113ta aizsardz\u012bba pret p\u0101rkar\u0161anu, kas autom\u0101tiski pazemina gaismas intensit\u0101ti, ja lampa s\u0101k p\u0101rkarst augst\u0101s gaismas intensit\u0101tes d\u0113\u013c. Turkl\u0101t lukturis ir apr\u012bkots ar aizsardz\u012bbu pret nejau\u0161u iesl\u0113g\u0161anos (t\u0101 saukto blo\u0137\u0113\u0161anas re\u017e\u012bmu), k\u0101 ar\u012b pret\u0113j\u0101s polarit\u0101tes aizsardz\u012bbu nepareizi ievietota baro\u0161anas avota aizsardz\u012bbai.<\/p>\n<p>Fenix E35 v3.0 Maksim\u0101l\u0101 aizsardz\u012bbas klase ir IP68 2M, ir p\u0101rbaud\u012bta triecieniztur\u012bba l\u012bdz 1m un ir piem\u0113rota lieto\u0161anai temperat\u016bras diapazon\u0101 -35&#8230;+45 gr\u0101di C. Papildus lampai standarta lampu Komplekt\u0101 ietilpst 5000mAh USB-C tie\u0161\u0101s uzl\u0101des 21700 akumulators, rezerves gredzens, USB-C uzl\u0101des kabelis, aproce un lietot\u0101ja rokasgr\u0101mata.<\/p>\n","protected":false},"featured_media":144769,"template":"","meta":{"_acf_changed":false},"product_brand":[],"product_cat":[1037],"product_tag":[],"class_list":{"0":"post-146139","1":"product","2":"type-product","3":"status-publish","4":"has-post-thumbnail","6":"product_cat-lukturisi","8":"first","9":"instock","10":"purchasable","11":"product-type-simple"},"acf":[],"_links":{"self":[{"href":"https:\/\/kingarms.ee\/lv\/wp-json\/wp\/v2\/product\/146139","targetHints":{"allow":["GET"]}}],"collection":[{"href":"https:\/\/kingarms.ee\/lv\/wp-json\/wp\/v2\/product"}],"about":[{"href":"https:\/\/kingarms.ee\/lv\/wp-json\/wp\/v2\/types\/product"}],"wp:featuredmedia":[{"embeddable":true,"href":"https:\/\/kingarms.ee\/lv\/wp-json\/wp\/v2\/media\/144769"}],"wp:attachment":[{"href":"https:\/\/kingarms.ee\/lv\/wp-json\/wp\/v2\/media?parent=146139"}],"wp:term":[{"taxonomy":"product_brand","embeddable":true,"href":"https:\/\/kingarms.ee\/lv\/wp-json\/wp\/v2\/product_brand?post=146139"},{"taxonomy":"product_cat","embeddable":true,"href":"https:\/\/kingarms.ee\/lv\/wp-json\/wp\/v2\/product_cat?post=146139"},{"taxonomy":"product_tag","embeddable":true,"href":"https:\/\/kingarms.ee\/lv\/wp-json\/wp\/v2\/product_tag?post=146139"}],"curies":[{"name":"wp","href":"https:\/\/api.w.org\/{rel}","templated":true}]}}