{"id":146156,"date":"2025-02-22T20:47:14","date_gmt":"2025-02-22T17:47:14","guid":{"rendered":"https:\/\/kingarms.ee\/product\/fenix-gl19r-pustoli-ja-relvalamp\/"},"modified":"2025-08-02T13:48:32","modified_gmt":"2025-08-02T10:48:32","slug":"fenix-gl19r-pustoli-ja-relvalamp","status":"publish","type":"product","link":"https:\/\/kingarms.ee\/lv\/product\/fenix-gl19r-pustoli-ja-relvalamp\/","title":{"rendered":"FENIX GL19R PISTOLE UN PISTOLES LAMPA"},"content":{"rendered":"","protected":false},"excerpt":{"rendered":"<p>Fenix GL19R ir unik\u0101la tie\u0161\u0101s uzl\u0101des pistole un iero\u010du Lampa ar augstu maksim\u0101lo gaismas jaudu. Ra\u017eo\u0161an\u0101 uzsvars galvenok\u0101rt tiek likts uz kompaktumu un iztur\u012bbu. Fenix GL19R maksim\u0101l\u0101 gaismas intensit\u0101te ir 1200 l\u016bmeni un maksim\u0101lais gaismas pl\u016bsmas diapazons ir l\u012bdz 210 metriem. Ir pieejamas divas gaismas intensit\u0101tes (1200lm un 350lm) un strobe re\u017e\u012bms. Luktura darb\u012bbu veic, izmantojot dubl\u0113tus sl\u0113d\u017eus, kas v\u0113rsti pret iero\u010da spr\u016bdu luktura aizmugur\u0113, vai papildu AER-06s att\u0101luma sl\u0113dzi. Lampu ir iesp\u0113jams p\u0101rsl\u0113gt gan uz past\u0101v\u012bgu darb\u012bbu, gan izmantot tikai moment\u0101nam apgaismojumam (lampa darbojas tikai tad, kad turat sl\u0113dzi uz leju). GL19R piestiprin\u0101s pie iero\u010da, izmantojot \u0101tru stiprin\u0101jumu, un tam ir Mont\u0101\u017eas pl\u0101ksnes, padarot lampu piem\u0113rotu gan Picatinny, gan Glock standarta stiprin\u0101jumiem. Fenix GL19R korpuss ir izgatavots no stipra alum\u012bnija sakaus\u0113juma un p\u0101rkl\u0101ts ar III tipa anod\u0113\u0161anu. Str\u0101vas padevi nodro\u0161ina standarta augstas slodzes tipa 18350 litija jonu akumulators, kuram Fenix ir pievienojis papildu aizsardz\u012bbas moduli pret p\u0101rm\u0113r\u012bgu uzl\u0101di, hipotermiju, p\u0101rkar\u0161anu, p\u0101rspriegumu un \u012bssavienojumu. Lai uzl\u0101d\u0113tu, jums nav nepiecie\u0161ams iz\u0146emt akumulatoru no luktura. Lampai ir standarta integr\u0113ts USB-C uzl\u0101des ports tie\u0161ai uzl\u0101dei. Lampu ir iesp\u0113jams vad\u012bt ar\u012b caur to pa\u0161u portu ar att\u0101luma sl\u0113dzi, izmantojot Fenix Aer-06 att\u0101luma sl\u0113dzi, kas pieejams k\u0101 opcija. Ir iesp\u0113jams p\u0101rbaud\u012bt baro\u0161anas avota uzl\u0101des l\u012bmeni, izmantojot luktur\u012b integr\u0113t\u0101 baro\u0161anas avota uzl\u0101des l\u012bme\u0146a indikatoru. Tas pats indikators darbojas ar\u012b k\u0101 Lampas uzl\u0101des procesa indikators. Fenix GL19R ir p\u0101rbaud\u012bta \u016bdensnecaurlaid\u012bga Lampa ar aizsardz\u012bbas klasi IP68 2m. Komplekt\u0101 ietilpst Fenix 1100mAh litija jonu akumulators, USB-C uzl\u0101des kabelis, mont\u0101\u017eas pl\u0101ksnes Glock un Picatinny stiprin\u0101jumu saska\u0146o\u0161anai, rezerves O-gredzens un lietot\u0101ja rokasgr\u0101mata. AER-06s att\u0101luma sl\u0113dzis pieejams atsevi\u0161\u0137i.<\/p>\n<p>Uzman\u012bbu! Fenx GL19R der liel\u0101kajai da\u013cai standarta izm\u0113ra pistoles ar Glock vai MIL-STD-1913 (Picatinny) standarta stiprin\u0101jumu. Fenix GL19R nav sader\u012bgs ar Sig Sauer P226. Fenix GL19R der tikai da\u017eiem kompaktiem pistol\u0113m, piem\u0113ram, Glock36\/Springfield DX standarta stiprin\u0101jumiem. Fenix GL19R nav piem\u0113rots kompaktiem iero\u010diem ar \u012bsu mont\u0101\u017eas pistoli vai bez Mont\u0101\u017eas pistoles.<\/p>\n","protected":false},"featured_media":144787,"template":"","meta":{"_acf_changed":false},"product_brand":[],"product_cat":[1037],"product_tag":[],"class_list":{"0":"post-146156","1":"product","2":"type-product","3":"status-publish","4":"has-post-thumbnail","6":"product_cat-lukturisi","8":"first","9":"instock","10":"purchasable","11":"product-type-simple"},"acf":[],"_links":{"self":[{"href":"https:\/\/kingarms.ee\/lv\/wp-json\/wp\/v2\/product\/146156","targetHints":{"allow":["GET"]}}],"collection":[{"href":"https:\/\/kingarms.ee\/lv\/wp-json\/wp\/v2\/product"}],"about":[{"href":"https:\/\/kingarms.ee\/lv\/wp-json\/wp\/v2\/types\/product"}],"wp:featuredmedia":[{"embeddable":true,"href":"https:\/\/kingarms.ee\/lv\/wp-json\/wp\/v2\/media\/144787"}],"wp:attachment":[{"href":"https:\/\/kingarms.ee\/lv\/wp-json\/wp\/v2\/media?parent=146156"}],"wp:term":[{"taxonomy":"product_brand","embeddable":true,"href":"https:\/\/kingarms.ee\/lv\/wp-json\/wp\/v2\/product_brand?post=146156"},{"taxonomy":"product_cat","embeddable":true,"href":"https:\/\/kingarms.ee\/lv\/wp-json\/wp\/v2\/product_cat?post=146156"},{"taxonomy":"product_tag","embeddable":true,"href":"https:\/\/kingarms.ee\/lv\/wp-json\/wp\/v2\/product_tag?post=146156"}],"curies":[{"name":"wp","href":"https:\/\/api.w.org\/{rel}","templated":true}]}}