{"id":146161,"date":"2025-02-22T20:47:14","date_gmt":"2025-02-22T17:47:14","guid":{"rendered":"https:\/\/kingarms.ee\/product\/fenix-gl19r-relvalambi-distantsluliti-aer-06s\/"},"modified":"2025-08-02T13:49:24","modified_gmt":"2025-08-02T10:49:24","slug":"fenix-gl19r-relvalambi-distantsluliti-aer-06s","status":"publish","type":"product","link":"https:\/\/kingarms.ee\/lv\/product\/fenix-gl19r-relvalambi-distantsluliti-aer-06s\/","title":{"rendered":"FENIX GL19R PISTOLES LAMPAS ATT\u0100LUMA SL\u0112DZIS AER-06S"},"content":{"rendered":"","protected":false},"excerpt":{"rendered":"<p>Fenix Aer &#8211; 06s ir unik\u0101ls att\u0101luma sl\u0113dzis, kas \u012bpa\u0161i izstr\u0101d\u0101ts Fenix kompaktajam lielgabalam un pistoles lampai GL19R ar m\u0113r\u0137i darbin\u0101t lampu ar da\u017e\u0101diem autom\u0101tiskiem iero\u010diem. Att\u0101luma p\u0101rsl\u0113g\u0161anas poga ir veidota ar 45 gr\u0101du le\u0146\u0137i \u0113rtai lieto\u0161anai un \u013cauj moment\u0101ni apgaismot, nep\u0101rtraukti apgaismot un aktiviz\u0113t stroboskopa re\u017e\u012bmu. Sl\u0113dzis atbilst aizsardz\u012bbas klasei IPX6. Standart\u0101 AER-06s ir apr\u012bkots ar picatinny (Mil-Std-1913) autobusa stiprin\u0101jumu, bet tam ir ar\u012b M-Lok autobusa stiprin\u0101juma pl\u0101ksne. Att\u0101luma sl\u0113d\u017ea Kabe\u013ca garums ir 200 mm. Iek\u013cauts ar\u012b rezerves O-gredzens un se\u0161st\u016bra atsl\u0113ga.<\/p>\n","protected":false},"featured_media":144343,"template":"","meta":{"_acf_changed":false},"product_brand":[],"product_cat":[1037],"product_tag":[],"class_list":{"0":"post-146161","1":"product","2":"type-product","3":"status-publish","4":"has-post-thumbnail","6":"product_cat-lukturisi","8":"first","9":"instock","10":"purchasable","11":"product-type-simple"},"acf":[],"_links":{"self":[{"href":"https:\/\/kingarms.ee\/lv\/wp-json\/wp\/v2\/product\/146161","targetHints":{"allow":["GET"]}}],"collection":[{"href":"https:\/\/kingarms.ee\/lv\/wp-json\/wp\/v2\/product"}],"about":[{"href":"https:\/\/kingarms.ee\/lv\/wp-json\/wp\/v2\/types\/product"}],"wp:featuredmedia":[{"embeddable":true,"href":"https:\/\/kingarms.ee\/lv\/wp-json\/wp\/v2\/media\/144343"}],"wp:attachment":[{"href":"https:\/\/kingarms.ee\/lv\/wp-json\/wp\/v2\/media?parent=146161"}],"wp:term":[{"taxonomy":"product_brand","embeddable":true,"href":"https:\/\/kingarms.ee\/lv\/wp-json\/wp\/v2\/product_brand?post=146161"},{"taxonomy":"product_cat","embeddable":true,"href":"https:\/\/kingarms.ee\/lv\/wp-json\/wp\/v2\/product_cat?post=146161"},{"taxonomy":"product_tag","embeddable":true,"href":"https:\/\/kingarms.ee\/lv\/wp-json\/wp\/v2\/product_tag?post=146161"}],"curies":[{"name":"wp","href":"https:\/\/api.w.org\/{rel}","templated":true}]}}