{"id":146171,"date":"2025-02-22T20:46:55","date_gmt":"2025-02-22T17:46:55","guid":{"rendered":"https:\/\/kingarms.ee\/product\/fenix-arb-l21-5000-li-ion-aku\/"},"modified":"2025-08-02T13:51:01","modified_gmt":"2025-08-02T10:51:01","slug":"fenix-arb-l21-5000-li-ion-aku","status":"publish","type":"product","link":"https:\/\/kingarms.ee\/lv\/product\/fenix-arb-l21-5000-li-ion-aku\/","title":{"rendered":"FENIX ARB-L21-5000 litija jonu akumulators"},"content":{"rendered":"","protected":false},"excerpt":{"rendered":"<p>Augstas kvalit\u0101tes 21700 litija jonu akumulators. Aizsargmeh\u0101nisms nodro\u0161ina, ka akumulators nep\u0101rkarst vai nep\u0101rl\u0101d\u0113. Pa\u0161izl\u0101de ir samazin\u0101ta l\u012bdz minimumam, vair\u0101k nek\u0101 500 uzl\u0101des ciklu kalpo\u0161anas laiks. P\u0101rbaud\u012bts gan aukst\u0101, gan karst\u0101 vid\u0113. Nep\u0101rtraukta maksim\u0101l\u0101 slodzes pretest\u012bba 7.5 A.<\/p>\n<p>Fenix kods: ARB-L21-5000 21700<\/p>\n<p>Piem\u0113rots univers\u0101lai lieto\u0161anai luktur\u012b\u0161os, izmantojot standarta tipa 21700 litija jonu akumulatoru ar asu &#8220;+&#8221; kontaktu.<\/p>\n","protected":false},"featured_media":144571,"template":"","meta":{"_acf_changed":false},"product_brand":[],"product_cat":[1037],"product_tag":[],"class_list":{"0":"post-146171","1":"product","2":"type-product","3":"status-publish","4":"has-post-thumbnail","6":"product_cat-lukturisi","8":"first","9":"instock","10":"purchasable","11":"product-type-simple"},"acf":[],"_links":{"self":[{"href":"https:\/\/kingarms.ee\/lv\/wp-json\/wp\/v2\/product\/146171","targetHints":{"allow":["GET"]}}],"collection":[{"href":"https:\/\/kingarms.ee\/lv\/wp-json\/wp\/v2\/product"}],"about":[{"href":"https:\/\/kingarms.ee\/lv\/wp-json\/wp\/v2\/types\/product"}],"wp:featuredmedia":[{"embeddable":true,"href":"https:\/\/kingarms.ee\/lv\/wp-json\/wp\/v2\/media\/144571"}],"wp:attachment":[{"href":"https:\/\/kingarms.ee\/lv\/wp-json\/wp\/v2\/media?parent=146171"}],"wp:term":[{"taxonomy":"product_brand","embeddable":true,"href":"https:\/\/kingarms.ee\/lv\/wp-json\/wp\/v2\/product_brand?post=146171"},{"taxonomy":"product_cat","embeddable":true,"href":"https:\/\/kingarms.ee\/lv\/wp-json\/wp\/v2\/product_cat?post=146171"},{"taxonomy":"product_tag","embeddable":true,"href":"https:\/\/kingarms.ee\/lv\/wp-json\/wp\/v2\/product_tag?post=146171"}],"curies":[{"name":"wp","href":"https:\/\/api.w.org\/{rel}","templated":true}]}}