{"id":146176,"date":"2025-02-22T20:46:55","date_gmt":"2025-02-22T17:46:55","guid":{"rendered":"https:\/\/kingarms.ee\/product\/fenix-arb-l40-12000-akupakett\/"},"modified":"2025-08-02T13:51:45","modified_gmt":"2025-08-02T10:51:45","slug":"fenix-arb-l40-12000-akupakett","status":"publish","type":"product","link":"https:\/\/kingarms.ee\/lv\/product\/fenix-arb-l40-12000-akupakett\/","title":{"rendered":"FENIX ARB-L40-12000 bateriju pakete"},"content":{"rendered":"","protected":false},"excerpt":{"rendered":"<p>Bateriju pakete, kas apkopota no Fenix Li-ion baterij\u0101m izmanto\u0161anai Fenix lr80r mekl\u0113\u0161anas lamp\u0101s. Nomin\u0101lais spriegums 7.2 V, Nomin\u0101l\u0101 jauda 12000mah.<\/p>\n<p>Fenix Preces kods: ARB-L40-12000<\/p>\n","protected":false},"featured_media":144577,"template":"","meta":{"_acf_changed":false},"product_brand":[],"product_cat":[1037],"product_tag":[],"class_list":{"0":"post-146176","1":"product","2":"type-product","3":"status-publish","4":"has-post-thumbnail","6":"product_cat-lukturisi","8":"first","9":"instock","10":"purchasable","11":"product-type-simple"},"acf":[],"_links":{"self":[{"href":"https:\/\/kingarms.ee\/lv\/wp-json\/wp\/v2\/product\/146176","targetHints":{"allow":["GET"]}}],"collection":[{"href":"https:\/\/kingarms.ee\/lv\/wp-json\/wp\/v2\/product"}],"about":[{"href":"https:\/\/kingarms.ee\/lv\/wp-json\/wp\/v2\/types\/product"}],"wp:featuredmedia":[{"embeddable":true,"href":"https:\/\/kingarms.ee\/lv\/wp-json\/wp\/v2\/media\/144577"}],"wp:attachment":[{"href":"https:\/\/kingarms.ee\/lv\/wp-json\/wp\/v2\/media?parent=146176"}],"wp:term":[{"taxonomy":"product_brand","embeddable":true,"href":"https:\/\/kingarms.ee\/lv\/wp-json\/wp\/v2\/product_brand?post=146176"},{"taxonomy":"product_cat","embeddable":true,"href":"https:\/\/kingarms.ee\/lv\/wp-json\/wp\/v2\/product_cat?post=146176"},{"taxonomy":"product_tag","embeddable":true,"href":"https:\/\/kingarms.ee\/lv\/wp-json\/wp\/v2\/product_tag?post=146176"}],"curies":[{"name":"wp","href":"https:\/\/api.w.org\/{rel}","templated":true}]}}