{"id":146211,"date":"2025-02-22T20:46:55","date_gmt":"2025-02-22T17:46:55","guid":{"rendered":"https:\/\/kingarms.ee\/product\/fenix-are-d1-lcd-akupanga-funktsiooniga-akulaadija\/"},"modified":"2025-08-02T13:56:51","modified_gmt":"2025-08-02T10:56:51","slug":"fenix-are-d1-lcd-akupanga-funktsiooniga-akulaadija","status":"publish","type":"product","link":"https:\/\/kingarms.ee\/lv\/product\/fenix-are-d1-lcd-akupanga-funktsiooniga-akulaadija\/","title":{"rendered":"FENIX ARE-D1 (LCD) akumulatora l\u0101d\u0113t\u0101js ar akumulatora bankas funkciju"},"content":{"rendered":"<p>FENIX ARE-D1 (LCD) AKUPANGA FUNKTSIOONIGA AKULAADIJA<\/p>\n","protected":false},"excerpt":{"rendered":"<p>Fenix ARE-D1 ir autom\u0101tisks (gudrs) akumulatora l\u0101d\u0113t\u0101js ar vienu uzl\u0101des slotu un LCD inform\u0101cijas displeju, kas piem\u0113rots visbie\u017e\u0101k sastopamo cilindrisko Li-ion, NiMH un NiCd akumulatoru uzl\u0101d\u0113\u0161anai. Turkl\u0101t Fenix ARE-D1 darbojas ar\u012b k\u0101 akumulatoru banka. Tas ir L\u0101d\u0113t\u0101js, ko darbina mikro-USB, tam ir USB-A izeja un tas ir paredz\u0113ts lieto\u0161anai telp\u0101s. Uzl\u0101des procesa laik\u0101 LCD par\u0101da uzl\u0101d\u0113jam\u0101 akumulatora veidu, uzl\u0101des l\u012bmeni (k\u0101 diagrammu) un p\u0113c izv\u0113les uzl\u0101des str\u0101vas stiprumu, uzl\u0101des laiku un akumulatora spriegumu. Turkl\u0101t ir iesp\u0113ja manu\u0101li izv\u0113l\u0113ties uzl\u0101des str\u0101vas stiprumu. Str\u0101d\u0101jot par akumulatora banku, displej\u0101 tiek par\u0101d\u012bta ar\u012b izkrau\u0161anas inform\u0101cija. Tiek atbalst\u012btas 10440, 14500, 16340, 18650, 21700 un 26650 litija jonu baterijas un AA, AAA un C izm\u0113ra NiMh\/NiCd baterijas. L\u0101d\u0113t\u0101js ir apr\u012bkots ar \u012bssavienojuma aizsardz\u012bbu, P\u0101rpl\u016bdes aizsardz\u012bbu, p\u0101rsprieguma aizsardz\u012bbu un pret\u0113j\u0101s polarit\u0101tes aizsardz\u012bbu.<\/p>\n","protected":false},"featured_media":144619,"template":"","meta":{"_acf_changed":false},"product_brand":[],"product_cat":[1037],"product_tag":[],"class_list":{"0":"post-146211","1":"product","2":"type-product","3":"status-publish","4":"has-post-thumbnail","6":"product_cat-lukturisi","8":"first","9":"instock","10":"purchasable","11":"product-type-simple"},"acf":[],"_links":{"self":[{"href":"https:\/\/kingarms.ee\/lv\/wp-json\/wp\/v2\/product\/146211","targetHints":{"allow":["GET"]}}],"collection":[{"href":"https:\/\/kingarms.ee\/lv\/wp-json\/wp\/v2\/product"}],"about":[{"href":"https:\/\/kingarms.ee\/lv\/wp-json\/wp\/v2\/types\/product"}],"wp:featuredmedia":[{"embeddable":true,"href":"https:\/\/kingarms.ee\/lv\/wp-json\/wp\/v2\/media\/144619"}],"wp:attachment":[{"href":"https:\/\/kingarms.ee\/lv\/wp-json\/wp\/v2\/media?parent=146211"}],"wp:term":[{"taxonomy":"product_brand","embeddable":true,"href":"https:\/\/kingarms.ee\/lv\/wp-json\/wp\/v2\/product_brand?post=146211"},{"taxonomy":"product_cat","embeddable":true,"href":"https:\/\/kingarms.ee\/lv\/wp-json\/wp\/v2\/product_cat?post=146211"},{"taxonomy":"product_tag","embeddable":true,"href":"https:\/\/kingarms.ee\/lv\/wp-json\/wp\/v2\/product_tag?post=146211"}],"curies":[{"name":"wp","href":"https:\/\/api.w.org\/{rel}","templated":true}]}}