{"id":146221,"date":"2025-02-22T20:46:55","date_gmt":"2025-02-22T17:46:55","guid":{"rendered":"https:\/\/kingarms.ee\/product\/fenix-are-x1-v2-0-akupanga-funktsiooniga-akulaadija\/"},"modified":"2025-08-02T13:58:32","modified_gmt":"2025-08-02T10:58:32","slug":"fenix-are-x1-v2-0-akupanga-funktsiooniga-akulaadija","status":"publish","type":"product","link":"https:\/\/kingarms.ee\/lv\/product\/fenix-are-x1-v2-0-akupanga-funktsiooniga-akulaadija\/","title":{"rendered":"FENIX ir-X1 V2. 0 akumulatora l\u0101d\u0113t\u0101js ar akumulatora bankas funkciju"},"content":{"rendered":"","protected":false},"excerpt":{"rendered":"<p>Fenix ARE-X1 v2.0 ir kompakts vienas uzl\u0101des autom\u0101tiskais (viedais) akumulatora l\u0101d\u0113t\u0101js, kas piem\u0113rots visbie\u017e\u0101k sastopamo cilindrisko litija jonu akumulatoru uzl\u0101d\u0113\u0161anai. Turkl\u0101t Fenix ARE-X1 V2.0 darbojas ar\u012b k\u0101 akumulatoru banka. Tas ir L\u0101d\u0113t\u0101js, ko darbina USB-C, tam ir USB-A izeja un tas ir paredz\u0113ts lieto\u0161anai telp\u0101s. Uzl\u0101des procesu un izkrau\u0161anas procesu nor\u0101da l\u0101d\u0113t\u0101ja indikatora gaisma. Fenix ARE-X1 v2.0 ir paredz\u0113ts 18650, 21700 un 26650 litija jonu akumulatoru uzl\u0101d\u0113\u0161anai un izmanto\u0161anai k\u0101 akumulatoru banka. L\u0101d\u0113t\u0101js ir apr\u012bkots ar \u012bssavienojuma aizsardz\u012bbu, P\u0101rpl\u016bdes aizsardz\u012bbu, p\u0101rsprieguma aizsardz\u012bbu un pret\u0113j\u0101s polarit\u0101tes aizsardz\u012bbu.<\/p>\n","protected":false},"featured_media":144631,"template":"","meta":{"_acf_changed":false},"product_brand":[],"product_cat":[1037],"product_tag":[],"class_list":{"0":"post-146221","1":"product","2":"type-product","3":"status-publish","4":"has-post-thumbnail","6":"product_cat-lukturisi","8":"first","9":"instock","10":"purchasable","11":"product-type-simple"},"acf":[],"_links":{"self":[{"href":"https:\/\/kingarms.ee\/lv\/wp-json\/wp\/v2\/product\/146221","targetHints":{"allow":["GET"]}}],"collection":[{"href":"https:\/\/kingarms.ee\/lv\/wp-json\/wp\/v2\/product"}],"about":[{"href":"https:\/\/kingarms.ee\/lv\/wp-json\/wp\/v2\/types\/product"}],"wp:featuredmedia":[{"embeddable":true,"href":"https:\/\/kingarms.ee\/lv\/wp-json\/wp\/v2\/media\/144631"}],"wp:attachment":[{"href":"https:\/\/kingarms.ee\/lv\/wp-json\/wp\/v2\/media?parent=146221"}],"wp:term":[{"taxonomy":"product_brand","embeddable":true,"href":"https:\/\/kingarms.ee\/lv\/wp-json\/wp\/v2\/product_brand?post=146221"},{"taxonomy":"product_cat","embeddable":true,"href":"https:\/\/kingarms.ee\/lv\/wp-json\/wp\/v2\/product_cat?post=146221"},{"taxonomy":"product_tag","embeddable":true,"href":"https:\/\/kingarms.ee\/lv\/wp-json\/wp\/v2\/product_tag?post=146221"}],"curies":[{"name":"wp","href":"https:\/\/api.w.org\/{rel}","templated":true}]}}