{"id":146226,"date":"2025-02-22T20:46:55","date_gmt":"2025-02-22T17:46:55","guid":{"rendered":"https:\/\/kingarms.ee\/product\/fenix-bc05r-v2-0\/"},"modified":"2025-08-02T13:59:25","modified_gmt":"2025-08-02T10:59:25","slug":"fenix-bc05r-v2-0","status":"publish","type":"product","link":"https:\/\/kingarms.ee\/lv\/product\/fenix-bc05r-v2-0\/","title":{"rendered":"FENIX BC05R V2.0"},"content":{"rendered":"","protected":false},"excerpt":{"rendered":"<p>Fenix BC05R V2.0 ir BC05R mode\u013ca atjaunin\u0101jums. Tas ir kompakts daudzfunkcion\u0101ls velosip\u0113da aizmugur\u0113jais lukturis, ko var izmantot ar\u012b k\u0101 dro\u0161\u012bbas un trauksmes gaismu. BC05R v2.0 ir tie\u0161s uzl\u0101d\u0113jams gaismeklis ar integr\u0113tu litija polim\u0113ru akumulatoru ar jaudu 400mAh. Akumulators ir tie\u0161i uzl\u0101d\u0113jams, izmantojot USB-C uzl\u0101des portu, kas integr\u0113ts lampas aizmugur\u0113. Sarkan\u0101s gaismas maksim\u0101lais gaismas sp\u0113ks ir 15 l\u016bmeni, un gaismas le\u0146\u0137is ir 180 gr\u0101di. Tas ir pietiekami, lai citi satiksmes dal\u012bbnieki b\u016btu redzami no vair\u0101ku simtu metru att\u0101luma, nevis lai tie b\u016btu mirdzo\u0161i citiem. P\u0101rsl\u0113g\u0161an\u0101s uz darb\u012bbas un p\u0101rsl\u0113g\u0161anas re\u017e\u012bmiem tiek veikta no pogas, kas integr\u0113ta luktura priek\u0161pus\u0113. Ir pieejami se\u0161i da\u017e\u0101di darb\u012bbas re\u017e\u012bmi-past\u0101v\u012bga gaisma ar augstu gaismas intensit\u0101ti, l\u0113na un \u0101tra mirgo\u0161ana un past\u0101v\u012bga gaisma ar zemu gaismas intensit\u0101ti, l\u0113na un \u0101tra mirgo\u0161ana. Atkar\u012bb\u0101 no izv\u0113l\u0113t\u0101 darba re\u017e\u012bma lampa darbojas 4h30min ar vienu uzl\u0101di&#8230;120H. BC05R V2.0 ir apr\u012bkots gan ar uzl\u0101des procesu inidcator, gan ar daudzpak\u0101pju uzl\u0101des l\u012bme\u0146a indikatoru, lai re\u0101l\u0101 laik\u0101 p\u0101rbaud\u012btu akumulatora uzl\u0101des l\u012bmeni. Papildus lampai Komplekt\u0101 ietilpst USB-C uzl\u0101des kabelis, elast\u012bga siksna piestiprin\u0101\u0161anai pie Velosip\u0113da un klips piestiprin\u0101\u0161anai pie ap\u0123\u0113rba.<\/p>\n","protected":false},"featured_media":144637,"template":"","meta":{"_acf_changed":false},"product_brand":[],"product_cat":[1037],"product_tag":[],"class_list":{"0":"post-146226","1":"product","2":"type-product","3":"status-publish","4":"has-post-thumbnail","6":"product_cat-lukturisi","8":"first","9":"instock","10":"purchasable","11":"product-type-simple"},"acf":[],"_links":{"self":[{"href":"https:\/\/kingarms.ee\/lv\/wp-json\/wp\/v2\/product\/146226","targetHints":{"allow":["GET"]}}],"collection":[{"href":"https:\/\/kingarms.ee\/lv\/wp-json\/wp\/v2\/product"}],"about":[{"href":"https:\/\/kingarms.ee\/lv\/wp-json\/wp\/v2\/types\/product"}],"wp:featuredmedia":[{"embeddable":true,"href":"https:\/\/kingarms.ee\/lv\/wp-json\/wp\/v2\/media\/144637"}],"wp:attachment":[{"href":"https:\/\/kingarms.ee\/lv\/wp-json\/wp\/v2\/media?parent=146226"}],"wp:term":[{"taxonomy":"product_brand","embeddable":true,"href":"https:\/\/kingarms.ee\/lv\/wp-json\/wp\/v2\/product_brand?post=146226"},{"taxonomy":"product_cat","embeddable":true,"href":"https:\/\/kingarms.ee\/lv\/wp-json\/wp\/v2\/product_cat?post=146226"},{"taxonomy":"product_tag","embeddable":true,"href":"https:\/\/kingarms.ee\/lv\/wp-json\/wp\/v2\/product_tag?post=146226"}],"curies":[{"name":"wp","href":"https:\/\/api.w.org\/{rel}","templated":true}]}}