{"id":146231,"date":"2025-02-22T20:46:55","date_gmt":"2025-02-22T17:46:55","guid":{"rendered":"https:\/\/kingarms.ee\/product\/fenix-bc06r\/"},"modified":"2025-08-02T14:00:15","modified_gmt":"2025-08-02T11:00:15","slug":"fenix-bc06r","status":"publish","type":"product","link":"https:\/\/kingarms.ee\/lv\/product\/fenix-bc06r\/","title":{"rendered":"FENIX BC06R"},"content":{"rendered":"","protected":false},"excerpt":{"rendered":"<p>Fenix BC06R ir Aizmugur\u0113jais lukturis velosip\u0113diem ar lielu gaismas jaudu. Paredz\u0113ts galvenok\u0101rt pras\u012bgam entuziastam, kuram ir svar\u012bga papildu dro\u0161\u012bba un \u012bpa\u0161as funkcijas. Fenix BC06R ir kompakts-36 mm x 36 mm x 36 mm. svars ar integr\u0113to Uzl\u0101d\u0113jamo litija jonu akumulatoru ir tikai 44,5 g. gaismeklim kopum\u0101 ir tr\u012bs da\u017e\u0101di sarkan\u0101s gaismas stiprumi (10lm, 30lm un 90lm) un piecas funkcijas (rot\u0113jo\u0161a, nep\u0101rtraukta, l\u0113na mirgo\u0161ana, \u0101tra mirgo\u0161ana, bremz\u0113\u0161ana). Nep\u0101rtraukt\u0101, l\u0113n\u0101 un \u0101tr\u0101 mirgojo\u0161\u0101 re\u017e\u012bm\u0101 ir pieejama gan 10lm, gan 30lm gaismas intensit\u0101te, 10lm gaismas intensit\u0101te ir pieejama rot\u0101cijas re\u017e\u012bm\u0101, un 90lm gaismas intensit\u0101te ir pieejama bremz\u0113\u0161anas funkcij\u0101. Ja jums vajadz\u0113tu bremz\u0113t velosip\u0113du vai strauji samazin\u0101t \u0101trumu, lukturis to autom\u0101tiski atpaz\u012bs un p\u0101rsl\u0113gsies uz bremz\u0113\u0161anas re\u017e\u012bmu, aktiviz\u0113jot 90lm gaismas intensit\u0101ti. Re\u017e\u012bms ir akt\u012bvs 2 sekundes un p\u0113c tam autom\u0101tiski p\u0101rsl\u0113dzas atpaka\u013c norm\u0101l\u0101 re\u017e\u012bm\u0101. Fenix BC06R tiek pieg\u0101d\u0101ts ar nepiecie\u0161amajiem mont\u0101\u017eas un mont\u0101\u017eas piederumiem. Lampu var piestiprin\u0101t gan ap seglu stabu, gan pie seglu pamatnes r\u0101mja ar nosac\u012bjumu, ka atstarpe starp pamatnes r\u0101mja armat\u016bru ir 39-50mm. Fenix BC06R ir uzl\u0101d\u0113jams Ieb\u016bv\u0113ts Litija jonu akumulators ar ietilp\u012bbu 560mah, kas nodro\u0161ina maksim\u0101lo sec\u012bgo darb\u012bbas laiku starp l\u0101di\u0146iem l\u012bdz 24,5 stund\u0101m mirgojo\u0161\u0101 re\u017e\u012bm\u0101 un l\u012bdz 12,5 stund\u0101m nep\u0101rtraukt\u0101 re\u017e\u012bm\u0101. Akumulators tiek tie\u0161i uzl\u0101d\u0113ts, izmantojot standarta USB-C uzl\u0101des ligzdu lampas aizmugur\u0113. Piln\u012bga tuk\u0161a akumulatora uzl\u0101de ilgst 2 stundas. Lampas jaudas un re\u017e\u012bma sl\u0113dzis atrodas lampas aug\u0161pus\u0113, un tam ir Ieb\u016bv\u0113ts uzl\u0101des procesa indikators un akumulatora uzl\u0101des l\u012bme\u0146a indikators. Fenix BC06R gaismas le\u0146\u0137is ir 270 gr\u0101di, kas noz\u012bm\u0113, ka gaisma ir redzama gan aiz rite\u0146a, gan no s\u0101niem. Lampa ir aizsarg\u0101ta pret putek\u013ciem, \u016bdeni un sve\u0161iniekiem saska\u0146\u0101 ar aizsardz\u012bbas klasi IP66 un ir piem\u0113rota lieto\u0161anai pat ekstrem\u0101l\u0101kajos laika apst\u0101k\u013cos. Fenix BC06R Komplekt\u0101 ietilpst gaismeklis ar integr\u0113tu akumulatoru, uzl\u0101des kabelis, velosip\u0113da seglu stat\u0146a un seglu apak\u0161r\u0101mja mont\u0101\u017eas piederumi un lieto\u0161anas instrukcija.<\/p>\n","protected":false},"featured_media":144643,"template":"","meta":{"_acf_changed":false},"product_brand":[],"product_cat":[1037],"product_tag":[],"class_list":{"0":"post-146231","1":"product","2":"type-product","3":"status-publish","4":"has-post-thumbnail","6":"product_cat-lukturisi","8":"first","9":"instock","10":"purchasable","11":"product-type-simple"},"acf":[],"_links":{"self":[{"href":"https:\/\/kingarms.ee\/lv\/wp-json\/wp\/v2\/product\/146231","targetHints":{"allow":["GET"]}}],"collection":[{"href":"https:\/\/kingarms.ee\/lv\/wp-json\/wp\/v2\/product"}],"about":[{"href":"https:\/\/kingarms.ee\/lv\/wp-json\/wp\/v2\/types\/product"}],"wp:featuredmedia":[{"embeddable":true,"href":"https:\/\/kingarms.ee\/lv\/wp-json\/wp\/v2\/media\/144643"}],"wp:attachment":[{"href":"https:\/\/kingarms.ee\/lv\/wp-json\/wp\/v2\/media?parent=146231"}],"wp:term":[{"taxonomy":"product_brand","embeddable":true,"href":"https:\/\/kingarms.ee\/lv\/wp-json\/wp\/v2\/product_brand?post=146231"},{"taxonomy":"product_cat","embeddable":true,"href":"https:\/\/kingarms.ee\/lv\/wp-json\/wp\/v2\/product_cat?post=146231"},{"taxonomy":"product_tag","embeddable":true,"href":"https:\/\/kingarms.ee\/lv\/wp-json\/wp\/v2\/product_tag?post=146231"}],"curies":[{"name":"wp","href":"https:\/\/api.w.org\/{rel}","templated":true}]}}