{"id":146261,"date":"2025-02-22T20:46:55","date_gmt":"2025-02-22T17:46:55","guid":{"rendered":"https:\/\/kingarms.ee\/product\/fenix-bc30-v2-0-taiskomplekt\/"},"modified":"2025-08-02T14:05:18","modified_gmt":"2025-08-02T11:05:18","slug":"fenix-bc30-v2-0-taiskomplekt","status":"publish","type":"product","link":"https:\/\/kingarms.ee\/lv\/product\/fenix-bc30-v2-0-taiskomplekt\/","title":{"rendered":"FENIX BC30 V2. 0 pilns komplekts"},"content":{"rendered":"","protected":false},"excerpt":{"rendered":"<p>&#8220;BC30 V2.0 ir pilna izm\u0113ra profesion\u0101la Fenix velosip\u0113du lampa. Tas ir velosip\u0113du lukturis, kas izstr\u0101d\u0101ts galvenok\u0101rt uzst\u0101d\u012b\u0161anai uz da\u017e\u0101diem kalnu velosip\u0113diem un bezce\u013ca lieto\u0161anai. Fenix BC30 V2.0 raksturo fakts, ka t\u0101 divu veidu 18650 litija jonu akumulatori atrodas atveram\u0101 akumulatora nodal\u012bjum\u0101, un vajadz\u012bbas gad\u012bjum\u0101 tos var \u0101tri aizst\u0101t ar jauniem. Lampa darbojas ar\u012b ar \u010detr\u0101m CR123A litija baterij\u0101m. Turkl\u0101t jaunums ir tas, ka BC30 v2.0 att\u0101luma sl\u0113dzim ir bezvadu (bezvadu) savienojums starp sl\u0113dzi un lampu.<\/p>\n<p>Fenix BC30 v2.0 Maksim\u0101l\u0101 gaismas jauda ir 2200 l\u016bmeni re\u017e\u012bm\u0101 &#8220;&#8221;burst&#8221; un 1500 l\u016bmeni nep\u0101rtraukt\u0101 maksim\u0101l\u0101 darba re\u017e\u012bm\u0101. Kopum\u0101 lampai ir piecas da\u017e\u0101das gaismas intensit\u0101tes diapazon\u0101 no 50&#8230;2200 l\u016bmeni un 600\/50Lm mirgojo\u0161s re\u017e\u012bms. Apgaismot\u0101s zonas maksim\u0101lais diapazons ir 187 metri. Lampa ir apr\u012bkota ar diviem Luminus SST-40 N5 LED elementiem, kas nodro\u0161ina lampu ar t\u012bru baltu gaismu gaismas temperat\u016br\u0101 ca 6000K. LED elementi atrodas blakus luktura korpus\u0101 un ir apr\u012bkoti ar nesp\u012bd\u012bgu optiku. Lampas gaismas ras\u0113jums ir kop\u0113jais platums 85 gr\u0101di, un tiek nodro\u0161in\u0101ts vienlaic\u012bgs apgaismojums gan tuvu, gan t\u0101lu. Re\u0101l\u0101 laik\u0101 indikatora gaisma ar kr\u0101su (za\u013ca, oran\u017ea, sarkana, mirgojo\u0161a sarkana) gaismas indikatoru ir integr\u0113ta sl\u0113dz\u012b, kas atrodas lampas aug\u0161pus\u0113, lai uzraudz\u012btu luktura bateriju uzl\u0101des l\u012bmeni. Lampas korpuss ir piln\u012bb\u0101 izgatavots no alum\u012bnija, lai nodro\u0161in\u0101tu maksim\u0101lu iztur\u012bbu un siltuma p\u0101rnesi, un ir p\u0101rkl\u0101ts ar iztur\u012bgu III tipa anod\u0113tu p\u0101rkl\u0101jumu. Spuldze ir piestiprin\u0101ta pie velosip\u0113da st\u016bres ar \u0101tru savienojumu. Turkl\u0101t ir iesp\u0113jams apvienot lampu ar izv\u0113les Fenix Ald &#8211; 08 \u0136iveres pl\u0101ksni un uzst\u0101d\u012bt to uz velosip\u0113da \u0137iveres. \u0160aj\u0101 gad\u012bjum\u0101 bezvadu att\u0101luma sl\u0113d\u017ea izmanto\u0161ana ir \u012bpa\u0161i \u0113rta. Fenix BR30 v2.0 var \u0101tri no\u0146emt no velosip\u0113da st\u016bres un izmantot k\u0101 parastu luktur\u012bti.<\/p>\n<p>Fenix BC30 V2.0 komplekt\u0101 papildus lampai ir divas ori\u0123in\u0101l\u0101s Fenix 3500mAh ietilp\u012bbas ARB-L18-3500 litija jonu baterijas, Fenix LCD displejs un divi uzl\u0101des sloti akumulatora l\u0101d\u0113t\u0101js ir-A2, velosip\u0113da stiprin\u0101jums, bezvadu att\u0101luma sl\u0113dzis, CR1632 akumulatora att\u0101luma sl\u0113dzis, rezerves O-gredzens un lietot\u0101ja rokasgr\u0101mata.&#8221;<\/p>\n","protected":false},"featured_media":144679,"template":"","meta":{"_acf_changed":false},"product_brand":[],"product_cat":[1037],"product_tag":[],"class_list":{"0":"post-146261","1":"product","2":"type-product","3":"status-publish","4":"has-post-thumbnail","6":"product_cat-lukturisi","8":"first","9":"instock","10":"purchasable","11":"product-type-simple"},"acf":[],"_links":{"self":[{"href":"https:\/\/kingarms.ee\/lv\/wp-json\/wp\/v2\/product\/146261","targetHints":{"allow":["GET"]}}],"collection":[{"href":"https:\/\/kingarms.ee\/lv\/wp-json\/wp\/v2\/product"}],"about":[{"href":"https:\/\/kingarms.ee\/lv\/wp-json\/wp\/v2\/types\/product"}],"wp:featuredmedia":[{"embeddable":true,"href":"https:\/\/kingarms.ee\/lv\/wp-json\/wp\/v2\/media\/144679"}],"wp:attachment":[{"href":"https:\/\/kingarms.ee\/lv\/wp-json\/wp\/v2\/media?parent=146261"}],"wp:term":[{"taxonomy":"product_brand","embeddable":true,"href":"https:\/\/kingarms.ee\/lv\/wp-json\/wp\/v2\/product_brand?post=146261"},{"taxonomy":"product_cat","embeddable":true,"href":"https:\/\/kingarms.ee\/lv\/wp-json\/wp\/v2\/product_cat?post=146261"},{"taxonomy":"product_tag","embeddable":true,"href":"https:\/\/kingarms.ee\/lv\/wp-json\/wp\/v2\/product_tag?post=146261"}],"curies":[{"name":"wp","href":"https:\/\/api.w.org\/{rel}","templated":true}]}}