{"id":146266,"date":"2025-02-22T20:46:55","date_gmt":"2025-02-22T17:46:55","guid":{"rendered":"https:\/\/kingarms.ee\/product\/fenix-bc30r\/"},"modified":"2025-08-02T14:06:07","modified_gmt":"2025-08-02T11:06:07","slug":"fenix-bc30r","status":"publish","type":"product","link":"https:\/\/kingarms.ee\/lv\/product\/fenix-bc30r\/","title":{"rendered":"FENIX BC30R"},"content":{"rendered":"","protected":false},"excerpt":{"rendered":"<p>BC30R ir pilna izm\u0113ra profesion\u0101la Fenix velosip\u0113du lampa. Tas ir velosip\u0113du lukturis, kas izstr\u0101d\u0101ts galvenok\u0101rt uzst\u0101d\u012b\u0161anai uz da\u017e\u0101diem kalnu velosip\u0113diem un bezce\u013ca lieto\u0161anai. Fenix BC30R mode\u013ca raksturojums ir t\u0101ds, ka lampa ir apr\u012bkota ar diviem LED elementiem ar neitr\u0101lu baltu gaismu (5000k). Silt\u0101ks neitr\u0101l\u0101s balt\u0101s gaismas tonis (Ra80) padara kr\u0101sas spilgt\u0101kas, p\u0101rvietojoties dab\u0101, palielina tr\u012bsdimensiju efektu un lab\u0101k izce\u013c deta\u013cas, sal\u012bdzinot ar v\u0113s\u0101kiem gaismas to\u0146iem. Turkl\u0101t BC30R ir apr\u012bkots ar novatorisku OLED inform\u0101cijas displeju lampas darb\u012bbas parametru par\u0101d\u012b\u0161anai, integr\u0113t\u0101m 18650 baterij\u0101m ar bruto ietilp\u012bbu 5200mAh un USB tie\u0161\u0101s uzl\u0101des funkciju.<\/p>\n<p>Fenix BC30R maksim\u0101l\u0101 gaismas jauda ir 1800 l\u016bmeni re\u017e\u012bm\u0101 p\u0101rspr\u0101gt un 1000 l\u016bmeni nep\u0101rtraukt\u0101 maksim\u0101l\u0101 darba re\u017e\u012bm\u0101. Kopum\u0101 lampai ir piecas da\u017e\u0101das gaismas intensit\u0101tes diapazon\u0101 no 50&#8230;1800 l\u016bmeni un 150lm mirgojo\u0161s re\u017e\u012bms. Apgaismot\u0101s zonas maksim\u0101lais diapazons ir 161 metri. Lampa ir apr\u012bkota ar diviem CREE XM-L2 T6 neitr\u0101liem baltiem LED elementiem, kas nodro\u0161ina lampu ar neitr\u0101lu baltu gaismu un iev\u0113rojami lab\u0101ku kr\u0101su p\u0101rraidi, sal\u012bdzinot ar v\u0113s\u0101ku gaismas temperat\u016bru. LED elementi atrodas blakus lampas korpusam un ir apr\u012bkoti ar nesp\u012bdo\u0161u optiku. Lampas gaismas ras\u0113jums ir kop\u0113jais platums 120 gr\u0101di, un tiek nodro\u0161in\u0101ts vienlaic\u012bgs apgaismojums gan tuvu, gan t\u0101lu. Re\u0101l\u0101 laik\u0101 visi lampas darb\u012bbas parametri ir viegli kontrol\u0113jami no OLED inform\u0101cijas ekr\u0101na, kas integr\u0113ts lamp\u0101. Inform\u0101cijas ekr\u0101ns nodro\u0161ina re\u0101l\u0101 laika uzraudz\u012bbu atliku\u0161o darb\u012bbas laiku ar \u012bpa\u0161u gaismas intensit\u0101ti, akumulatora uzl\u0101des l\u012bmeni un nosaukumu darb\u012bbas re\u017e\u012bm\u0101. Turkl\u0101t lampa ir apr\u012bkota ar br\u012bv\u0101 apgaismojuma sl\u0113d\u017eiem un no\u0146emamu St\u016bres att\u0101luma sl\u0113dzi. Fenix BC30R korpuss ir piln\u012bb\u0101 izgatavots no alum\u012bnija, lai nodro\u0161in\u0101tu maksim\u0101lu iztur\u012bbu un siltuma p\u0101rnesi, un ir p\u0101rkl\u0101ts ar iztur\u012bgu III tipa anod\u0113tu p\u0101rkl\u0101jumu. Spuldze ir piestiprin\u0101ta pie velosip\u0113da st\u016bres ar \u0101tru savienojumu. Turkl\u0101t ir iesp\u0113jams apvienot lampu ar izv\u0113les Fenix Ald &#8211; 08 \u0136iveres pl\u0101ksni un uzst\u0101d\u012bt to uz velosip\u0113da \u0137iveres. Fenix BC30R var \u0101tri no\u0146emt no st\u016bres un izmantot k\u0101 parastu luktur\u012bti.<\/p>\n","protected":false},"featured_media":144673,"template":"","meta":{"_acf_changed":false},"product_brand":[],"product_cat":[1037],"product_tag":[],"class_list":{"0":"post-146266","1":"product","2":"type-product","3":"status-publish","4":"has-post-thumbnail","6":"product_cat-lukturisi","8":"first","9":"instock","10":"purchasable","11":"product-type-simple"},"acf":[],"_links":{"self":[{"href":"https:\/\/kingarms.ee\/lv\/wp-json\/wp\/v2\/product\/146266","targetHints":{"allow":["GET"]}}],"collection":[{"href":"https:\/\/kingarms.ee\/lv\/wp-json\/wp\/v2\/product"}],"about":[{"href":"https:\/\/kingarms.ee\/lv\/wp-json\/wp\/v2\/types\/product"}],"wp:featuredmedia":[{"embeddable":true,"href":"https:\/\/kingarms.ee\/lv\/wp-json\/wp\/v2\/media\/144673"}],"wp:attachment":[{"href":"https:\/\/kingarms.ee\/lv\/wp-json\/wp\/v2\/media?parent=146266"}],"wp:term":[{"taxonomy":"product_brand","embeddable":true,"href":"https:\/\/kingarms.ee\/lv\/wp-json\/wp\/v2\/product_brand?post=146266"},{"taxonomy":"product_cat","embeddable":true,"href":"https:\/\/kingarms.ee\/lv\/wp-json\/wp\/v2\/product_cat?post=146266"},{"taxonomy":"product_tag","embeddable":true,"href":"https:\/\/kingarms.ee\/lv\/wp-json\/wp\/v2\/product_tag?post=146266"}],"curies":[{"name":"wp","href":"https:\/\/api.w.org\/{rel}","templated":true}]}}