{"id":146276,"date":"2025-02-22T20:46:29","date_gmt":"2025-02-22T17:46:29","guid":{"rendered":"https:\/\/kingarms.ee\/product\/fenix-alg-16-relvakinnitusklamber-m-lok-siinile\/"},"modified":"2025-08-02T14:07:49","modified_gmt":"2025-08-02T11:07:49","slug":"fenix-alg-16-relvakinnitusklamber-m-lok-siinile","status":"publish","type":"product","link":"https:\/\/kingarms.ee\/lv\/product\/fenix-alg-16-relvakinnitusklamber-m-lok-siinile\/","title":{"rendered":"FENIX ALG &#8211; 16 PISTOLES STIPRIN\u0100JUMS M-LOK AUTOBUSAM"},"content":{"rendered":"","protected":false},"excerpt":{"rendered":"<p>Fenix ALG-16 ir taktiska mont\u0101\u017eas kron\u0161teins luktur\u012b\u0161u uzst\u0101d\u012b\u0161anai uz \u0161aujamiero\u010diem. ALG-16 ir \u0101trs stiprin\u0101jums, un tas ir paredz\u0113ts, lai dro\u0161i uzst\u0101d\u012btu luktur\u012b\u0161us M-Lok autobusos. Piem\u0113rots luktur\u012b\u0161iem ar \u0137erme\u0146a diametru 22,5&#8230;26mm un Lampas galvas diametrs l\u012bdz 40mm.<\/p>\n<p>Izgatavots no augstas kvalit\u0101tes anod\u0113ta alum\u012bnija sakaus\u0113juma. Mont\u0101\u017eas kron\u0161teina iek\u0161\u0113j\u0101 virsma ir p\u0101rkl\u0101ta ar gumijas amortiz\u0101cijas spilventi\u0146u. Mont\u0101\u017eas kron\u0161teina gabar\u012bta izm\u0113ri ir 51, 7&#215;42. 1&#215;30. 1mm, svars ir 53,3 g.<\/p>\n","protected":false},"featured_media":144427,"template":"","meta":{"_acf_changed":false},"product_brand":[],"product_cat":[1037],"product_tag":[],"class_list":{"0":"post-146276","1":"product","2":"type-product","3":"status-publish","4":"has-post-thumbnail","6":"product_cat-lukturisi","8":"first","9":"instock","10":"purchasable","11":"product-type-simple"},"acf":[],"_links":{"self":[{"href":"https:\/\/kingarms.ee\/lv\/wp-json\/wp\/v2\/product\/146276","targetHints":{"allow":["GET"]}}],"collection":[{"href":"https:\/\/kingarms.ee\/lv\/wp-json\/wp\/v2\/product"}],"about":[{"href":"https:\/\/kingarms.ee\/lv\/wp-json\/wp\/v2\/types\/product"}],"wp:featuredmedia":[{"embeddable":true,"href":"https:\/\/kingarms.ee\/lv\/wp-json\/wp\/v2\/media\/144427"}],"wp:attachment":[{"href":"https:\/\/kingarms.ee\/lv\/wp-json\/wp\/v2\/media?parent=146276"}],"wp:term":[{"taxonomy":"product_brand","embeddable":true,"href":"https:\/\/kingarms.ee\/lv\/wp-json\/wp\/v2\/product_brand?post=146276"},{"taxonomy":"product_cat","embeddable":true,"href":"https:\/\/kingarms.ee\/lv\/wp-json\/wp\/v2\/product_cat?post=146276"},{"taxonomy":"product_tag","embeddable":true,"href":"https:\/\/kingarms.ee\/lv\/wp-json\/wp\/v2\/product_tag?post=146276"}],"curies":[{"name":"wp","href":"https:\/\/api.w.org\/{rel}","templated":true}]}}