{"id":146286,"date":"2025-02-22T20:46:29","date_gmt":"2025-02-22T17:46:29","guid":{"rendered":"https:\/\/kingarms.ee\/product\/fenix-alw-01-randmehoidik-kompaktsetele-taskulampidele\/"},"modified":"2025-08-02T14:09:29","modified_gmt":"2025-08-02T11:09:29","slug":"fenix-alw-01-randmehoidik-kompaktsetele-taskulampidele","status":"publish","type":"product","link":"https:\/\/kingarms.ee\/lv\/product\/fenix-alw-01-randmehoidik-kompaktsetele-taskulampidele\/","title":{"rendered":"FENIX ALW &#8211; 01 ROKAS TUR\u0112T\u0100JS KOMPAKTIEM LUKTUR\u012a\u0160IEM"},"content":{"rendered":"","protected":false},"excerpt":{"rendered":"<p>Fenix alw &#8211; 01 ir unik\u0101ls plaukstas stiprin\u0101jums, kas paredz\u0113ts maz\u0101k\u0101m Fenix lamp\u0101m. L\u0101pas var piestiprin\u0101t pie plaukstas stiprin\u0101juma, izmantojot lampas stiprin\u0101juma kron\u0161teinu, t\u0101d\u0113j\u0101di padarot t\u0101s br\u012bvroku pro\u017eektorus darbam (remonta darbi, pastaigas, gl\u0101b\u0161anas darbi utt.). Lampas stiprin\u0101jums ir izgatavots no iztur\u012bgas plastmasas un ar luktur\u012bti grie\u017eas par 360 gr\u0101diem. Aproce ir 40 mm plata, \u0113rta, iztur\u012bga un austa no nodilumiztur\u012bga neilona. Aproces garumu var noregul\u0113t 140-200mm apjom\u0101.<\/p>\n<p>Fenix ALW &#8211; 01 ir piem\u0113rots \u0161\u0101d\u0101m Fenix lamp\u0101m: E12 V2.0, E16, E18R V2. 0, PD25R<\/p>\n","protected":false},"featured_media":144451,"template":"","meta":{"_acf_changed":false},"product_brand":[],"product_cat":[1037],"product_tag":[],"class_list":{"0":"post-146286","1":"product","2":"type-product","3":"status-publish","4":"has-post-thumbnail","6":"product_cat-lukturisi","8":"first","9":"instock","10":"purchasable","11":"product-type-simple"},"acf":[],"_links":{"self":[{"href":"https:\/\/kingarms.ee\/lv\/wp-json\/wp\/v2\/product\/146286","targetHints":{"allow":["GET"]}}],"collection":[{"href":"https:\/\/kingarms.ee\/lv\/wp-json\/wp\/v2\/product"}],"about":[{"href":"https:\/\/kingarms.ee\/lv\/wp-json\/wp\/v2\/types\/product"}],"wp:featuredmedia":[{"embeddable":true,"href":"https:\/\/kingarms.ee\/lv\/wp-json\/wp\/v2\/media\/144451"}],"wp:attachment":[{"href":"https:\/\/kingarms.ee\/lv\/wp-json\/wp\/v2\/media?parent=146286"}],"wp:term":[{"taxonomy":"product_brand","embeddable":true,"href":"https:\/\/kingarms.ee\/lv\/wp-json\/wp\/v2\/product_brand?post=146286"},{"taxonomy":"product_cat","embeddable":true,"href":"https:\/\/kingarms.ee\/lv\/wp-json\/wp\/v2\/product_cat?post=146286"},{"taxonomy":"product_tag","embeddable":true,"href":"https:\/\/kingarms.ee\/lv\/wp-json\/wp\/v2\/product_tag?post=146286"}],"curies":[{"name":"wp","href":"https:\/\/api.w.org\/{rel}","templated":true}]}}