{"id":146303,"date":"2025-02-22T20:46:29","date_gmt":"2025-02-22T17:46:29","guid":{"rendered":"https:\/\/kingarms.ee\/product\/fenix-aof-s-valgusfilter-254mm-peaga-taskulampidele\/"},"modified":"2025-08-02T14:11:49","modified_gmt":"2025-08-02T11:11:49","slug":"fenix-aof-s-valgusfilter-254mm-peaga-taskulampidele","status":"publish","type":"product","link":"https:\/\/kingarms.ee\/lv\/product\/fenix-aof-s-valgusfilter-254mm-peaga-taskulampidele\/","title":{"rendered":"FENIX AOF-S+ GAISMAS FILTRS 25,4 MM GALVAS LUKTUR\u012a\u0160IEM"},"content":{"rendered":"<p>FENIX AOF-S+ VALGUSFILTER 25.4MM PEAGA TASKULAMPIDELE<\/p>\n","protected":false},"excerpt":{"rendered":"<p>Fenix Aof-s+ kr\u0101su filtri (zils, sarkans, za\u013c\u0161) ir paredz\u0113ti lieto\u0161anai ar Fenix lamp\u0101m ar galvas diametru 25,4 mm, k\u0101 ar\u012b luktur\u012b\u0161iem ar t\u0101du pa\u0161u galvas diametru no citiem ra\u017eot\u0101jiem.<\/p>\n<p>Filtri ir apr\u012bkoti ar r\u016bd\u012btu stiklu ar pretatstarojo\u0161u cie\u0146u. Filtra korpuss ir izgatavots no PC 2805 plastmasas ar lab\u0101m meh\u0101nisk\u0101m un pretnoveco\u0161an\u0101s \u012bpa\u0161\u012bb\u0101m. Viegli uzst\u0101d\u012bt uz lampas un viegli no\u0146emt.<\/p>\n<p>Filtri tiek p\u0101rdoti pa gabalu. J\u016bs varat izv\u0113l\u0113ties v\u0113lamo kr\u0101su toni no nolai\u017eam\u0101s izv\u0113lnes&#8221;kr\u0101sa&#8221;.<\/p>\n","protected":false},"featured_media":144463,"template":"","meta":{"_acf_changed":false},"product_brand":[],"product_cat":[1037],"product_tag":[],"class_list":{"0":"post-146303","1":"product","2":"type-product","3":"status-publish","4":"has-post-thumbnail","6":"product_cat-lukturisi","8":"first","9":"instock","10":"purchasable","11":"product-type-simple"},"acf":[],"_links":{"self":[{"href":"https:\/\/kingarms.ee\/lv\/wp-json\/wp\/v2\/product\/146303","targetHints":{"allow":["GET"]}}],"collection":[{"href":"https:\/\/kingarms.ee\/lv\/wp-json\/wp\/v2\/product"}],"about":[{"href":"https:\/\/kingarms.ee\/lv\/wp-json\/wp\/v2\/types\/product"}],"wp:featuredmedia":[{"embeddable":true,"href":"https:\/\/kingarms.ee\/lv\/wp-json\/wp\/v2\/media\/144463"}],"wp:attachment":[{"href":"https:\/\/kingarms.ee\/lv\/wp-json\/wp\/v2\/media?parent=146303"}],"wp:term":[{"taxonomy":"product_brand","embeddable":true,"href":"https:\/\/kingarms.ee\/lv\/wp-json\/wp\/v2\/product_brand?post=146303"},{"taxonomy":"product_cat","embeddable":true,"href":"https:\/\/kingarms.ee\/lv\/wp-json\/wp\/v2\/product_cat?post=146303"},{"taxonomy":"product_tag","embeddable":true,"href":"https:\/\/kingarms.ee\/lv\/wp-json\/wp\/v2\/product_tag?post=146303"}],"curies":[{"name":"wp","href":"https:\/\/api.w.org\/{rel}","templated":true}]}}