{"id":146308,"date":"2025-02-22T20:46:29","date_gmt":"2025-02-22T17:46:29","guid":{"rendered":"https:\/\/kingarms.ee\/product\/fenix-aot-02-reguleerija-sau-40mm-peaga-taskulampidele\/"},"modified":"2025-08-02T14:12:37","modified_gmt":"2025-08-02T11:12:37","slug":"fenix-aot-02-reguleerija-sau-40mm-peaga-taskulampidele","status":"publish","type":"product","link":"https:\/\/kingarms.ee\/lv\/product\/fenix-aot-02-reguleerija-sau-40mm-peaga-taskulampidele\/","title":{"rendered":"FENIX AOT-02 REGUL\u0112T\u0100JS SAU 40MM GALVAS LUKTUR\u012a\u0160IEM"},"content":{"rendered":"","protected":false},"excerpt":{"rendered":"<p>Fenix AOT-02 sau ir paredz\u0113ts, lai sniegtu pazi\u0146ojumus tums\u0101. Izgatavots no augstas kvalit\u0101tes temperat\u016bras un triecieniztur\u012bgas plastmasas. T\u0101 k\u0101 sau ir izgatavots no baltas plastmasas, tas ir \u012bpa\u0161i piem\u0113rots lieto\u0161anai ar lamp\u0101m, kur\u0101m papildus baltajai gaismai ir sarkana un za\u013ca sekund\u0101r\u0101 gaisma (piem\u0113ram,. Fenix TK26R). Tas vienk\u0101r\u0161o liela laukuma gaismas sign\u0101lu pieg\u0101di, mainot gaismas kr\u0101su tikai ar vienas pogas piesk\u0101rienu.<\/p>\n<p>Piem\u0113rots Fenix (un citiem ra\u017eot\u0101jiem) luktur\u012b\u0161iem ar galvas diametru 40 mm.<\/p>\n","protected":false},"featured_media":144475,"template":"","meta":{"_acf_changed":false},"product_brand":[],"product_cat":[1037],"product_tag":[],"class_list":{"0":"post-146308","1":"product","2":"type-product","3":"status-publish","4":"has-post-thumbnail","6":"product_cat-lukturisi","8":"first","9":"instock","10":"purchasable","11":"product-type-simple"},"acf":[],"_links":{"self":[{"href":"https:\/\/kingarms.ee\/lv\/wp-json\/wp\/v2\/product\/146308","targetHints":{"allow":["GET"]}}],"collection":[{"href":"https:\/\/kingarms.ee\/lv\/wp-json\/wp\/v2\/product"}],"about":[{"href":"https:\/\/kingarms.ee\/lv\/wp-json\/wp\/v2\/types\/product"}],"wp:featuredmedia":[{"embeddable":true,"href":"https:\/\/kingarms.ee\/lv\/wp-json\/wp\/v2\/media\/144475"}],"wp:attachment":[{"href":"https:\/\/kingarms.ee\/lv\/wp-json\/wp\/v2\/media?parent=146308"}],"wp:term":[{"taxonomy":"product_brand","embeddable":true,"href":"https:\/\/kingarms.ee\/lv\/wp-json\/wp\/v2\/product_brand?post=146308"},{"taxonomy":"product_cat","embeddable":true,"href":"https:\/\/kingarms.ee\/lv\/wp-json\/wp\/v2\/product_cat?post=146308"},{"taxonomy":"product_tag","embeddable":true,"href":"https:\/\/kingarms.ee\/lv\/wp-json\/wp\/v2\/product_tag?post=146308"}],"curies":[{"name":"wp","href":"https:\/\/api.w.org\/{rel}","templated":true}]}}