{"id":146323,"date":"2025-02-22T20:46:29","date_gmt":"2025-02-22T17:46:29","guid":{"rendered":"https:\/\/kingarms.ee\/product\/fenix-aot-04r-reguleerija-sau-34-40mm-peaga-taskulampidele\/"},"modified":"2025-08-02T14:14:50","modified_gmt":"2025-08-02T11:14:50","slug":"fenix-aot-04r-reguleerija-sau-34-40mm-peaga-taskulampidele","status":"publish","type":"product","link":"https:\/\/kingarms.ee\/lv\/product\/fenix-aot-04r-reguleerija-sau-34-40mm-peaga-taskulampidele\/","title":{"rendered":"FENIX AOT-04R REGUL\u0112T\u0100JS SAU 34 &#8211; 40MM GALVAS LUKTUR\u012a\u0160IEM"},"content":{"rendered":"","protected":false},"excerpt":{"rendered":"<p>FENIX AOT-04R REGUL\u0112T\u0100JS SAU 34 &#8211; 40MM GALVAS LUKTUR\u012a\u0160IEM<\/p>\n<p>Fenix AOT-04R red sau ir paredz\u0113ts pazi\u0146ojumu snieg\u0161anai tums\u0101 satiksmes regulatoru darb\u0101. Izgatavots no augstas kvalit\u0101tes m\u012bksta silikona. AOT &#8211; 04R ir Saliekams\/Saliekams, un tam ir atvere balstiek\u0101rtas siksnai. Izm\u0113ri 152mm x 43mm.<\/p>\n<p>Piem\u0113rots Fenix (un citiem ra\u017eot\u0101jiem) luktur\u012b\u0161iem ar galvas diametru 34 mm un 40 mm.<\/p>\n","protected":false},"featured_media":144487,"template":"","meta":{"_acf_changed":false},"product_brand":[],"product_cat":[1037],"product_tag":[],"class_list":{"0":"post-146323","1":"product","2":"type-product","3":"status-publish","4":"has-post-thumbnail","6":"product_cat-lukturisi","8":"first","9":"instock","10":"purchasable","11":"product-type-simple"},"acf":[],"_links":{"self":[{"href":"https:\/\/kingarms.ee\/lv\/wp-json\/wp\/v2\/product\/146323","targetHints":{"allow":["GET"]}}],"collection":[{"href":"https:\/\/kingarms.ee\/lv\/wp-json\/wp\/v2\/product"}],"about":[{"href":"https:\/\/kingarms.ee\/lv\/wp-json\/wp\/v2\/types\/product"}],"wp:featuredmedia":[{"embeddable":true,"href":"https:\/\/kingarms.ee\/lv\/wp-json\/wp\/v2\/media\/144487"}],"wp:attachment":[{"href":"https:\/\/kingarms.ee\/lv\/wp-json\/wp\/v2\/media?parent=146323"}],"wp:term":[{"taxonomy":"product_brand","embeddable":true,"href":"https:\/\/kingarms.ee\/lv\/wp-json\/wp\/v2\/product_brand?post=146323"},{"taxonomy":"product_cat","embeddable":true,"href":"https:\/\/kingarms.ee\/lv\/wp-json\/wp\/v2\/product_cat?post=146323"},{"taxonomy":"product_tag","embeddable":true,"href":"https:\/\/kingarms.ee\/lv\/wp-json\/wp\/v2\/product_tag?post=146323"}],"curies":[{"name":"wp","href":"https:\/\/api.w.org\/{rel}","templated":true}]}}