{"id":146348,"date":"2025-02-22T20:46:29","date_gmt":"2025-02-22T17:46:29","guid":{"rendered":"https:\/\/kingarms.ee\/product\/fenix-apb-20-vutlar-pealampidele-akudele-ning-tarvikutele\/"},"modified":"2025-08-02T14:18:52","modified_gmt":"2025-08-02T11:18:52","slug":"fenix-apb-20-vutlar-pealampidele-akudele-ning-tarvikutele","status":"publish","type":"product","link":"https:\/\/kingarms.ee\/lv\/product\/fenix-apb-20-vutlar-pealampidele-akudele-ning-tarvikutele\/","title":{"rendered":"FENIX APB-20 KORPUSS BATERIJU UN PIEDERUMU GALVENAJIEM LUKTURIEM"},"content":{"rendered":"","protected":false},"excerpt":{"rendered":"<p>Kompakts augstas kvalit\u0101tes r\u0101v\u0113jsl\u0113dz\u0113js baterij\u0101m, piederumiem un kompaktiem luktur\u012b\u0161iem (t.sk.galvas lampas) p\u0101rvad\u0101\u0161anai un uzglab\u0101\u0161anai. Aizsarg\u0101 pret meh\u0101niskiem boj\u0101jumiem, net\u012brumiem un mitrumu. Ra\u017eo Fenix.<\/p>\n<p>Sega ir formas uztur\u0113\u0161anas konstrukcija. Tuk\u0161ie izm\u0113ri ir 115x80x56mm<\/p>\n","protected":false},"featured_media":144523,"template":"","meta":{"_acf_changed":false},"product_brand":[],"product_cat":[1037],"product_tag":[],"class_list":{"0":"post-146348","1":"product","2":"type-product","3":"status-publish","4":"has-post-thumbnail","6":"product_cat-lukturisi","8":"first","9":"instock","10":"purchasable","11":"product-type-simple"},"acf":[],"_links":{"self":[{"href":"https:\/\/kingarms.ee\/lv\/wp-json\/wp\/v2\/product\/146348","targetHints":{"allow":["GET"]}}],"collection":[{"href":"https:\/\/kingarms.ee\/lv\/wp-json\/wp\/v2\/product"}],"about":[{"href":"https:\/\/kingarms.ee\/lv\/wp-json\/wp\/v2\/types\/product"}],"wp:featuredmedia":[{"embeddable":true,"href":"https:\/\/kingarms.ee\/lv\/wp-json\/wp\/v2\/media\/144523"}],"wp:attachment":[{"href":"https:\/\/kingarms.ee\/lv\/wp-json\/wp\/v2\/media?parent=146348"}],"wp:term":[{"taxonomy":"product_brand","embeddable":true,"href":"https:\/\/kingarms.ee\/lv\/wp-json\/wp\/v2\/product_brand?post=146348"},{"taxonomy":"product_cat","embeddable":true,"href":"https:\/\/kingarms.ee\/lv\/wp-json\/wp\/v2\/product_cat?post=146348"},{"taxonomy":"product_tag","embeddable":true,"href":"https:\/\/kingarms.ee\/lv\/wp-json\/wp\/v2\/product_tag?post=146348"}],"curies":[{"name":"wp","href":"https:\/\/api.w.org\/{rel}","templated":true}]}}