{"id":146358,"date":"2025-02-22T20:46:29","date_gmt":"2025-02-22T17:46:29","guid":{"rendered":"https:\/\/kingarms.ee\/product\/fenix-arb-l14-1100u-li-ion-aku-usb-c-otselaadimispordiga\/"},"modified":"2025-08-02T14:20:22","modified_gmt":"2025-08-02T11:20:22","slug":"fenix-arb-l14-1100u-li-ion-aku-usb-c-otselaadimispordiga","status":"publish","type":"product","link":"https:\/\/kingarms.ee\/lv\/product\/fenix-arb-l14-1100u-li-ion-aku-usb-c-otselaadimispordiga\/","title":{"rendered":"FENIX ARB-L14-1100U litija jonu akumulators (ar USB-C tie\u0161\u0101s uzl\u0101des portu)"},"content":{"rendered":"","protected":false},"excerpt":{"rendered":"<p>FENIX ARB-L14-1100U litija jonu akumulators (ar USB-C tie\u0161\u0101s uzl\u0101des portu)<\/p>\n<p>USB-C tie\u0161\u0101s uzl\u0101des akumulatoru komplekts, kas sast\u0101d\u012bts no Fenix Li-ion baterij\u0101m izmanto\u0161anai Fenix LD22 v2.0 luktur\u012b\u0161os. Nomin\u0101lais spriegums 3.6 V, Nomin\u0101l\u0101 jauda 1100mAh.<\/p>\n<p>Fenix Preces kods: ARB-L14-1100u<\/p>\n","protected":false},"featured_media":144535,"template":"","meta":{"_acf_changed":false},"product_brand":[],"product_cat":[1037],"product_tag":[],"class_list":{"0":"post-146358","1":"product","2":"type-product","3":"status-publish","4":"has-post-thumbnail","6":"product_cat-lukturisi","8":"first","9":"instock","10":"purchasable","11":"product-type-simple"},"acf":[],"_links":{"self":[{"href":"https:\/\/kingarms.ee\/lv\/wp-json\/wp\/v2\/product\/146358","targetHints":{"allow":["GET"]}}],"collection":[{"href":"https:\/\/kingarms.ee\/lv\/wp-json\/wp\/v2\/product"}],"about":[{"href":"https:\/\/kingarms.ee\/lv\/wp-json\/wp\/v2\/types\/product"}],"wp:featuredmedia":[{"embeddable":true,"href":"https:\/\/kingarms.ee\/lv\/wp-json\/wp\/v2\/media\/144535"}],"wp:attachment":[{"href":"https:\/\/kingarms.ee\/lv\/wp-json\/wp\/v2\/media?parent=146358"}],"wp:term":[{"taxonomy":"product_brand","embeddable":true,"href":"https:\/\/kingarms.ee\/lv\/wp-json\/wp\/v2\/product_brand?post=146358"},{"taxonomy":"product_cat","embeddable":true,"href":"https:\/\/kingarms.ee\/lv\/wp-json\/wp\/v2\/product_cat?post=146358"},{"taxonomy":"product_tag","embeddable":true,"href":"https:\/\/kingarms.ee\/lv\/wp-json\/wp\/v2\/product_tag?post=146358"}],"curies":[{"name":"wp","href":"https:\/\/api.w.org\/{rel}","templated":true}]}}