{"id":146368,"date":"2025-02-22T20:46:29","date_gmt":"2025-02-22T17:46:29","guid":{"rendered":"https:\/\/kingarms.ee\/product\/fenix-arb-l18-3400u-li-ion-aku-mikro-usb-otselaadimispordiga\/"},"modified":"2025-08-02T14:21:55","modified_gmt":"2025-08-02T11:21:55","slug":"fenix-arb-l18-3400u-li-ion-aku-mikro-usb-otselaadimispordiga","status":"publish","type":"product","link":"https:\/\/kingarms.ee\/lv\/product\/fenix-arb-l18-3400u-li-ion-aku-mikro-usb-otselaadimispordiga\/","title":{"rendered":"FENIX ARB-L18-3400U litija jonu akumulators (ar micro USB tie\u0161\u0101s uzl\u0101des portu)"},"content":{"rendered":"","protected":false},"excerpt":{"rendered":"<p>FENIX ARB-L18-3400u LI-ION akumulators (ar micro USB tie\u0161\u0101s uzl\u0101des portu)<\/p>\n<p>Augstas kvalit\u0101tes 18650 litija jonu akumulators ar mikro-USB uzl\u0101des portu. Aizsargmeh\u0101nisms nodro\u0161ina, ka akumulators nep\u0101rkarst vai nep\u0101rl\u0101d\u0113. Pa\u0161izl\u0101de ir samazin\u0101ta l\u012bdz minimumam, vair\u0101k nek\u0101 500 uzl\u0101des ciklu kalpo\u0161anas laiks. P\u0101rbaud\u012bts gan aukst\u0101, gan karst\u0101 vid\u0113. Nep\u0101rtraukta maksim\u0101l\u0101 slodzes pretest\u012bba 5A.<\/p>\n<p>Piem\u0113rots univers\u0101lai lieto\u0161anai luktur\u012b\u0161os, izmantojot standarta tipa 18650 litija jonu akumulatoru ar asu &#8220;+&#8221; kontaktu, kas var uz\u0146emt akumulatora garumu 70 mm.<\/p>\n<p>Fenix atsauce: ARB-L18-3400u<\/p>\n","protected":false},"featured_media":144559,"template":"","meta":{"_acf_changed":false},"product_brand":[],"product_cat":[1037],"product_tag":[],"class_list":{"0":"post-146368","1":"product","2":"type-product","3":"status-publish","4":"has-post-thumbnail","6":"product_cat-lukturisi","8":"first","9":"instock","10":"purchasable","11":"product-type-simple"},"acf":[],"_links":{"self":[{"href":"https:\/\/kingarms.ee\/lv\/wp-json\/wp\/v2\/product\/146368","targetHints":{"allow":["GET"]}}],"collection":[{"href":"https:\/\/kingarms.ee\/lv\/wp-json\/wp\/v2\/product"}],"about":[{"href":"https:\/\/kingarms.ee\/lv\/wp-json\/wp\/v2\/types\/product"}],"wp:featuredmedia":[{"embeddable":true,"href":"https:\/\/kingarms.ee\/lv\/wp-json\/wp\/v2\/media\/144559"}],"wp:attachment":[{"href":"https:\/\/kingarms.ee\/lv\/wp-json\/wp\/v2\/media?parent=146368"}],"wp:term":[{"taxonomy":"product_brand","embeddable":true,"href":"https:\/\/kingarms.ee\/lv\/wp-json\/wp\/v2\/product_brand?post=146368"},{"taxonomy":"product_cat","embeddable":true,"href":"https:\/\/kingarms.ee\/lv\/wp-json\/wp\/v2\/product_cat?post=146368"},{"taxonomy":"product_tag","embeddable":true,"href":"https:\/\/kingarms.ee\/lv\/wp-json\/wp\/v2\/product_tag?post=146368"}],"curies":[{"name":"wp","href":"https:\/\/api.w.org\/{rel}","templated":true}]}}