{"id":146388,"date":"2025-02-22T20:46:04","date_gmt":"2025-02-22T17:46:04","guid":{"rendered":"https:\/\/kingarms.ee\/product\/fenix-ab02-vooklambriga-vutlar-taskulampidele\/"},"modified":"2025-08-02T14:25:01","modified_gmt":"2025-08-02T11:25:01","slug":"fenix-ab02-vooklambriga-vutlar-taskulampidele","status":"publish","type":"product","link":"https:\/\/kingarms.ee\/lv\/product\/fenix-ab02-vooklambriga-vutlar-taskulampidele\/","title":{"rendered":"FENIX AB02 JOSTAS SASPRAUDES KORPUSS LUKTUR\u012a\u0160IEM"},"content":{"rendered":"","protected":false},"excerpt":{"rendered":"<p>Fenix AB02 ir kombin\u0113ts zibspuldzes korpuss-jostas klips. Paredz\u0113ts kompakt\u0101kiem luktur\u012b\u0161iem 1 * 18650\/2 * CR123 form\u0101t\u0101, kuru Korpusa diametrs nep\u0101rsniedz 25,4 mm (1&#8243;) un galvas diametrs nep\u0101rsniedz 34 mm. aba\u017e\u016brs ir atv\u0113rts abos galos, nodro\u0161inot iesp\u0113ju p\u0101rsl\u0113gt lampu darbam (no aizmugur\u0113j\u0101 sl\u0113d\u017ea) un izmantot. Loks ir piestiprin\u0101ts pie jostas ar sp\u0113c\u012bgu integr\u0113tu met\u0101la skavu, kas ir atv\u0113rta no apak\u0161\u0113j\u0101s da\u013cas. T\u0101d\u0113j\u0101di J\u016bs jebkur\u0101 br\u012bd\u012b varat no\u0146emt lampu no jostas kop\u0101 ar dakts un uzst\u0101d\u012bt to atpaka\u013c uz jostas, kad t\u0101 vairs nav nepiecie\u0161ama. Lampu var pagriezt par 360 gr\u0101diem attiec\u012bb\u0101 pret jostas skavu, kur t\u0101 nofiks\u0113jas 12 da\u017e\u0101d\u0101s poz\u012bcij\u0101s. T\u0101d\u0113j\u0101di ir iesp\u0113jams virz\u012bt luktura gaismas z\u012bm\u0113jumu v\u0113lamaj\u0101 virzien\u0101, neno\u0146emot to no jostas.<\/p>\n","protected":false},"featured_media":144313,"template":"","meta":{"_acf_changed":false},"product_brand":[],"product_cat":[1037],"product_tag":[],"class_list":{"0":"post-146388","1":"product","2":"type-product","3":"status-publish","4":"has-post-thumbnail","6":"product_cat-lukturisi","8":"first","9":"instock","10":"purchasable","11":"product-type-simple"},"acf":[],"_links":{"self":[{"href":"https:\/\/kingarms.ee\/lv\/wp-json\/wp\/v2\/product\/146388","targetHints":{"allow":["GET"]}}],"collection":[{"href":"https:\/\/kingarms.ee\/lv\/wp-json\/wp\/v2\/product"}],"about":[{"href":"https:\/\/kingarms.ee\/lv\/wp-json\/wp\/v2\/types\/product"}],"wp:featuredmedia":[{"embeddable":true,"href":"https:\/\/kingarms.ee\/lv\/wp-json\/wp\/v2\/media\/144313"}],"wp:attachment":[{"href":"https:\/\/kingarms.ee\/lv\/wp-json\/wp\/v2\/media?parent=146388"}],"wp:term":[{"taxonomy":"product_brand","embeddable":true,"href":"https:\/\/kingarms.ee\/lv\/wp-json\/wp\/v2\/product_brand?post=146388"},{"taxonomy":"product_cat","embeddable":true,"href":"https:\/\/kingarms.ee\/lv\/wp-json\/wp\/v2\/product_cat?post=146388"},{"taxonomy":"product_tag","embeddable":true,"href":"https:\/\/kingarms.ee\/lv\/wp-json\/wp\/v2\/product_tag?post=146388"}],"curies":[{"name":"wp","href":"https:\/\/api.w.org\/{rel}","templated":true}]}}